{"id":3482,"date":"2024-12-24T11:51:50","date_gmt":"2024-12-24T11:51:50","guid":{"rendered":"https:\/\/beta.todanelo.com\/?page_id=3482"},"modified":"2024-12-24T11:56:47","modified_gmt":"2024-12-24T11:56:47","slug":"systeme-interne-dinformations","status":"publish","type":"page","link":"https:\/\/www.todanelo.com\/fr\/systeme-interne-dinformations\/","title":{"rendered":"Syst\u00e8me interne d\u2019informations"},"content":{"rendered":"\n<p>TODA &amp; NEL-LO dispose d\u2019un Syst\u00e8me d\u2019Information Interne qui permet de signaler, dans le cadre professionnel ou au travail chez TODA &amp; NEL-LO et sous la protection de la loi, toute irr\u00e9gularit\u00e9 pouvant constituer une infraction p\u00e9nale ou administrative grave ou tr\u00e8s grave.<\/p>\n<p>Les personnes suivantes peuvent utiliser ce canal :<\/p>\n<ul>\n<li>Les employ\u00e9s et actionnaires.<\/li>\n<li>Les travailleurs ind\u00e9pendants.<\/li>\n<li>Toute personne travaillant pour ou sous la supervision et la direction de contractants, sous-traitants et fournisseurs.<\/li>\n<li>Les personnes qui communiquent des informations sur des infractions obtenues dans le cadre d\u2019une relation professionnelle ou statutaire d\u00e9j\u00e0 termin\u00e9e.<\/li>\n<li>Les b\u00e9n\u00e9voles, stagiaires et travailleurs en p\u00e9riode de formation.<\/li>\n<li>Les personnes dont la relation professionnelle n\u2019a pas encore commenc\u00e9 dans les cas o\u00f9 des informations sur des infractions ont \u00e9t\u00e9 obtenues pendant le processus de s\u00e9lection.<\/li>\n<\/ul>\n<p>Pour utiliser le Syst\u00e8me d\u2019Information Interne de TODA &amp; NEL-LO, vous pouvez acc\u00e9der au lien suivant ou utiliser l\u2019adresse email suivante :<\/p>\n<p>\u00a0<\/p>\n<p><a class=\"button\" href=\"http:\/\/centinela.lefebvre.es\/public\/concept\/1744299?access=Rdr5fynCLXFpVzYkMwhE0jhjRhcTd59sPQ6iS73VIeI%3d\" target=\"_blank\" rel=\"noopener\">Syst\u00e8me d\u2019Information Interne<\/a><\/p>\n<p>\u00a0<\/p>\n<p>Vous trouverez dans le <a href=\"http:\/\/centinela.lefebvre.es\/public\/concept\/1744299?access=Rdr5fynCLXFpVzYkMwhE0jhjRhcTd59sPQ6iS73VIeI%3d\" target=\"_blank\" rel=\"noopener\">Syst\u00e8me d\u2019Information Interne<\/a> la Politique du Syst\u00e8me d\u2019Information Interne, qui r\u00e9git les droits et garanties des informateurs.<\/p>\n<p>Le Syst\u00e8me d\u2019Information Interne n\u2019est pas un service d\u2019urgence. Les signalements effectu\u00e9s via ce canal ne recevront pas de r\u00e9ponse imm\u00e9diate.<\/p>\n<p>En cas de r\u00e9clamation commerciale, le Syst\u00e8me d\u2019Information Interne n\u2019est pas le canal officiel pour soumettre des r\u00e9clamations.<\/p>\n","protected":false},"excerpt":{"rendered":"<p>TODA &amp; NEL-LO dispose d\u2019un Syst\u00e8me d\u2019Information Interne qui permet de signaler, dans le cadre professionnel ou au travail chez TODA &amp; NEL-LO et sous la protection de la loi, &hellip;<\/p>\n","protected":false},"author":1,"featured_media":0,"parent":0,"menu_order":0,"comment_status":"closed","ping_status":"closed","template":"","meta":{"_acf_changed":false,"footnotes":""},"class_list":["post-3482","page","type-page","status-publish","hentry"],"acf":[],"yoast_head":"<!-- This site is optimized with the Yoast SEO plugin v27.2 - https:\/\/yoast.com\/product\/yoast-seo-wordpress\/ -->\n<title>Syst\u00e8me interne d\u2019informations - Toda &amp; Nel-lo Abogados<\/title>\n<meta name=\"description\" content=\"TODA &amp; NEL-LO dispose d\u2019un Syst\u00e8me d\u2019Information Interne qui permet de signaler, dans le cadre professionnel ou au travail chez TODA &amp; NEL-LO et\" \/>\n<meta name=\"robots\" content=\"index, follow, max-snippet:-1, max-image-preview:large, max-video-preview:-1\" \/>\n<link rel=\"canonical\" href=\"https:\/\/www.todanelo.com\/fr\/systeme-interne-dinformations\/\" \/>\n<meta property=\"og:locale\" content=\"fr_FR\" \/>\n<meta property=\"og:type\" content=\"article\" \/>\n<meta property=\"og:title\" content=\"Syst\u00e8me interne d\u2019informations - Toda &amp; Nel-lo Abogados\" \/>\n<meta property=\"og:description\" content=\"TODA &amp; NEL-LO dispose d\u2019un Syst\u00e8me d\u2019Information Interne qui permet de signaler, dans le cadre professionnel ou au travail chez TODA &amp; NEL-LO et\" \/>\n<meta property=\"og:url\" content=\"https:\/\/www.todanelo.com\/fr\/systeme-interne-dinformations\/\" \/>\n<meta property=\"og:site_name\" content=\"Toda &amp; Nel-lo Abogados\" \/>\n<meta property=\"article:modified_time\" content=\"2024-12-24T11:56:47+00:00\" \/>\n<meta name=\"twitter:card\" content=\"summary_large_image\" \/>\n<script type=\"application\/ld+json\" class=\"yoast-schema-graph\">{\"@context\":\"https:\/\/schema.org\",\"@graph\":[{\"@type\":\"WebPage\",\"@id\":\"https:\/\/www.todanelo.com\/fr\/systeme-interne-dinformations\/\",\"url\":\"https:\/\/www.todanelo.com\/fr\/systeme-interne-dinformations\/\",\"name\":\"Syst\u00e8me interne d\u2019informations - Toda &amp; Nel-lo Abogados\",\"isPartOf\":{\"@id\":\"https:\/\/www.todanelo.com\/fr\/#website\"},\"datePublished\":\"2024-12-24T11:51:50+00:00\",\"dateModified\":\"2024-12-24T11:56:47+00:00\",\"description\":\"TODA &amp; NEL-LO dispose d\u2019un Syst\u00e8me d\u2019Information Interne qui permet de signaler, dans le cadre professionnel ou au travail chez TODA &amp; NEL-LO et\",\"breadcrumb\":{\"@id\":\"https:\/\/www.todanelo.com\/fr\/systeme-interne-dinformations\/#breadcrumb\"},\"inLanguage\":\"fr-FR\",\"potentialAction\":[{\"@type\":\"ReadAction\",\"target\":[\"https:\/\/www.todanelo.com\/fr\/systeme-interne-dinformations\/\"]}]},{\"@type\":\"BreadcrumbList\",\"@id\":\"https:\/\/www.todanelo.com\/fr\/systeme-interne-dinformations\/#breadcrumb\",\"itemListElement\":[{\"@type\":\"ListItem\",\"position\":1,\"name\":\"Inicio\",\"item\":\"https:\/\/www.todanelo.com\/fr\/\"},{\"@type\":\"ListItem\",\"position\":2,\"name\":\"Syst\u00e8me interne d\u2019informations\"}]},{\"@type\":\"WebSite\",\"@id\":\"https:\/\/www.todanelo.com\/fr\/#website\",\"url\":\"https:\/\/www.todanelo.com\/fr\/\",\"name\":\"Toda &amp; Nel-lo Abogados\",\"description\":\"Bureaux juridiques \u00e0 Barcelone et \u00e0 Madrid\",\"publisher\":{\"@id\":\"https:\/\/www.todanelo.com\/fr\/#organization\"},\"potentialAction\":[{\"@type\":\"SearchAction\",\"target\":{\"@type\":\"EntryPoint\",\"urlTemplate\":\"https:\/\/www.todanelo.com\/fr\/?s={search_term_string}\"},\"query-input\":{\"@type\":\"PropertyValueSpecification\",\"valueRequired\":true,\"valueName\":\"search_term_string\"}}],\"inLanguage\":\"fr-FR\"},{\"@type\":\"Organization\",\"@id\":\"https:\/\/www.todanelo.com\/fr\/#organization\",\"name\":\"Toda &amp; Nel-lo Abogados\",\"url\":\"https:\/\/www.todanelo.com\/fr\/\",\"logo\":{\"@type\":\"ImageObject\",\"inLanguage\":\"fr-FR\",\"@id\":\"https:\/\/www.todanelo.com\/fr\/#\/schema\/logo\/image\/\",\"url\":\"https:\/\/www.todanelo.com\/wp-content\/uploads\/logo-todanelo.png\",\"contentUrl\":\"https:\/\/www.todanelo.com\/wp-content\/uploads\/logo-todanelo.png\",\"width\":390,\"height\":161,\"caption\":\"Toda &amp; Nel-lo Abogados\"},\"image\":{\"@id\":\"https:\/\/www.todanelo.com\/fr\/#\/schema\/logo\/image\/\"}}]}<\/script>\n<!-- \/ Yoast SEO plugin. -->","yoast_head_json":{"title":"Syst\u00e8me interne d\u2019informations - Toda &amp; Nel-lo Abogados","description":"TODA &amp; NEL-LO dispose d\u2019un Syst\u00e8me d\u2019Information Interne qui permet de signaler, dans le cadre professionnel ou au travail chez TODA &amp; NEL-LO et","robots":{"index":"index","follow":"follow","max-snippet":"max-snippet:-1","max-image-preview":"max-image-preview:large","max-video-preview":"max-video-preview:-1"},"canonical":"https:\/\/www.todanelo.com\/fr\/systeme-interne-dinformations\/","og_locale":"fr_FR","og_type":"article","og_title":"Syst\u00e8me interne d\u2019informations - Toda &amp; Nel-lo Abogados","og_description":"TODA &amp; NEL-LO dispose d\u2019un Syst\u00e8me d\u2019Information Interne qui permet de signaler, dans le cadre professionnel ou au travail chez TODA &amp; NEL-LO et","og_url":"https:\/\/www.todanelo.com\/fr\/systeme-interne-dinformations\/","og_site_name":"Toda &amp; Nel-lo Abogados","article_modified_time":"2024-12-24T11:56:47+00:00","twitter_card":"summary_large_image","schema":{"@context":"https:\/\/schema.org","@graph":[{"@type":"WebPage","@id":"https:\/\/www.todanelo.com\/fr\/systeme-interne-dinformations\/","url":"https:\/\/www.todanelo.com\/fr\/systeme-interne-dinformations\/","name":"Syst\u00e8me interne d\u2019informations - Toda &amp; Nel-lo Abogados","isPartOf":{"@id":"https:\/\/www.todanelo.com\/fr\/#website"},"datePublished":"2024-12-24T11:51:50+00:00","dateModified":"2024-12-24T11:56:47+00:00","description":"TODA &amp; NEL-LO dispose d\u2019un Syst\u00e8me d\u2019Information Interne qui permet de signaler, dans le cadre professionnel ou au travail chez TODA &amp; NEL-LO et","breadcrumb":{"@id":"https:\/\/www.todanelo.com\/fr\/systeme-interne-dinformations\/#breadcrumb"},"inLanguage":"fr-FR","potentialAction":[{"@type":"ReadAction","target":["https:\/\/www.todanelo.com\/fr\/systeme-interne-dinformations\/"]}]},{"@type":"BreadcrumbList","@id":"https:\/\/www.todanelo.com\/fr\/systeme-interne-dinformations\/#breadcrumb","itemListElement":[{"@type":"ListItem","position":1,"name":"Inicio","item":"https:\/\/www.todanelo.com\/fr\/"},{"@type":"ListItem","position":2,"name":"Syst\u00e8me interne d\u2019informations"}]},{"@type":"WebSite","@id":"https:\/\/www.todanelo.com\/fr\/#website","url":"https:\/\/www.todanelo.com\/fr\/","name":"Toda &amp; Nel-lo Abogados","description":"Bureaux juridiques \u00e0 Barcelone et \u00e0 Madrid","publisher":{"@id":"https:\/\/www.todanelo.com\/fr\/#organization"},"potentialAction":[{"@type":"SearchAction","target":{"@type":"EntryPoint","urlTemplate":"https:\/\/www.todanelo.com\/fr\/?s={search_term_string}"},"query-input":{"@type":"PropertyValueSpecification","valueRequired":true,"valueName":"search_term_string"}}],"inLanguage":"fr-FR"},{"@type":"Organization","@id":"https:\/\/www.todanelo.com\/fr\/#organization","name":"Toda &amp; Nel-lo Abogados","url":"https:\/\/www.todanelo.com\/fr\/","logo":{"@type":"ImageObject","inLanguage":"fr-FR","@id":"https:\/\/www.todanelo.com\/fr\/#\/schema\/logo\/image\/","url":"https:\/\/www.todanelo.com\/wp-content\/uploads\/logo-todanelo.png","contentUrl":"https:\/\/www.todanelo.com\/wp-content\/uploads\/logo-todanelo.png","width":390,"height":161,"caption":"Toda &amp; Nel-lo Abogados"},"image":{"@id":"https:\/\/www.todanelo.com\/fr\/#\/schema\/logo\/image\/"}}]}},"_links":{"self":[{"href":"https:\/\/www.todanelo.com\/fr\/wp-json\/wp\/v2\/pages\/3482","targetHints":{"allow":["GET"]}}],"collection":[{"href":"https:\/\/www.todanelo.com\/fr\/wp-json\/wp\/v2\/pages"}],"about":[{"href":"https:\/\/www.todanelo.com\/fr\/wp-json\/wp\/v2\/types\/page"}],"author":[{"embeddable":true,"href":"https:\/\/www.todanelo.com\/fr\/wp-json\/wp\/v2\/users\/1"}],"replies":[{"embeddable":true,"href":"https:\/\/www.todanelo.com\/fr\/wp-json\/wp\/v2\/comments?post=3482"}],"version-history":[{"count":0,"href":"https:\/\/www.todanelo.com\/fr\/wp-json\/wp\/v2\/pages\/3482\/revisions"}],"wp:attachment":[{"href":"https:\/\/www.todanelo.com\/fr\/wp-json\/wp\/v2\/media?parent=3482"}],"curies":[{"name":"wp","href":"https:\/\/api.w.org\/{rel}","templated":true}]}}