{"id":3464,"date":"2022-03-30T09:27:15","date_gmt":"2022-03-30T09:27:15","guid":{"rendered":"https:\/\/beta.todanelo.com\/?page_id=3464"},"modified":"2024-12-24T11:49:52","modified_gmt":"2024-12-24T11:49:52","slug":"politique-de-confidentialite-et-de-communication-dinformations","status":"publish","type":"page","link":"https:\/\/www.todanelo.com\/fr\/politique-de-confidentialite-et-de-communication-dinformations\/","title":{"rendered":"Politique de confidentialit\u00e9 et de communication d\u2019informations"},"content":{"rendered":"\n<p dir=\"ltr\">IURISDIAGONAL, S.L.P. respecte la l\u00e9gislation en vigueur en mati\u00e8re de protection des donn\u00e9es personnelles, la confidentialit\u00e9 des utilisateurs et le secret et la s\u00e9curit\u00e9 des donn\u00e9es, conform\u00e9ment aux dispositions de la l\u00e9gislation applicable en mati\u00e8re de protection des donn\u00e9es, et applique les mesures techniques et organisationnelles appropri\u00e9es afin de garantir et de pouvoir d\u00e9montrer que le traitement des donn\u00e9es dont IURISDIAGONAL, S.L.P. est responsable respecte les r\u00e9glementations susmentionn\u00e9es.<\/p>\n<p dir=\"ltr\">Le but de cette Politique de confidentialit\u00e9 est de fournir des informations sur l&rsquo;utilisation que IURISDIAGONAL, S.L.P. fait des donn\u00e9es personnelles que l&rsquo;Utilisateur fournit lors de l&rsquo;acc\u00e8s et de la navigation sur son site Web. Les donn\u00e9es personnelles ne seront obtenues que par IURISDIAGONAL, S.L.P. pour leur traitement, lorsqu&rsquo;elles sont ad\u00e9quates, pertinentes et non excessives quant \u00e0 la port\u00e9e et aux finalit\u00e9s d\u00e9termin\u00e9es, explicites et l\u00e9gitimes pour lesquelles elles ont \u00e9t\u00e9 obtenues.<\/p>\n<p dir=\"ltr\">Par cons\u00e9quent, IURISDIAGONAL, S.L.P. informe les utilisateurs des principaux points concernant sa politique de confidentialit\u00e9 et d&rsquo;acc\u00e8s aux donn\u00e9es personnelles :<\/p>\n<p dir=\"ltr\">\u00a0<\/p>\n<p dir=\"ltr\"><strong>1. COORDONN\u00c9ES DU RESPONSABLE<\/strong><\/p>\n<p dir=\"ltr\">IURISDIAGONAL, S.L.P. soci\u00e9t\u00e9 sise Avda. Diagonal 520, 5\u00ba, 2\u00aa, 08006 Barcelona et num\u00e9ro de t\u00e9l\u00e9phone + 34 93 363 40 00 (ci-apr\u00e8s d\u00e9nomm\u00e9e, IURISDIAGONAL ou TODA NEL-LO est Responsable de ce site Web <a href=\"https:\/\/www.todanelo.com\/\">https:\/\/www.todanelo.com\/<\/a>, (ci-apr\u00e8s d\u00e9nomm\u00e9 le Web) et du traitement des donn\u00e9es personnelles que l&rsquo;Utilisateur fournit \u00e0 travers lui. L&rsquo;Utilisateur peut \u00e9galement contacter le Responsable du traitement des donn\u00e9es \u00e0 l&rsquo;adresse e-mail suivante : <a href=\"mailto:protecciondedatos@todanelo.com\">protecciondedatos@todanelo.com<\/a>.<\/p>\n<p dir=\"ltr\">\u00a0<\/p>\n<p dir=\"ltr\"><strong>2. INFORMATION ET L\u00c9GITIMATION DU TRAITEMENT<\/strong><\/p>\n<p dir=\"ltr\"><strong>La base juridique<\/strong> du traitement des donn\u00e9es personnelles est bas\u00e9e sur :<\/p>\n<ul>\n<li dir=\"ltr\" aria-level=\"1\">\n<p dir=\"ltr\" role=\"presentation\"><strong>Consentement de l\u2019int\u00e9ress\u00e9 :<\/strong>\u00a0le consentement expr\u00e8s des utilisateurs abonn\u00e9s pour l&rsquo;envoi de circulaires et d&rsquo;informations l\u00e9gales ou sur les activit\u00e9s li\u00e9es \u00e0 la prestation de services de TODA NEL-LO.<\/p>\n<\/li>\n<li dir=\"ltr\" aria-level=\"1\">\n<p dir=\"ltr\" role=\"presentation\"><strong>Ex\u00e9cution d&rsquo;un contrat :<\/strong>\u00a0les donn\u00e9es personnelles des clients de TODA NEL-LO sont n\u00e9cessaires \u00e0 l&rsquo;ex\u00e9cution du contrat de prestation de services.<\/p>\n<\/li>\n<li dir=\"ltr\" aria-level=\"1\">\n<p dir=\"ltr\" role=\"presentation\"><strong>Consentement et int\u00e9r\u00eat l\u00e9gitime :<\/strong>\u00a0en cas d&rsquo;envoi d&rsquo;informations juridiques actuelles par le biais de la NEWSLETTER ou d&rsquo;autres moyens tels que le courrier \u00e9lectronique et\/ou des moyens \u00e9quivalents.<\/p>\n<\/li>\n<li dir=\"ltr\" aria-level=\"1\">\n<p dir=\"ltr\" role=\"presentation\"><strong>La n\u00e9cessit\u00e9 du traitement pour l&rsquo;application de mesures pr\u00e9contractuelles ou dans le cadre de l&rsquo;intention de conclure un contrat dont le candidat fait partie, le consentement expr\u00e8s et le respect d&rsquo;une obligation l\u00e9gale :<\/strong> dans le cas des processus de recrutement de professionnels.<\/p>\n<\/li>\n<\/ul>\n<p dir=\"ltr\"><strong>Le type de donn\u00e9es<\/strong> que TODA NEL-LO collecte et traite des Utilisateurs sur le Web correspond aux donn\u00e9es personnelles d&rsquo;identification ou de contact et celles incluses dans les curriculums vitae, fournis par : les abonn\u00e9s \u00e0 la Newsletter de TODA NEL-LO, pour la participation pr\u00e9alable \u00e0 l&rsquo;inscription \u00e0 des \u00e9v\u00e9nements ou activit\u00e9s organis\u00e9es par TODA NEL-LO, pour toute consultation et\/ou suggestion des utilisateurs, ou pour la participation \u00e0 des processus de recrutement de professionnels.<\/p>\n<p dir=\"ltr\">Toutes les donn\u00e9es requises dans les formulaires Web (les champs marqu\u00e9s d&rsquo;un ast\u00e9risque) sont n\u00e9cessaires pour que TODA NEL-LO les g\u00e8re aux fins indiqu\u00e9es dans chaque cas. L&rsquo;absence de l&rsquo;une de ces donn\u00e9es emp\u00eachera TODA NEL-LO de s&rsquo;en occuper. Dans tous les cas, l&rsquo;Utilisateur est responsable de la v\u00e9racit\u00e9 des donn\u00e9es fournies et s&rsquo;engage \u00e0 informer TODA NEL-LO de tout changement pouvant se produire, TODA NEL-LO se r\u00e9servant le droit de rejeter les communications qui ont fourni des donn\u00e9es fausses ou inexactes.<\/p>\n<p dir=\"ltr\"><strong>Les finalit\u00e9s du traitement<\/strong> des donn\u00e9es par TODA NEL-LO sont de :<\/p>\n<ol>\n<li dir=\"ltr\" aria-level=\"1\">\n<p dir=\"ltr\" role=\"presentation\">G\u00e9rer les consultations faites via le site Web par les utilisateurs,<\/p>\n<\/li>\n<li dir=\"ltr\" aria-level=\"1\">\n<p dir=\"ltr\" role=\"presentation\">Entretenir la relation avec les clients,<\/p>\n<\/li>\n<li dir=\"ltr\" aria-level=\"1\">\n<p dir=\"ltr\" role=\"presentation\">Envoyer des circulaires d\u2019information, ainsi que des informations juridiques actuelles par le biais de la Newsletter ou d&rsquo;autres moyens tels que le courrier \u00e9lectronique et\/ou des moyens \u00e9quivalents.<\/p>\n<\/li>\n<li dir=\"ltr\" aria-level=\"1\">\n<p dir=\"ltr\" role=\"presentation\">G\u00e9rer des \u00e9v\u00e9nements organis\u00e9s par TODA NEL-LO,<\/p>\n<\/li>\n<li dir=\"ltr\" aria-level=\"1\">\n<p dir=\"ltr\" role=\"presentation\">G\u00e9rer des processus de recrutement de professionnels.<\/p>\n<\/li>\n<\/ol>\n<p dir=\"ltr\"><strong>Crit\u00e8res de conservation des donn\u00e9es :<\/strong> les donn\u00e9es seront conserv\u00e9es pendant la dur\u00e9e strictement n\u00e9cessaire au maintien de la finalit\u00e9 du traitement, sans pr\u00e9judice de leur conservation pour les mettre \u00e0 disposition des autorit\u00e9s comp\u00e9tentes ou pour faire face \u00e0 d&rsquo;\u00e9ventuelles r\u00e9clamations, auquel cas les donn\u00e9es seront bloqu\u00e9es jusqu&rsquo;\u00e0 l&rsquo;expiration des d\u00e9lais de prescription, date \u00e0 laquelle elles seront \u00e9limin\u00e9es avec les mesures de s\u00e9curit\u00e9 appropri\u00e9es.<\/p>\n<p dir=\"ltr\"><strong>Dans le traitement des donn\u00e9es<\/strong> personnelles pour la gestion des processus de recrutement de professionnels, la p\u00e9riode de conservation sera la dur\u00e9e du processus de recrutement, sauf si le candidat a donn\u00e9 son consentement pour qu\u2019elles soient conserv\u00e9es pour de futurs processus de recrutement, auquel cas la p\u00e9riode sera de 24 mois.<\/p>\n<p dir=\"ltr\">Destinataires des donn\u00e9es :\u00a0TODA NEL-LO ne communiquera pas les donn\u00e9es fournies par les Utilisateurs \u00e0 des tiers, sauf avec le consentement pr\u00e9alable de ces derniers ou si cela s\u2019av\u00e8re n\u00e9cessaire par imp\u00e9ratif l\u00e9gal, ou bien si le fournisseur est un d\u00e9l\u00e9gu\u00e9 du traitement de TODA NEL-LO.<\/p>\n<p dir=\"ltr\">TODA NEL-LO maintiendra la confidentialit\u00e9 desdites donn\u00e9es, ainsi que les mesures de s\u00e9curit\u00e9 l\u00e9galement requises conform\u00e9ment \u00e0 leur nature, et ne sera pas soumise \u00e0 des d\u00e9cisions automatis\u00e9es. TODA NEL-LO ne cr\u00e9e pas de profils.<\/p>\n<p dir=\"ltr\">\u00a0<\/p>\n<p dir=\"ltr\"><strong>3. DROITS DES UTILISATEURS<\/strong><\/p>\n<p dir=\"ltr\">Nous vous informons que vous pouvez exercer les droits suivants :<\/p>\n<ol>\n<li dir=\"ltr\" aria-level=\"1\">\n<p dir=\"ltr\" role=\"presentation\">Droit de retirer votre consentement \u00e0 tout moment, sans affecter la l\u00e9galit\u00e9 du traitement fond\u00e9 sur le consentement avant son retrait.<\/p>\n<\/li>\n<li dir=\"ltr\" aria-level=\"1\">\n<p dir=\"ltr\" role=\"presentation\">Droit d&rsquo;acc\u00e8s, de rectification, de portabilit\u00e9 et de suppression de vos donn\u00e9es et de limitation ou d&rsquo;opposition \u00e0 leur traitement.<\/p>\n<\/li>\n<li dir=\"ltr\" aria-level=\"1\">\n<p dir=\"ltr\" role=\"presentation\">Droit de d\u00e9poser une r\u00e9clamation aupr\u00e8s de l&rsquo;autorit\u00e9 de contr\u00f4le (<a href=\"http:\/\/www.agpd.es\/\">www.agpd.es<\/a>) si vous consid\u00e9rez que le traitement n&rsquo;est pas conforme \u00e0 la r\u00e9glementation en vigueur.<\/p>\n<\/li>\n<\/ol>\n<p dir=\"ltr\">Vous pouvez exercer vos droits \u00e0 tout moment et gratuitement en vous adressant personnellement ou par courrier, accompagn\u00e9 dans tous les cas d&rsquo;une copie de votre pi\u00e8ce d&rsquo;identit\u00e9 nationale ou d&rsquo;un document \u00e9quivalent prouvant votre identit\u00e9, \u00e0 IURISDIAGONAL, S.L.P., Av. Diagonal n\u00b0 520, 5\u00ba 2\u00aa (08006 Barcelone), ou par courrier \u00e9lectronique \u00e0 <a href=\"mailto:protecciondedatos@todanelo.com\">protecciondedatos@todanelo.com<\/a>.<\/p>\n<p dir=\"ltr\">De m\u00eame, si l&rsquo;Utilisateur souhaite poser une question concernant le traitement de ses donn\u00e9es personnelles sur ce Site Web, il pourra \u00e9galement contacter les adresses susmentionn\u00e9es pour exercer les droits des utilisateurs.<\/p>\n<p dir=\"ltr\">\u00a0<\/p>\n<p dir=\"ltr\"><strong>4. CONFIDENTIALIT\u00c9 ET S\u00c9CURIT\u00c9 DU TRAITEMENT<\/strong><\/p>\n<p dir=\"ltr\">Les donn\u00e9es personnelles sont trait\u00e9es par IURISDIAGONAL, S.L.P avec la plus grande r\u00e9serve, confidentialit\u00e9 et s\u00e9curit\u00e9, en mettant en place les moyens techniques et organisationnels \u00e0 sa disposition pour \u00e9viter la perte, l&rsquo;utilisation abusive, l&rsquo;alt\u00e9ration, l&rsquo;acc\u00e8s non autoris\u00e9 ou la copie des donn\u00e9es personnelles fournies sur ce site Web.<\/p>\n<p dir=\"ltr\">\u00a0<\/p>\n<p dir=\"ltr\"><strong>5. MODIFICATIONS DE LA POLITIQUE DE CONFIDENTIALIT\u00c9<\/strong><\/p>\n<p dir=\"ltr\">IURISDIAGONAL, S.L.P. se r\u00e9serve le droit de modifier \u00e0 tout moment les pr\u00e9sentes conditions de sa Politique de confidentialit\u00e9 conform\u00e9ment \u00e0 la l\u00e9gislation applicable. Toute modification sera incluse dans ces conditions et publi\u00e9e sur le Web auquel tous les Utilisateurs auront acc\u00e8s.<\/p>\n<div>\u00a0<\/div>\n","protected":false},"excerpt":{"rendered":"<p>IURISDIAGONAL, S.L.P. respecte la l\u00e9gislation en vigueur en mati\u00e8re de protection des donn\u00e9es personnelles, la confidentialit\u00e9 des utilisateurs et le secret et la s\u00e9curit\u00e9 des donn\u00e9es, conform\u00e9ment aux dispositions de &hellip;<\/p>\n","protected":false},"author":1,"featured_media":0,"parent":0,"menu_order":0,"comment_status":"closed","ping_status":"open","template":"","meta":{"_acf_changed":false,"footnotes":""},"class_list":["post-3464","page","type-page","status-publish","hentry"],"acf":[],"yoast_head":"<!-- This site is optimized with the Yoast SEO plugin v27.2 - https:\/\/yoast.com\/product\/yoast-seo-wordpress\/ -->\n<title>Politique de confidentialit\u00e9 et de communication d\u2019informations - Toda &amp; Nel-lo Abogados<\/title>\n<meta name=\"description\" content=\"IURISDIAGONAL, S.L.P. respecte la l\u00e9gislation en vigueur en mati\u00e8re de protection des donn\u00e9es personnelles, la confidentialit\u00e9 des utilisateurs et le\" \/>\n<meta name=\"robots\" content=\"index, follow, max-snippet:-1, max-image-preview:large, max-video-preview:-1\" \/>\n<link rel=\"canonical\" href=\"https:\/\/www.todanelo.com\/fr\/politique-de-confidentialite-et-de-communication-dinformations\/\" \/>\n<meta property=\"og:locale\" content=\"fr_FR\" \/>\n<meta property=\"og:type\" content=\"article\" \/>\n<meta property=\"og:title\" content=\"Politique de confidentialit\u00e9 et de communication d\u2019informations - Toda &amp; Nel-lo Abogados\" \/>\n<meta property=\"og:description\" content=\"IURISDIAGONAL, S.L.P. respecte la l\u00e9gislation en vigueur en mati\u00e8re de protection des donn\u00e9es personnelles, la confidentialit\u00e9 des utilisateurs et le\" \/>\n<meta property=\"og:url\" content=\"https:\/\/www.todanelo.com\/fr\/politique-de-confidentialite-et-de-communication-dinformations\/\" \/>\n<meta property=\"og:site_name\" content=\"Toda &amp; Nel-lo Abogados\" \/>\n<meta property=\"article:modified_time\" content=\"2024-12-24T11:49:52+00:00\" \/>\n<meta name=\"twitter:card\" content=\"summary_large_image\" \/>\n<meta name=\"twitter:label1\" content=\"Dur\u00e9e de lecture estim\u00e9e\" \/>\n\t<meta name=\"twitter:data1\" content=\"5 minutes\" \/>\n<script type=\"application\/ld+json\" class=\"yoast-schema-graph\">{\"@context\":\"https:\/\/schema.org\",\"@graph\":[{\"@type\":\"WebPage\",\"@id\":\"https:\/\/www.todanelo.com\/fr\/politique-de-confidentialite-et-de-communication-dinformations\/\",\"url\":\"https:\/\/www.todanelo.com\/fr\/politique-de-confidentialite-et-de-communication-dinformations\/\",\"name\":\"Politique de confidentialit\u00e9 et de communication d\u2019informations - Toda &amp; Nel-lo Abogados\",\"isPartOf\":{\"@id\":\"https:\/\/www.todanelo.com\/fr\/#website\"},\"datePublished\":\"2022-03-30T09:27:15+00:00\",\"dateModified\":\"2024-12-24T11:49:52+00:00\",\"description\":\"IURISDIAGONAL, S.L.P. respecte la l\u00e9gislation en vigueur en mati\u00e8re de protection des donn\u00e9es personnelles, la confidentialit\u00e9 des utilisateurs et le\",\"breadcrumb\":{\"@id\":\"https:\/\/www.todanelo.com\/fr\/politique-de-confidentialite-et-de-communication-dinformations\/#breadcrumb\"},\"inLanguage\":\"fr-FR\",\"potentialAction\":[{\"@type\":\"ReadAction\",\"target\":[\"https:\/\/www.todanelo.com\/fr\/politique-de-confidentialite-et-de-communication-dinformations\/\"]}]},{\"@type\":\"BreadcrumbList\",\"@id\":\"https:\/\/www.todanelo.com\/fr\/politique-de-confidentialite-et-de-communication-dinformations\/#breadcrumb\",\"itemListElement\":[{\"@type\":\"ListItem\",\"position\":1,\"name\":\"Inicio\",\"item\":\"https:\/\/www.todanelo.com\/fr\/\"},{\"@type\":\"ListItem\",\"position\":2,\"name\":\"Politique de confidentialit\u00e9 et de communication d\u2019informations\"}]},{\"@type\":\"WebSite\",\"@id\":\"https:\/\/www.todanelo.com\/fr\/#website\",\"url\":\"https:\/\/www.todanelo.com\/fr\/\",\"name\":\"Toda &amp; Nel-lo Abogados\",\"description\":\"Bureaux juridiques \u00e0 Barcelone et \u00e0 Madrid\",\"publisher\":{\"@id\":\"https:\/\/www.todanelo.com\/fr\/#organization\"},\"potentialAction\":[{\"@type\":\"SearchAction\",\"target\":{\"@type\":\"EntryPoint\",\"urlTemplate\":\"https:\/\/www.todanelo.com\/fr\/?s={search_term_string}\"},\"query-input\":{\"@type\":\"PropertyValueSpecification\",\"valueRequired\":true,\"valueName\":\"search_term_string\"}}],\"inLanguage\":\"fr-FR\"},{\"@type\":\"Organization\",\"@id\":\"https:\/\/www.todanelo.com\/fr\/#organization\",\"name\":\"Toda &amp; Nel-lo Abogados\",\"url\":\"https:\/\/www.todanelo.com\/fr\/\",\"logo\":{\"@type\":\"ImageObject\",\"inLanguage\":\"fr-FR\",\"@id\":\"https:\/\/www.todanelo.com\/fr\/#\/schema\/logo\/image\/\",\"url\":\"https:\/\/www.todanelo.com\/wp-content\/uploads\/logo-todanelo.png\",\"contentUrl\":\"https:\/\/www.todanelo.com\/wp-content\/uploads\/logo-todanelo.png\",\"width\":390,\"height\":161,\"caption\":\"Toda &amp; Nel-lo Abogados\"},\"image\":{\"@id\":\"https:\/\/www.todanelo.com\/fr\/#\/schema\/logo\/image\/\"}}]}<\/script>\n<!-- \/ Yoast SEO plugin. -->","yoast_head_json":{"title":"Politique de confidentialit\u00e9 et de communication d\u2019informations - Toda &amp; Nel-lo Abogados","description":"IURISDIAGONAL, S.L.P. respecte la l\u00e9gislation en vigueur en mati\u00e8re de protection des donn\u00e9es personnelles, la confidentialit\u00e9 des utilisateurs et le","robots":{"index":"index","follow":"follow","max-snippet":"max-snippet:-1","max-image-preview":"max-image-preview:large","max-video-preview":"max-video-preview:-1"},"canonical":"https:\/\/www.todanelo.com\/fr\/politique-de-confidentialite-et-de-communication-dinformations\/","og_locale":"fr_FR","og_type":"article","og_title":"Politique de confidentialit\u00e9 et de communication d\u2019informations - Toda &amp; Nel-lo Abogados","og_description":"IURISDIAGONAL, S.L.P. respecte la l\u00e9gislation en vigueur en mati\u00e8re de protection des donn\u00e9es personnelles, la confidentialit\u00e9 des utilisateurs et le","og_url":"https:\/\/www.todanelo.com\/fr\/politique-de-confidentialite-et-de-communication-dinformations\/","og_site_name":"Toda &amp; Nel-lo Abogados","article_modified_time":"2024-12-24T11:49:52+00:00","twitter_card":"summary_large_image","twitter_misc":{"Dur\u00e9e de lecture estim\u00e9e":"5 minutes"},"schema":{"@context":"https:\/\/schema.org","@graph":[{"@type":"WebPage","@id":"https:\/\/www.todanelo.com\/fr\/politique-de-confidentialite-et-de-communication-dinformations\/","url":"https:\/\/www.todanelo.com\/fr\/politique-de-confidentialite-et-de-communication-dinformations\/","name":"Politique de confidentialit\u00e9 et de communication d\u2019informations - Toda &amp; Nel-lo Abogados","isPartOf":{"@id":"https:\/\/www.todanelo.com\/fr\/#website"},"datePublished":"2022-03-30T09:27:15+00:00","dateModified":"2024-12-24T11:49:52+00:00","description":"IURISDIAGONAL, S.L.P. respecte la l\u00e9gislation en vigueur en mati\u00e8re de protection des donn\u00e9es personnelles, la confidentialit\u00e9 des utilisateurs et le","breadcrumb":{"@id":"https:\/\/www.todanelo.com\/fr\/politique-de-confidentialite-et-de-communication-dinformations\/#breadcrumb"},"inLanguage":"fr-FR","potentialAction":[{"@type":"ReadAction","target":["https:\/\/www.todanelo.com\/fr\/politique-de-confidentialite-et-de-communication-dinformations\/"]}]},{"@type":"BreadcrumbList","@id":"https:\/\/www.todanelo.com\/fr\/politique-de-confidentialite-et-de-communication-dinformations\/#breadcrumb","itemListElement":[{"@type":"ListItem","position":1,"name":"Inicio","item":"https:\/\/www.todanelo.com\/fr\/"},{"@type":"ListItem","position":2,"name":"Politique de confidentialit\u00e9 et de communication d\u2019informations"}]},{"@type":"WebSite","@id":"https:\/\/www.todanelo.com\/fr\/#website","url":"https:\/\/www.todanelo.com\/fr\/","name":"Toda &amp; Nel-lo Abogados","description":"Bureaux juridiques \u00e0 Barcelone et \u00e0 Madrid","publisher":{"@id":"https:\/\/www.todanelo.com\/fr\/#organization"},"potentialAction":[{"@type":"SearchAction","target":{"@type":"EntryPoint","urlTemplate":"https:\/\/www.todanelo.com\/fr\/?s={search_term_string}"},"query-input":{"@type":"PropertyValueSpecification","valueRequired":true,"valueName":"search_term_string"}}],"inLanguage":"fr-FR"},{"@type":"Organization","@id":"https:\/\/www.todanelo.com\/fr\/#organization","name":"Toda &amp; Nel-lo Abogados","url":"https:\/\/www.todanelo.com\/fr\/","logo":{"@type":"ImageObject","inLanguage":"fr-FR","@id":"https:\/\/www.todanelo.com\/fr\/#\/schema\/logo\/image\/","url":"https:\/\/www.todanelo.com\/wp-content\/uploads\/logo-todanelo.png","contentUrl":"https:\/\/www.todanelo.com\/wp-content\/uploads\/logo-todanelo.png","width":390,"height":161,"caption":"Toda &amp; Nel-lo Abogados"},"image":{"@id":"https:\/\/www.todanelo.com\/fr\/#\/schema\/logo\/image\/"}}]}},"_links":{"self":[{"href":"https:\/\/www.todanelo.com\/fr\/wp-json\/wp\/v2\/pages\/3464","targetHints":{"allow":["GET"]}}],"collection":[{"href":"https:\/\/www.todanelo.com\/fr\/wp-json\/wp\/v2\/pages"}],"about":[{"href":"https:\/\/www.todanelo.com\/fr\/wp-json\/wp\/v2\/types\/page"}],"author":[{"embeddable":true,"href":"https:\/\/www.todanelo.com\/fr\/wp-json\/wp\/v2\/users\/1"}],"replies":[{"embeddable":true,"href":"https:\/\/www.todanelo.com\/fr\/wp-json\/wp\/v2\/comments?post=3464"}],"version-history":[{"count":0,"href":"https:\/\/www.todanelo.com\/fr\/wp-json\/wp\/v2\/pages\/3464\/revisions"}],"wp:attachment":[{"href":"https:\/\/www.todanelo.com\/fr\/wp-json\/wp\/v2\/media?parent=3464"}],"curies":[{"name":"wp","href":"https:\/\/api.w.org\/{rel}","templated":true}]}}