{"id":2143,"date":"2024-10-24T10:52:32","date_gmt":"2024-10-24T10:52:32","guid":{"rendered":"https:\/\/beta.todanelo.com\/internacional\/"},"modified":"2025-01-02T11:50:49","modified_gmt":"2025-01-02T11:50:49","slug":"international-desk","status":"publish","type":"page","link":"https:\/\/www.todanelo.com\/fr\/international-desk\/","title":{"rendered":"International Desk"},"content":{"rendered":"\n<h2>Notre mission<\/h2>\n<p>Toda &amp; Nel-lo dispose d\u2019une \u00e9quipe d\u2019avocats sp\u00e9cialis\u00e9s en mati\u00e8re internationale, pour assister les entreprises et les particuliers sous un double versant : d\u2019un c\u00f4t\u00e9, entreprises nationales qui sont pr\u00e9sentes \u00e0 l\u2019ext\u00e9rieur ou qui veulent s\u2019internationaliser et de l\u2019autre c\u00f4t\u00e9, les entreprises et particuliers \u00e9trangers qui n\u00e9cessitent d\u2019une assistance juridique en Espagne.<br \/><br \/>Nos avocats, d\u2019une vaste exp\u00e9rience en transactions internationales, conseillent habituellement les entreprises multinationales, soit \u00e9trang\u00e8res ou nationales, dans des projets d\u2019investissement \u00e0 l\u2019\u00e9tranger, Fusions et Acquisitions (M&amp;A), Joint-ventures, contrats internationaux, restructuration de groupes d\u2019entreprises, optimisation fiscale internationale, pratique des contentieux judiciaire et arbitraux internationaux, parmi d\u2019autres services.<br \/><br \/>Le cabinet fait partie de <strong><a href=\"https:\/\/legalnetworkinternational.com\/\" target=\"_blank\" rel=\"noopener\">Legal Network International<\/a> (LNI)<\/strong>, qui est pr\u00e9sent dans plus de 50 pays et 130 villes, dont les principaux centres financiers du monde. LNI est une alliance de cabinets d&rsquo;avocats ind\u00e9pendants \u00e0 vocation internationale qui s&rsquo;engagent \u00e0 fournir \u00e0 leurs clients la meilleure repr\u00e9sentation possible dans leurs affaires transfrontali\u00e8res. Le service au client est la priorit\u00e9 absolue des membres de LNI et, \u00e0 ce titre, nous nous effor\u00e7ons d&rsquo;assurer la plus haute qualit\u00e9 de service, une r\u00e9ponse rapide et un d\u00e9vouement \u00e0 chaque affaire.<br \/><br \/><\/p>\n<p><a href=\"https:\/\/legalnetworkinternational.com\/\" target=\"_blank\" rel=\"noopener\"><img loading=\"lazy\" decoding=\"async\" class=\"alignnone wp-image-2090\" src=\"https:\/\/www.todanelo.com\/wp-content\/uploads\/lni-logo-black.png\" alt=\"\" width=\"250\" height=\"48\" srcset=\"https:\/\/www.todanelo.com\/wp-content\/uploads\/lni-logo-black.png 1200w, https:\/\/www.todanelo.com\/wp-content\/uploads\/lni-logo-black-1024x196.png 1024w\" sizes=\"auto, (max-width: 250px) 100vw, 250px\" \/><\/a><\/p>\n<p>\u00a0<\/p>\n<p>Le cabinet est \u00e9galement membre de <strong>UIAdvance<\/strong>, le r\u00e9seau international de l&rsquo;Union Internationale des Avocats (UIA), qui rassemble plus de deux millions d&rsquo;avocats et de juristes d&rsquo;entreprise, de barreaux, de f\u00e9d\u00e9rations et d&rsquo;associations dans 110 pays, ce qui nous permet de disposer d&rsquo;un r\u00e9seau de cabinets d&rsquo;avocats de confiance avec lesquels nous pouvons travailler dans toutes les juridictions du monde.<br \/><br \/><\/p>\n<p><a href=\"https:\/\/www.uianet.org\/es\" target=\"_blank\" rel=\"noopener\"><img loading=\"lazy\" decoding=\"async\" class=\"alignnone wp-image-2095 size-full\" src=\"https:\/\/www.todanelo.com\/wp-content\/uploads\/logo-header-es.png\" alt=\"\" width=\"192\" height=\"77\" \/><\/a><\/p>\n\n\n\n<p><\/p>\n","protected":false},"excerpt":{"rendered":"<p>Notre mission Toda &amp; Nel-lo dispose d\u2019une \u00e9quipe d\u2019avocats sp\u00e9cialis\u00e9s en mati\u00e8re internationale, pour assister les entreprises et les particuliers sous un double versant : d\u2019un c\u00f4t\u00e9, entreprises nationales qui &hellip;<\/p>\n","protected":false},"author":1,"featured_media":0,"parent":0,"menu_order":0,"comment_status":"closed","ping_status":"closed","template":"page-templates\/page-international.php","meta":{"_acf_changed":false,"footnotes":""},"class_list":["post-2143","page","type-page","status-publish","hentry"],"acf":[],"yoast_head":"<!-- This site is optimized with the Yoast SEO plugin v27.4 - https:\/\/yoast.com\/product\/yoast-seo-wordpress\/ -->\n<title>International Desk - Toda &amp; Nel-lo Abogados<\/title>\n<meta name=\"description\" content=\"Notre mission Toda &amp; Nel-lo dispose d\u2019une \u00e9quipe d\u2019avocats sp\u00e9cialis\u00e9s en mati\u00e8re internationale, pour assister les entreprises et les particuliers\" \/>\n<meta name=\"robots\" content=\"index, follow, max-snippet:-1, max-image-preview:large, max-video-preview:-1\" \/>\n<link rel=\"canonical\" href=\"https:\/\/www.todanelo.com\/fr\/international-desk\/\" \/>\n<meta property=\"og:locale\" content=\"fr_FR\" \/>\n<meta property=\"og:type\" content=\"article\" \/>\n<meta property=\"og:title\" content=\"International Desk - Toda &amp; Nel-lo Abogados\" \/>\n<meta property=\"og:description\" content=\"Notre mission Toda &amp; Nel-lo dispose d\u2019une \u00e9quipe d\u2019avocats sp\u00e9cialis\u00e9s en mati\u00e8re internationale, pour assister les entreprises et les particuliers\" \/>\n<meta property=\"og:url\" content=\"https:\/\/www.todanelo.com\/fr\/international-desk\/\" \/>\n<meta property=\"og:site_name\" content=\"Toda &amp; Nel-lo Abogados\" \/>\n<meta property=\"article:modified_time\" content=\"2025-01-02T11:50:49+00:00\" \/>\n<meta property=\"og:image\" content=\"https:\/\/www.todanelo.com\/wp-content\/uploads\/lni-logo-black.png\" \/>\n<meta name=\"twitter:card\" content=\"summary_large_image\" \/>\n<meta name=\"twitter:label1\" content=\"Dur\u00e9e de lecture estim\u00e9e\" \/>\n\t<meta name=\"twitter:data1\" content=\"2 minutes\" \/>\n<script type=\"application\/ld+json\" class=\"yoast-schema-graph\">{\"@context\":\"https:\\\/\\\/schema.org\",\"@graph\":[{\"@type\":\"WebPage\",\"@id\":\"https:\\\/\\\/www.todanelo.com\\\/fr\\\/international-desk\\\/\",\"url\":\"https:\\\/\\\/www.todanelo.com\\\/fr\\\/international-desk\\\/\",\"name\":\"International Desk - Toda &amp; Nel-lo Abogados\",\"isPartOf\":{\"@id\":\"https:\\\/\\\/www.todanelo.com\\\/fr\\\/#website\"},\"primaryImageOfPage\":{\"@id\":\"https:\\\/\\\/www.todanelo.com\\\/fr\\\/international-desk\\\/#primaryimage\"},\"image\":{\"@id\":\"https:\\\/\\\/www.todanelo.com\\\/fr\\\/international-desk\\\/#primaryimage\"},\"thumbnailUrl\":\"https:\\\/\\\/www.todanelo.com\\\/wp-content\\\/uploads\\\/lni-logo-black.png\",\"datePublished\":\"2024-10-24T10:52:32+00:00\",\"dateModified\":\"2025-01-02T11:50:49+00:00\",\"description\":\"Notre mission Toda &amp; Nel-lo dispose d\u2019une \u00e9quipe d\u2019avocats sp\u00e9cialis\u00e9s en mati\u00e8re internationale, pour assister les entreprises et les particuliers\",\"breadcrumb\":{\"@id\":\"https:\\\/\\\/www.todanelo.com\\\/fr\\\/international-desk\\\/#breadcrumb\"},\"inLanguage\":\"fr-FR\",\"potentialAction\":[{\"@type\":\"ReadAction\",\"target\":[\"https:\\\/\\\/www.todanelo.com\\\/fr\\\/international-desk\\\/\"]}]},{\"@type\":\"ImageObject\",\"inLanguage\":\"fr-FR\",\"@id\":\"https:\\\/\\\/www.todanelo.com\\\/fr\\\/international-desk\\\/#primaryimage\",\"url\":\"https:\\\/\\\/www.todanelo.com\\\/wp-content\\\/uploads\\\/lni-logo-black.png\",\"contentUrl\":\"https:\\\/\\\/www.todanelo.com\\\/wp-content\\\/uploads\\\/lni-logo-black.png\"},{\"@type\":\"BreadcrumbList\",\"@id\":\"https:\\\/\\\/www.todanelo.com\\\/fr\\\/international-desk\\\/#breadcrumb\",\"itemListElement\":[{\"@type\":\"ListItem\",\"position\":1,\"name\":\"Inicio\",\"item\":\"https:\\\/\\\/www.todanelo.com\\\/fr\\\/\"},{\"@type\":\"ListItem\",\"position\":2,\"name\":\"International Desk\"}]},{\"@type\":\"WebSite\",\"@id\":\"https:\\\/\\\/www.todanelo.com\\\/fr\\\/#website\",\"url\":\"https:\\\/\\\/www.todanelo.com\\\/fr\\\/\",\"name\":\"Toda &amp; Nel-lo Abogados\",\"description\":\"Bureaux juridiques \u00e0 Barcelone et \u00e0 Madrid\",\"publisher\":{\"@id\":\"https:\\\/\\\/www.todanelo.com\\\/fr\\\/#organization\"},\"potentialAction\":[{\"@type\":\"SearchAction\",\"target\":{\"@type\":\"EntryPoint\",\"urlTemplate\":\"https:\\\/\\\/www.todanelo.com\\\/fr\\\/?s={search_term_string}\"},\"query-input\":{\"@type\":\"PropertyValueSpecification\",\"valueRequired\":true,\"valueName\":\"search_term_string\"}}],\"inLanguage\":\"fr-FR\"},{\"@type\":\"Organization\",\"@id\":\"https:\\\/\\\/www.todanelo.com\\\/fr\\\/#organization\",\"name\":\"Toda &amp; Nel-lo Abogados\",\"url\":\"https:\\\/\\\/www.todanelo.com\\\/fr\\\/\",\"logo\":{\"@type\":\"ImageObject\",\"inLanguage\":\"fr-FR\",\"@id\":\"https:\\\/\\\/www.todanelo.com\\\/fr\\\/#\\\/schema\\\/logo\\\/image\\\/\",\"url\":\"https:\\\/\\\/www.todanelo.com\\\/wp-content\\\/uploads\\\/logo-todanelo.png\",\"contentUrl\":\"https:\\\/\\\/www.todanelo.com\\\/wp-content\\\/uploads\\\/logo-todanelo.png\",\"width\":390,\"height\":161,\"caption\":\"Toda &amp; Nel-lo Abogados\"},\"image\":{\"@id\":\"https:\\\/\\\/www.todanelo.com\\\/fr\\\/#\\\/schema\\\/logo\\\/image\\\/\"}}]}<\/script>\n<!-- \/ Yoast SEO plugin. -->","yoast_head_json":{"title":"International Desk - Toda &amp; Nel-lo Abogados","description":"Notre mission Toda &amp; Nel-lo dispose d\u2019une \u00e9quipe d\u2019avocats sp\u00e9cialis\u00e9s en mati\u00e8re internationale, pour assister les entreprises et les particuliers","robots":{"index":"index","follow":"follow","max-snippet":"max-snippet:-1","max-image-preview":"max-image-preview:large","max-video-preview":"max-video-preview:-1"},"canonical":"https:\/\/www.todanelo.com\/fr\/international-desk\/","og_locale":"fr_FR","og_type":"article","og_title":"International Desk - Toda &amp; Nel-lo Abogados","og_description":"Notre mission Toda &amp; Nel-lo dispose d\u2019une \u00e9quipe d\u2019avocats sp\u00e9cialis\u00e9s en mati\u00e8re internationale, pour assister les entreprises et les particuliers","og_url":"https:\/\/www.todanelo.com\/fr\/international-desk\/","og_site_name":"Toda &amp; Nel-lo Abogados","article_modified_time":"2025-01-02T11:50:49+00:00","og_image":[{"url":"https:\/\/www.todanelo.com\/wp-content\/uploads\/lni-logo-black.png","type":"","width":"","height":""}],"twitter_card":"summary_large_image","twitter_misc":{"Dur\u00e9e de lecture estim\u00e9e":"2 minutes"},"schema":{"@context":"https:\/\/schema.org","@graph":[{"@type":"WebPage","@id":"https:\/\/www.todanelo.com\/fr\/international-desk\/","url":"https:\/\/www.todanelo.com\/fr\/international-desk\/","name":"International Desk - Toda &amp; Nel-lo Abogados","isPartOf":{"@id":"https:\/\/www.todanelo.com\/fr\/#website"},"primaryImageOfPage":{"@id":"https:\/\/www.todanelo.com\/fr\/international-desk\/#primaryimage"},"image":{"@id":"https:\/\/www.todanelo.com\/fr\/international-desk\/#primaryimage"},"thumbnailUrl":"https:\/\/www.todanelo.com\/wp-content\/uploads\/lni-logo-black.png","datePublished":"2024-10-24T10:52:32+00:00","dateModified":"2025-01-02T11:50:49+00:00","description":"Notre mission Toda &amp; Nel-lo dispose d\u2019une \u00e9quipe d\u2019avocats sp\u00e9cialis\u00e9s en mati\u00e8re internationale, pour assister les entreprises et les particuliers","breadcrumb":{"@id":"https:\/\/www.todanelo.com\/fr\/international-desk\/#breadcrumb"},"inLanguage":"fr-FR","potentialAction":[{"@type":"ReadAction","target":["https:\/\/www.todanelo.com\/fr\/international-desk\/"]}]},{"@type":"ImageObject","inLanguage":"fr-FR","@id":"https:\/\/www.todanelo.com\/fr\/international-desk\/#primaryimage","url":"https:\/\/www.todanelo.com\/wp-content\/uploads\/lni-logo-black.png","contentUrl":"https:\/\/www.todanelo.com\/wp-content\/uploads\/lni-logo-black.png"},{"@type":"BreadcrumbList","@id":"https:\/\/www.todanelo.com\/fr\/international-desk\/#breadcrumb","itemListElement":[{"@type":"ListItem","position":1,"name":"Inicio","item":"https:\/\/www.todanelo.com\/fr\/"},{"@type":"ListItem","position":2,"name":"International Desk"}]},{"@type":"WebSite","@id":"https:\/\/www.todanelo.com\/fr\/#website","url":"https:\/\/www.todanelo.com\/fr\/","name":"Toda &amp; Nel-lo Abogados","description":"Bureaux juridiques \u00e0 Barcelone et \u00e0 Madrid","publisher":{"@id":"https:\/\/www.todanelo.com\/fr\/#organization"},"potentialAction":[{"@type":"SearchAction","target":{"@type":"EntryPoint","urlTemplate":"https:\/\/www.todanelo.com\/fr\/?s={search_term_string}"},"query-input":{"@type":"PropertyValueSpecification","valueRequired":true,"valueName":"search_term_string"}}],"inLanguage":"fr-FR"},{"@type":"Organization","@id":"https:\/\/www.todanelo.com\/fr\/#organization","name":"Toda &amp; Nel-lo Abogados","url":"https:\/\/www.todanelo.com\/fr\/","logo":{"@type":"ImageObject","inLanguage":"fr-FR","@id":"https:\/\/www.todanelo.com\/fr\/#\/schema\/logo\/image\/","url":"https:\/\/www.todanelo.com\/wp-content\/uploads\/logo-todanelo.png","contentUrl":"https:\/\/www.todanelo.com\/wp-content\/uploads\/logo-todanelo.png","width":390,"height":161,"caption":"Toda &amp; Nel-lo Abogados"},"image":{"@id":"https:\/\/www.todanelo.com\/fr\/#\/schema\/logo\/image\/"}}]}},"_links":{"self":[{"href":"https:\/\/www.todanelo.com\/fr\/wp-json\/wp\/v2\/pages\/2143","targetHints":{"allow":["GET"]}}],"collection":[{"href":"https:\/\/www.todanelo.com\/fr\/wp-json\/wp\/v2\/pages"}],"about":[{"href":"https:\/\/www.todanelo.com\/fr\/wp-json\/wp\/v2\/types\/page"}],"author":[{"embeddable":true,"href":"https:\/\/www.todanelo.com\/fr\/wp-json\/wp\/v2\/users\/1"}],"replies":[{"embeddable":true,"href":"https:\/\/www.todanelo.com\/fr\/wp-json\/wp\/v2\/comments?post=2143"}],"version-history":[{"count":0,"href":"https:\/\/www.todanelo.com\/fr\/wp-json\/wp\/v2\/pages\/2143\/revisions"}],"wp:attachment":[{"href":"https:\/\/www.todanelo.com\/fr\/wp-json\/wp\/v2\/media?parent=2143"}],"curies":[{"name":"wp","href":"https:\/\/api.w.org\/{rel}","templated":true}]}}