{"id":2127,"date":"2024-12-23T12:01:55","date_gmt":"2024-12-23T12:01:55","guid":{"rendered":"https:\/\/beta.todanelo.com\/?page_id=2127"},"modified":"2024-12-23T12:04:46","modified_gmt":"2024-12-23T12:04:46","slug":"vendre-sa-societe-espagnole","status":"publish","type":"page","link":"https:\/\/www.todanelo.com\/fr\/vendre-sa-societe-espagnole\/","title":{"rendered":"Vendre sa soci\u00e9t\u00e9 espagnole"},"content":{"rendered":"\n<p>A l\u2019heure de <strong>vendre les parts d\u00b4une soci\u00e9t\u00e9 espagnole<\/strong>, il est crucial de se poser les <strong>bonnes questions concernant la fiscalit\u00e9<\/strong>. La situation peut \u00eatre complexe lorsque, par exemple, une <strong>holding luxembourgeoise<\/strong>, vend ses parts dans une <strong>soci\u00e9t\u00e9 espagnole<\/strong> \u00e0 un <strong>acheteur fran\u00e7ais\u00a0<\/strong>:<\/p>\n<ul>\n<li><strong>Quelles taxes<\/strong> devez-vous payer et dans quel pays\u00a0? <strong>Qui doit les payer<\/strong>\u00a0et dans quel lieu?<\/li>\n<\/ul>\n<ul>\n<li>Faut-il op\u00e9rer des <strong>d\u00e9marches en Espagne<\/strong>, m\u00eame si l\u2019imp\u00f4t est d\u00fb dans un autre pays\u00a0?<\/li>\n<\/ul>\n<ul>\n<li>Que se passe-t-il s\u00b4il y a des <strong>biens immeubles<\/strong> au bilan de la soci\u00e9t\u00e9 espagnole\u00a0?<\/li>\n<\/ul>\n<p>Que vous soyez un <strong>associ\u00e9 personne physique ou une holding<\/strong>, il est imp\u00e9ratif d\u00b4examiner les cons\u00e9quences fiscales au pr\u00e9alable. En effet, les co\u00fbts de la vente peuvent \u00e9norm\u00e9ment varier en fonction de la <strong>planification<\/strong> et du <strong>d\u00e9roulement<\/strong> de l\u00b4op\u00e9ration, influen\u00e7ant ainsi l\u00b4attractivit\u00e9 \u00e9conomique pour chacune des parties.<\/p>\n<p>Pensez \u00e0 nous consulter pour mener \u00e0 bien et <strong>en toute s\u00e9curit\u00e9 juridique<\/strong> ces op\u00e9rations tout en <strong>optimisant votre situation fiscale. <\/strong>Nous vous aiderons \u00e0\u00a0:<\/p>\n<ul>\n<li><strong>Identifier <\/strong>et <strong>adapter<\/strong> l\u00b4op\u00e9ration aux diff\u00e9rentes l\u00e9gislations fiscales applicables\u00a0;<\/li>\n<\/ul>\n<ul>\n<li><strong>D\u00e9finir<\/strong>, et au besoin <strong>simplifier<\/strong> ou impl\u00e9menter les structures d\u00b4investissements internationales\u00a0;<\/li>\n<li><strong>Formaliser<\/strong> et <strong>Organiser<\/strong> l\u00b4op\u00e9ration de vente\u00a0dans ces diff\u00e9rents aspects juridiques et fiscaux <strong>ainsi qu\u00b4effectuer<\/strong> <strong>les d\u00e9marches<\/strong> <strong>administratives<\/strong> fiscales en Espagne.<\/li>\n<\/ul>\n<p>\u00a0<\/p>\n<p>Nous vous assisterons au mieux tout au long de ces <strong>op\u00e9rations pour que vous puissiez vendre sereinement vos parts sociales espagnoles <\/strong>et dans le mesure du possible en optimisant le prix de la cession. N\u2019h\u00e9sitez pas \u00e0 nous contacter pour toute question li\u00e9e \u00e0 la cession ou restructuration des parts sociales de votre entreprise espagnole:<\/p>\n<p>T.: +34 93 363 40 05 (Barcelone) \/ +34 91 700 21 00 (Madrid)<br \/>E-mail: <a href=\"mailto:comunicacion@todanelo.com\">comunicacion@todanelo.com<\/a>\u00a0<\/p>\n<p>\u00a0<\/p>\n","protected":false},"excerpt":{"rendered":"<p>A l\u2019heure de vendre les parts d\u00b4une soci\u00e9t\u00e9 espagnole, il est crucial de se poser les bonnes questions concernant la fiscalit\u00e9. La situation peut \u00eatre complexe lorsque, par exemple, une &hellip;<\/p>\n","protected":false},"author":1,"featured_media":0,"parent":0,"menu_order":0,"comment_status":"closed","ping_status":"closed","template":"","meta":{"_acf_changed":false,"footnotes":""},"class_list":["post-2127","page","type-page","status-publish","hentry"],"acf":[],"yoast_head":"<!-- This site is optimized with the Yoast SEO plugin v27.2 - https:\/\/yoast.com\/product\/yoast-seo-wordpress\/ -->\n<title>Vendre sa soci\u00e9t\u00e9 espagnole - Toda &amp; Nel-lo Abogados<\/title>\n<meta name=\"description\" content=\"A l\u2019heure de vendre les parts d\u00b4une soci\u00e9t\u00e9 espagnole, il est crucial de se poser les bonnes questions concernant la fiscalit\u00e9. La situation peut \u00eatre\" \/>\n<meta name=\"robots\" content=\"index, follow, max-snippet:-1, max-image-preview:large, max-video-preview:-1\" \/>\n<link rel=\"canonical\" href=\"https:\/\/www.todanelo.com\/fr\/vendre-sa-societe-espagnole\/\" \/>\n<meta property=\"og:locale\" content=\"fr_FR\" \/>\n<meta property=\"og:type\" content=\"article\" \/>\n<meta property=\"og:title\" content=\"Vendre sa soci\u00e9t\u00e9 espagnole - Toda &amp; Nel-lo Abogados\" \/>\n<meta property=\"og:description\" content=\"A l\u2019heure de vendre les parts d\u00b4une soci\u00e9t\u00e9 espagnole, il est crucial de se poser les bonnes questions concernant la fiscalit\u00e9. La situation peut \u00eatre\" \/>\n<meta property=\"og:url\" content=\"https:\/\/www.todanelo.com\/fr\/vendre-sa-societe-espagnole\/\" \/>\n<meta property=\"og:site_name\" content=\"Toda &amp; Nel-lo Abogados\" \/>\n<meta property=\"article:modified_time\" content=\"2024-12-23T12:04:46+00:00\" \/>\n<meta name=\"twitter:card\" content=\"summary_large_image\" \/>\n<meta name=\"twitter:label1\" content=\"Dur\u00e9e de lecture estim\u00e9e\" \/>\n\t<meta name=\"twitter:data1\" content=\"2 minutes\" \/>\n<script type=\"application\/ld+json\" class=\"yoast-schema-graph\">{\"@context\":\"https:\/\/schema.org\",\"@graph\":[{\"@type\":\"WebPage\",\"@id\":\"https:\/\/www.todanelo.com\/fr\/vendre-sa-societe-espagnole\/\",\"url\":\"https:\/\/www.todanelo.com\/fr\/vendre-sa-societe-espagnole\/\",\"name\":\"Vendre sa soci\u00e9t\u00e9 espagnole - Toda &amp; Nel-lo Abogados\",\"isPartOf\":{\"@id\":\"https:\/\/www.todanelo.com\/fr\/#website\"},\"datePublished\":\"2024-12-23T12:01:55+00:00\",\"dateModified\":\"2024-12-23T12:04:46+00:00\",\"description\":\"A l\u2019heure de vendre les parts d\u00b4une soci\u00e9t\u00e9 espagnole, il est crucial de se poser les bonnes questions concernant la fiscalit\u00e9. La situation peut \u00eatre\",\"breadcrumb\":{\"@id\":\"https:\/\/www.todanelo.com\/fr\/vendre-sa-societe-espagnole\/#breadcrumb\"},\"inLanguage\":\"fr-FR\",\"potentialAction\":[{\"@type\":\"ReadAction\",\"target\":[\"https:\/\/www.todanelo.com\/fr\/vendre-sa-societe-espagnole\/\"]}]},{\"@type\":\"BreadcrumbList\",\"@id\":\"https:\/\/www.todanelo.com\/fr\/vendre-sa-societe-espagnole\/#breadcrumb\",\"itemListElement\":[{\"@type\":\"ListItem\",\"position\":1,\"name\":\"Inicio\",\"item\":\"https:\/\/www.todanelo.com\/fr\/\"},{\"@type\":\"ListItem\",\"position\":2,\"name\":\"Vendre sa soci\u00e9t\u00e9 espagnole\"}]},{\"@type\":\"WebSite\",\"@id\":\"https:\/\/www.todanelo.com\/fr\/#website\",\"url\":\"https:\/\/www.todanelo.com\/fr\/\",\"name\":\"Toda &amp; Nel-lo Abogados\",\"description\":\"Bureaux juridiques \u00e0 Barcelone et \u00e0 Madrid\",\"publisher\":{\"@id\":\"https:\/\/www.todanelo.com\/fr\/#organization\"},\"potentialAction\":[{\"@type\":\"SearchAction\",\"target\":{\"@type\":\"EntryPoint\",\"urlTemplate\":\"https:\/\/www.todanelo.com\/fr\/?s={search_term_string}\"},\"query-input\":{\"@type\":\"PropertyValueSpecification\",\"valueRequired\":true,\"valueName\":\"search_term_string\"}}],\"inLanguage\":\"fr-FR\"},{\"@type\":\"Organization\",\"@id\":\"https:\/\/www.todanelo.com\/fr\/#organization\",\"name\":\"Toda &amp; Nel-lo Abogados\",\"url\":\"https:\/\/www.todanelo.com\/fr\/\",\"logo\":{\"@type\":\"ImageObject\",\"inLanguage\":\"fr-FR\",\"@id\":\"https:\/\/www.todanelo.com\/fr\/#\/schema\/logo\/image\/\",\"url\":\"https:\/\/www.todanelo.com\/wp-content\/uploads\/logo-todanelo.png\",\"contentUrl\":\"https:\/\/www.todanelo.com\/wp-content\/uploads\/logo-todanelo.png\",\"width\":390,\"height\":161,\"caption\":\"Toda &amp; Nel-lo Abogados\"},\"image\":{\"@id\":\"https:\/\/www.todanelo.com\/fr\/#\/schema\/logo\/image\/\"}}]}<\/script>\n<!-- \/ Yoast SEO plugin. -->","yoast_head_json":{"title":"Vendre sa soci\u00e9t\u00e9 espagnole - Toda &amp; Nel-lo Abogados","description":"A l\u2019heure de vendre les parts d\u00b4une soci\u00e9t\u00e9 espagnole, il est crucial de se poser les bonnes questions concernant la fiscalit\u00e9. La situation peut \u00eatre","robots":{"index":"index","follow":"follow","max-snippet":"max-snippet:-1","max-image-preview":"max-image-preview:large","max-video-preview":"max-video-preview:-1"},"canonical":"https:\/\/www.todanelo.com\/fr\/vendre-sa-societe-espagnole\/","og_locale":"fr_FR","og_type":"article","og_title":"Vendre sa soci\u00e9t\u00e9 espagnole - Toda &amp; Nel-lo Abogados","og_description":"A l\u2019heure de vendre les parts d\u00b4une soci\u00e9t\u00e9 espagnole, il est crucial de se poser les bonnes questions concernant la fiscalit\u00e9. La situation peut \u00eatre","og_url":"https:\/\/www.todanelo.com\/fr\/vendre-sa-societe-espagnole\/","og_site_name":"Toda &amp; Nel-lo Abogados","article_modified_time":"2024-12-23T12:04:46+00:00","twitter_card":"summary_large_image","twitter_misc":{"Dur\u00e9e de lecture estim\u00e9e":"2 minutes"},"schema":{"@context":"https:\/\/schema.org","@graph":[{"@type":"WebPage","@id":"https:\/\/www.todanelo.com\/fr\/vendre-sa-societe-espagnole\/","url":"https:\/\/www.todanelo.com\/fr\/vendre-sa-societe-espagnole\/","name":"Vendre sa soci\u00e9t\u00e9 espagnole - Toda &amp; Nel-lo Abogados","isPartOf":{"@id":"https:\/\/www.todanelo.com\/fr\/#website"},"datePublished":"2024-12-23T12:01:55+00:00","dateModified":"2024-12-23T12:04:46+00:00","description":"A l\u2019heure de vendre les parts d\u00b4une soci\u00e9t\u00e9 espagnole, il est crucial de se poser les bonnes questions concernant la fiscalit\u00e9. La situation peut \u00eatre","breadcrumb":{"@id":"https:\/\/www.todanelo.com\/fr\/vendre-sa-societe-espagnole\/#breadcrumb"},"inLanguage":"fr-FR","potentialAction":[{"@type":"ReadAction","target":["https:\/\/www.todanelo.com\/fr\/vendre-sa-societe-espagnole\/"]}]},{"@type":"BreadcrumbList","@id":"https:\/\/www.todanelo.com\/fr\/vendre-sa-societe-espagnole\/#breadcrumb","itemListElement":[{"@type":"ListItem","position":1,"name":"Inicio","item":"https:\/\/www.todanelo.com\/fr\/"},{"@type":"ListItem","position":2,"name":"Vendre sa soci\u00e9t\u00e9 espagnole"}]},{"@type":"WebSite","@id":"https:\/\/www.todanelo.com\/fr\/#website","url":"https:\/\/www.todanelo.com\/fr\/","name":"Toda &amp; Nel-lo Abogados","description":"Bureaux juridiques \u00e0 Barcelone et \u00e0 Madrid","publisher":{"@id":"https:\/\/www.todanelo.com\/fr\/#organization"},"potentialAction":[{"@type":"SearchAction","target":{"@type":"EntryPoint","urlTemplate":"https:\/\/www.todanelo.com\/fr\/?s={search_term_string}"},"query-input":{"@type":"PropertyValueSpecification","valueRequired":true,"valueName":"search_term_string"}}],"inLanguage":"fr-FR"},{"@type":"Organization","@id":"https:\/\/www.todanelo.com\/fr\/#organization","name":"Toda &amp; Nel-lo Abogados","url":"https:\/\/www.todanelo.com\/fr\/","logo":{"@type":"ImageObject","inLanguage":"fr-FR","@id":"https:\/\/www.todanelo.com\/fr\/#\/schema\/logo\/image\/","url":"https:\/\/www.todanelo.com\/wp-content\/uploads\/logo-todanelo.png","contentUrl":"https:\/\/www.todanelo.com\/wp-content\/uploads\/logo-todanelo.png","width":390,"height":161,"caption":"Toda &amp; Nel-lo Abogados"},"image":{"@id":"https:\/\/www.todanelo.com\/fr\/#\/schema\/logo\/image\/"}}]}},"_links":{"self":[{"href":"https:\/\/www.todanelo.com\/fr\/wp-json\/wp\/v2\/pages\/2127","targetHints":{"allow":["GET"]}}],"collection":[{"href":"https:\/\/www.todanelo.com\/fr\/wp-json\/wp\/v2\/pages"}],"about":[{"href":"https:\/\/www.todanelo.com\/fr\/wp-json\/wp\/v2\/types\/page"}],"author":[{"embeddable":true,"href":"https:\/\/www.todanelo.com\/fr\/wp-json\/wp\/v2\/users\/1"}],"replies":[{"embeddable":true,"href":"https:\/\/www.todanelo.com\/fr\/wp-json\/wp\/v2\/comments?post=2127"}],"version-history":[{"count":0,"href":"https:\/\/www.todanelo.com\/fr\/wp-json\/wp\/v2\/pages\/2127\/revisions"}],"wp:attachment":[{"href":"https:\/\/www.todanelo.com\/fr\/wp-json\/wp\/v2\/media?parent=2127"}],"curies":[{"name":"wp","href":"https:\/\/api.w.org\/{rel}","templated":true}]}}