{"id":2118,"date":"2024-12-23T11:56:21","date_gmt":"2024-12-23T11:56:21","guid":{"rendered":"https:\/\/beta.todanelo.com\/?page_id=2118"},"modified":"2024-12-23T12:01:02","modified_gmt":"2024-12-23T12:01:02","slug":"nous-vous-assistons-dans-le-developpement-de-vos-affaires-en-espagne","status":"publish","type":"page","link":"https:\/\/www.todanelo.com\/fr\/nous-vous-assistons-dans-le-developpement-de-vos-affaires-en-espagne\/","title":{"rendered":"Nous vous assistons dans le d\u00e9veloppement de vos affaires en Espagne"},"content":{"rendered":"\n<h3>Pack \u201cStarting your business\u00a0\u00bb<\/h3>\n<p>Toda &amp; Nel-lo conseille les soci\u00e9t\u00e9s \u00e9trang\u00e8res et\/ou les entrepreneurs individuels <strong>\u00e0 implanter leurs entreprises en Espagne<\/strong>. Que vous soyez un jeune entrepreneur ou une soci\u00e9t\u00e9 exp\u00e9riment\u00e9e qui d\u00e9sire d\u00e9velopper ses affaires, <strong>nous vous assistons pour trouver les outils adapt\u00e9s \u00e0 votre d\u00e9veloppement<\/strong>\u00a0:<\/p>\n<ul>\n<li>En vous accompagnant dans le choix de la bonne structure: une nouvelle soci\u00e9t\u00e9, l\u2019implantation d\u2019une filiale ou d\u2019une succursale, votre r\u00e9f\u00e9rencement en tant qu\u2019autoentrepreneur,\u2026<\/li>\n<li>En vous aidant \u00e0 effectuer les formalit\u00e9s n\u00e9cessaires aupr\u00e8s du Registre du commerce, de l\u2019Administration fiscale espagnole, de la S\u00e9curit\u00e9 sociale\u00a0;<\/li>\n<li>En vous trouvant un si\u00e8ge social, en n\u00e9gociant votre bail ou le contrat avec votre distributeur et en embauchant vos premiers employ\u00e9s\u00a0;<\/li>\n<li>En vous conseillant en mati\u00e8re d\u2019imp\u00f4ts comme la TVA, les principes comptables espagnols, l\u2019imposition directe des dirigeants et administrateurs.<\/li>\n<\/ul>\n<p>L\u2019\u00e9quipe du Bureau International est compos\u00e9e d\u2019avocats qui ont une <strong>grande expertise<\/strong> dans les <strong>affaires internationales<\/strong> et qui parlent anglais, allemand, n\u00e9erlandais, fran\u00e7ais et\/ou espagnol.<\/p>\n<p>N\u2019h\u00e9sitez pas \u00e0 nous contacter afin que nous d\u00e9finissions ensemble votre pack sur mesure \u201cStarting your business\u201d:<\/p>\n<p>T.: +34 93 363 40 00 (Barcelone) \/ +34 91 700 21 00<br \/>E-mail: <a href=\"mailto:comunicacion@todanelo.com\">comunicacion@todanelo.com<\/a><\/p>\n","protected":false},"excerpt":{"rendered":"<p>Pack \u201cStarting your business\u00a0\u00bb Toda &amp; Nel-lo conseille les soci\u00e9t\u00e9s \u00e9trang\u00e8res et\/ou les entrepreneurs individuels \u00e0 implanter leurs entreprises en Espagne. Que vous soyez un jeune entrepreneur ou une soci\u00e9t\u00e9 &hellip;<\/p>\n","protected":false},"author":1,"featured_media":0,"parent":0,"menu_order":0,"comment_status":"closed","ping_status":"closed","template":"","meta":{"_acf_changed":false,"footnotes":""},"class_list":["post-2118","page","type-page","status-publish","hentry"],"acf":[],"yoast_head":"<!-- This site is optimized with the Yoast SEO plugin v27.2 - https:\/\/yoast.com\/product\/yoast-seo-wordpress\/ -->\n<title>Nous vous assistons dans le d\u00e9veloppement de vos affaires en Espagne - Toda &amp; Nel-lo Abogados<\/title>\n<meta name=\"description\" content=\"Pack \u201cStarting your business&quot; Toda &amp; Nel-lo conseille les soci\u00e9t\u00e9s \u00e9trang\u00e8res et\/ou les entrepreneurs individuels \u00e0 implanter leurs entreprises en\" \/>\n<meta name=\"robots\" content=\"index, follow, max-snippet:-1, max-image-preview:large, max-video-preview:-1\" \/>\n<link rel=\"canonical\" href=\"https:\/\/www.todanelo.com\/fr\/nous-vous-assistons-dans-le-developpement-de-vos-affaires-en-espagne\/\" \/>\n<meta property=\"og:locale\" content=\"fr_FR\" \/>\n<meta property=\"og:type\" content=\"article\" \/>\n<meta property=\"og:title\" content=\"Nous vous assistons dans le d\u00e9veloppement de vos affaires en Espagne - Toda &amp; Nel-lo Abogados\" \/>\n<meta property=\"og:description\" content=\"Pack \u201cStarting your business&quot; Toda &amp; Nel-lo conseille les soci\u00e9t\u00e9s \u00e9trang\u00e8res et\/ou les entrepreneurs individuels \u00e0 implanter leurs entreprises en\" \/>\n<meta property=\"og:url\" content=\"https:\/\/www.todanelo.com\/fr\/nous-vous-assistons-dans-le-developpement-de-vos-affaires-en-espagne\/\" \/>\n<meta property=\"og:site_name\" content=\"Toda &amp; Nel-lo Abogados\" \/>\n<meta property=\"article:modified_time\" content=\"2024-12-23T12:01:02+00:00\" \/>\n<meta name=\"twitter:card\" content=\"summary_large_image\" \/>\n<meta name=\"twitter:label1\" content=\"Dur\u00e9e de lecture estim\u00e9e\" \/>\n\t<meta name=\"twitter:data1\" content=\"1 minute\" \/>\n<script type=\"application\/ld+json\" class=\"yoast-schema-graph\">{\"@context\":\"https:\/\/schema.org\",\"@graph\":[{\"@type\":\"WebPage\",\"@id\":\"https:\/\/www.todanelo.com\/fr\/nous-vous-assistons-dans-le-developpement-de-vos-affaires-en-espagne\/\",\"url\":\"https:\/\/www.todanelo.com\/fr\/nous-vous-assistons-dans-le-developpement-de-vos-affaires-en-espagne\/\",\"name\":\"Nous vous assistons dans le d\u00e9veloppement de vos affaires en Espagne - Toda &amp; Nel-lo Abogados\",\"isPartOf\":{\"@id\":\"https:\/\/www.todanelo.com\/fr\/#website\"},\"datePublished\":\"2024-12-23T11:56:21+00:00\",\"dateModified\":\"2024-12-23T12:01:02+00:00\",\"description\":\"Pack \u201cStarting your business\\\" Toda &amp; Nel-lo conseille les soci\u00e9t\u00e9s \u00e9trang\u00e8res et\/ou les entrepreneurs individuels \u00e0 implanter leurs entreprises en\",\"breadcrumb\":{\"@id\":\"https:\/\/www.todanelo.com\/fr\/nous-vous-assistons-dans-le-developpement-de-vos-affaires-en-espagne\/#breadcrumb\"},\"inLanguage\":\"fr-FR\",\"potentialAction\":[{\"@type\":\"ReadAction\",\"target\":[\"https:\/\/www.todanelo.com\/fr\/nous-vous-assistons-dans-le-developpement-de-vos-affaires-en-espagne\/\"]}]},{\"@type\":\"BreadcrumbList\",\"@id\":\"https:\/\/www.todanelo.com\/fr\/nous-vous-assistons-dans-le-developpement-de-vos-affaires-en-espagne\/#breadcrumb\",\"itemListElement\":[{\"@type\":\"ListItem\",\"position\":1,\"name\":\"Inicio\",\"item\":\"https:\/\/www.todanelo.com\/fr\/\"},{\"@type\":\"ListItem\",\"position\":2,\"name\":\"Nous vous assistons dans le d\u00e9veloppement de vos affaires en Espagne\"}]},{\"@type\":\"WebSite\",\"@id\":\"https:\/\/www.todanelo.com\/fr\/#website\",\"url\":\"https:\/\/www.todanelo.com\/fr\/\",\"name\":\"Toda &amp; Nel-lo Abogados\",\"description\":\"Bureaux juridiques \u00e0 Barcelone et \u00e0 Madrid\",\"publisher\":{\"@id\":\"https:\/\/www.todanelo.com\/fr\/#organization\"},\"potentialAction\":[{\"@type\":\"SearchAction\",\"target\":{\"@type\":\"EntryPoint\",\"urlTemplate\":\"https:\/\/www.todanelo.com\/fr\/?s={search_term_string}\"},\"query-input\":{\"@type\":\"PropertyValueSpecification\",\"valueRequired\":true,\"valueName\":\"search_term_string\"}}],\"inLanguage\":\"fr-FR\"},{\"@type\":\"Organization\",\"@id\":\"https:\/\/www.todanelo.com\/fr\/#organization\",\"name\":\"Toda &amp; Nel-lo Abogados\",\"url\":\"https:\/\/www.todanelo.com\/fr\/\",\"logo\":{\"@type\":\"ImageObject\",\"inLanguage\":\"fr-FR\",\"@id\":\"https:\/\/www.todanelo.com\/fr\/#\/schema\/logo\/image\/\",\"url\":\"https:\/\/www.todanelo.com\/wp-content\/uploads\/logo-todanelo.png\",\"contentUrl\":\"https:\/\/www.todanelo.com\/wp-content\/uploads\/logo-todanelo.png\",\"width\":390,\"height\":161,\"caption\":\"Toda &amp; Nel-lo Abogados\"},\"image\":{\"@id\":\"https:\/\/www.todanelo.com\/fr\/#\/schema\/logo\/image\/\"}}]}<\/script>\n<!-- \/ Yoast SEO plugin. -->","yoast_head_json":{"title":"Nous vous assistons dans le d\u00e9veloppement de vos affaires en Espagne - Toda &amp; Nel-lo Abogados","description":"Pack \u201cStarting your business\" Toda &amp; Nel-lo conseille les soci\u00e9t\u00e9s \u00e9trang\u00e8res et\/ou les entrepreneurs individuels \u00e0 implanter leurs entreprises en","robots":{"index":"index","follow":"follow","max-snippet":"max-snippet:-1","max-image-preview":"max-image-preview:large","max-video-preview":"max-video-preview:-1"},"canonical":"https:\/\/www.todanelo.com\/fr\/nous-vous-assistons-dans-le-developpement-de-vos-affaires-en-espagne\/","og_locale":"fr_FR","og_type":"article","og_title":"Nous vous assistons dans le d\u00e9veloppement de vos affaires en Espagne - Toda &amp; Nel-lo Abogados","og_description":"Pack \u201cStarting your business\" Toda &amp; Nel-lo conseille les soci\u00e9t\u00e9s \u00e9trang\u00e8res et\/ou les entrepreneurs individuels \u00e0 implanter leurs entreprises en","og_url":"https:\/\/www.todanelo.com\/fr\/nous-vous-assistons-dans-le-developpement-de-vos-affaires-en-espagne\/","og_site_name":"Toda &amp; Nel-lo Abogados","article_modified_time":"2024-12-23T12:01:02+00:00","twitter_card":"summary_large_image","twitter_misc":{"Dur\u00e9e de lecture estim\u00e9e":"1 minute"},"schema":{"@context":"https:\/\/schema.org","@graph":[{"@type":"WebPage","@id":"https:\/\/www.todanelo.com\/fr\/nous-vous-assistons-dans-le-developpement-de-vos-affaires-en-espagne\/","url":"https:\/\/www.todanelo.com\/fr\/nous-vous-assistons-dans-le-developpement-de-vos-affaires-en-espagne\/","name":"Nous vous assistons dans le d\u00e9veloppement de vos affaires en Espagne - Toda &amp; Nel-lo Abogados","isPartOf":{"@id":"https:\/\/www.todanelo.com\/fr\/#website"},"datePublished":"2024-12-23T11:56:21+00:00","dateModified":"2024-12-23T12:01:02+00:00","description":"Pack \u201cStarting your business\" Toda &amp; Nel-lo conseille les soci\u00e9t\u00e9s \u00e9trang\u00e8res et\/ou les entrepreneurs individuels \u00e0 implanter leurs entreprises en","breadcrumb":{"@id":"https:\/\/www.todanelo.com\/fr\/nous-vous-assistons-dans-le-developpement-de-vos-affaires-en-espagne\/#breadcrumb"},"inLanguage":"fr-FR","potentialAction":[{"@type":"ReadAction","target":["https:\/\/www.todanelo.com\/fr\/nous-vous-assistons-dans-le-developpement-de-vos-affaires-en-espagne\/"]}]},{"@type":"BreadcrumbList","@id":"https:\/\/www.todanelo.com\/fr\/nous-vous-assistons-dans-le-developpement-de-vos-affaires-en-espagne\/#breadcrumb","itemListElement":[{"@type":"ListItem","position":1,"name":"Inicio","item":"https:\/\/www.todanelo.com\/fr\/"},{"@type":"ListItem","position":2,"name":"Nous vous assistons dans le d\u00e9veloppement de vos affaires en Espagne"}]},{"@type":"WebSite","@id":"https:\/\/www.todanelo.com\/fr\/#website","url":"https:\/\/www.todanelo.com\/fr\/","name":"Toda &amp; Nel-lo Abogados","description":"Bureaux juridiques \u00e0 Barcelone et \u00e0 Madrid","publisher":{"@id":"https:\/\/www.todanelo.com\/fr\/#organization"},"potentialAction":[{"@type":"SearchAction","target":{"@type":"EntryPoint","urlTemplate":"https:\/\/www.todanelo.com\/fr\/?s={search_term_string}"},"query-input":{"@type":"PropertyValueSpecification","valueRequired":true,"valueName":"search_term_string"}}],"inLanguage":"fr-FR"},{"@type":"Organization","@id":"https:\/\/www.todanelo.com\/fr\/#organization","name":"Toda &amp; Nel-lo Abogados","url":"https:\/\/www.todanelo.com\/fr\/","logo":{"@type":"ImageObject","inLanguage":"fr-FR","@id":"https:\/\/www.todanelo.com\/fr\/#\/schema\/logo\/image\/","url":"https:\/\/www.todanelo.com\/wp-content\/uploads\/logo-todanelo.png","contentUrl":"https:\/\/www.todanelo.com\/wp-content\/uploads\/logo-todanelo.png","width":390,"height":161,"caption":"Toda &amp; Nel-lo Abogados"},"image":{"@id":"https:\/\/www.todanelo.com\/fr\/#\/schema\/logo\/image\/"}}]}},"_links":{"self":[{"href":"https:\/\/www.todanelo.com\/fr\/wp-json\/wp\/v2\/pages\/2118","targetHints":{"allow":["GET"]}}],"collection":[{"href":"https:\/\/www.todanelo.com\/fr\/wp-json\/wp\/v2\/pages"}],"about":[{"href":"https:\/\/www.todanelo.com\/fr\/wp-json\/wp\/v2\/types\/page"}],"author":[{"embeddable":true,"href":"https:\/\/www.todanelo.com\/fr\/wp-json\/wp\/v2\/users\/1"}],"replies":[{"embeddable":true,"href":"https:\/\/www.todanelo.com\/fr\/wp-json\/wp\/v2\/comments?post=2118"}],"version-history":[{"count":0,"href":"https:\/\/www.todanelo.com\/fr\/wp-json\/wp\/v2\/pages\/2118\/revisions"}],"wp:attachment":[{"href":"https:\/\/www.todanelo.com\/fr\/wp-json\/wp\/v2\/media?parent=2118"}],"curies":[{"name":"wp","href":"https:\/\/api.w.org\/{rel}","templated":true}]}}