{"id":389,"date":"2024-10-24T10:52:32","date_gmt":"2024-10-24T10:52:32","guid":{"rendered":"https:\/\/beta.todanelo.com\/?page_id=389"},"modified":"2025-06-18T09:46:27","modified_gmt":"2025-06-18T09:46:27","slug":"internacional-desk","status":"publish","type":"page","link":"https:\/\/www.todanelo.com\/es\/internacional-desk\/","title":{"rendered":"Internacional Desk"},"content":{"rendered":"\n<h2>Nuestra misi\u00f3n<\/h2>\n<p>Toda &amp; Nel-lo dispone de un equipo de abogados especializados en el \u00e1rea internacional, para dar soporte y asesoramiento a empresas y particulares en una doble vertiente: por un lado, empresas nacionales que ya est\u00e1n presentes en el exterior o pretenden internacionalizarse y, por otro, empresas y particulares extranjeros que requieren servicios jur\u00eddicos y legales en Espa\u00f1a.<\/p>\n<p>Nuestros abogados, con amplia experiencia en transacciones internacionales, asesoran habitualmente a empresas multinacionales, tanto extranjeras como nacionales, en proyectos de inversi\u00f3n en el exterior, fusiones y adquisiciones (M&amp;A), Joint-ventures, contratos internacionales, reestructuraci\u00f3n de grupos societarios, optimizaci\u00f3n fiscal internacional, y actuaciones litigiosas y arbitrajes internacionales, entre otros servicios.<\/p>\n<p>La firma forma parte de la red internacional <strong><a href=\"https:\/\/legalnetworkinternational.com\/\" target=\"_blank\" rel=\"noopener\">Legal Network International<\/a>\u00a0(LNI)<\/strong> presente en m\u00e1s de 50 pa\u00edses y 130 ciudades, incluyendo los principales centros financieros del mundo.\u00a0LNI es una alianza de despachos de abogados independientes, con vocaci\u00f3n internacional, comprometidos en ofrecer a sus clientes la mejor representaci\u00f3n disponible en sus asuntos transfronterizos. El servicio al cliente es la principal prioridad de los miembros de LNI y, por ello, tratamos de garantizar la m\u00e1s alta calidad de servicio, una respuesta r\u00e1pida y una gran dedicaci\u00f3n a cada asunto.<br \/><br \/><\/p>\n<p><a href=\"https:\/\/legalnetworkinternational.com\/\" target=\"_blank\" rel=\"noopener\"><img loading=\"lazy\" decoding=\"async\" class=\"alignnone wp-image-2090\" src=\"https:\/\/www.todanelo.com\/wp-content\/uploads\/lni-logo-black.png\" alt=\"\" width=\"250\" height=\"48\" srcset=\"https:\/\/www.todanelo.com\/wp-content\/uploads\/lni-logo-black.png 1200w, https:\/\/www.todanelo.com\/wp-content\/uploads\/lni-logo-black-1024x196.png 1024w\" sizes=\"auto, (max-width: 250px) 100vw, 250px\" \/><\/a><\/p>\n<p>\u00a0<\/p>\n<p>El despacho tambi\u00e9n forma parte de <strong>UIAdvance<\/strong>, la red internacional de la Uni\u00f3n Internacional de Abogados (UIA), que re\u00fane a m\u00e1s de dos millones de abogados y de abogados de empresa, colegios de abogados, federaciones y asociaciones repartidos en 110 pa\u00edses, lo que nos permite contar con una red de <a href=\"https:\/\/www.todanelo.com\">despachos de abogados<\/a> de confianza con quienes colaborar en jurisdicciones de todo el mundo.\u00a0<br \/><br \/><\/p>\n<p><a href=\"https:\/\/www.uianet.org\/es\" target=\"_blank\" rel=\"noopener\"><img loading=\"lazy\" decoding=\"async\" class=\"alignnone wp-image-2095 size-full\" src=\"https:\/\/www.todanelo.com\/wp-content\/uploads\/logo-header-es.png\" alt=\"\" width=\"192\" height=\"77\" \/><\/a><\/p>\n<p>\u00a0<\/p>\n<h3>Espa\u00f1a \u2013 Brasil<\/h3>\n<p>Dentro del asesoramiento multicisciplinar del \u00e1rea Internacional de Toda &amp; Nel-lo, nuestro equipo est\u00e1 especializado en dar asesoramiento a empresas espa\u00f1olas que tienen intereses de negocio en Brasil y a empresas con sede brasile\u00f1a que desean establecerse en Espa\u00f1a y que requieren servicios jur\u00eddicos en las diferentes \u00e1reas que intervienen en un proceso de inversi\u00f3n de alcance internacional, como puede ser a nivel Mercantil, Laboral o Fiscal.<\/p>\n<p>El despacho cuenta con una red de despachos colaboradores que trabajan estrechamente con los profesionales de Toda &amp; Nel-lo bajo los principios de excelencia, proximidad al cliente y diagn\u00f3stico orientado al logro de sus objetivos.<\/p>\n<p>Asimismo, Toda &amp; Nel-lo es socio protector y miembro de la Junta Directiva de la <strong>C\u00e1mara de Comercio Brasil-Catalunya<\/strong>, asociaci\u00f3n empresarial adscrita a la <strong>C\u00e1mara de Comercio Brasil-Espa\u00f1a<\/strong> que tiene como objetivo fomentar las relaciones comerciales entre Brasil y Catalu\u00f1a, y ofrecer un amplio portfolio de servicios tanto a las empresas catalanas presentes en Brasil como a las empresas brasile\u00f1as que desean instalarse en Catalu\u00f1a directamente o como puerta de entrada a Europa.<\/p>\n<p><img loading=\"lazy\" decoding=\"async\" class=\"alignnone wp-image-2102\" src=\"https:\/\/www.todanelo.com\/wp-content\/uploads\/logo-ccbc.png\" alt=\"\" width=\"150\" height=\"150\" srcset=\"https:\/\/www.todanelo.com\/wp-content\/uploads\/logo-ccbc.png 960w, https:\/\/www.todanelo.com\/wp-content\/uploads\/logo-ccbc-150x150.png 150w, https:\/\/www.todanelo.com\/wp-content\/uploads\/logo-ccbc-233x233.png 233w\" sizes=\"auto, (max-width: 150px) 100vw, 150px\" \/><\/p>\n\n\n\n<p><\/p>\n","protected":false},"excerpt":{"rendered":"<p>Nuestra misi\u00f3n Toda &amp; Nel-lo dispone de un equipo de abogados especializados en el \u00e1rea internacional, para dar soporte y asesoramiento a empresas y particulares en una doble vertiente: por &hellip;<\/p>\n","protected":false},"author":1,"featured_media":0,"parent":0,"menu_order":0,"comment_status":"closed","ping_status":"closed","template":"page-templates\/page-international.php","meta":{"_acf_changed":false,"footnotes":""},"class_list":["post-389","page","type-page","status-publish","hentry"],"acf":[],"yoast_head":"<!-- This site is optimized with the Yoast SEO plugin v27.2 - https:\/\/yoast.com\/product\/yoast-seo-wordpress\/ -->\n<title>Internacional Desk - Toda &amp; Nel-lo Abogados<\/title>\n<meta name=\"description\" content=\"Nuestra misi\u00f3n Toda &amp; Nel-lo dispone de un equipo de abogados especializados en el \u00e1rea internacional, para dar soporte y asesoramiento a empresas y\" \/>\n<meta name=\"robots\" content=\"index, follow, max-snippet:-1, max-image-preview:large, max-video-preview:-1\" \/>\n<link rel=\"canonical\" href=\"https:\/\/www.todanelo.com\/es\/internacional-desk\/\" \/>\n<meta property=\"og:locale\" content=\"es_ES\" \/>\n<meta property=\"og:type\" content=\"article\" \/>\n<meta property=\"og:title\" content=\"Internacional Desk - Toda &amp; Nel-lo Abogados\" \/>\n<meta property=\"og:description\" content=\"Nuestra misi\u00f3n Toda &amp; Nel-lo dispone de un equipo de abogados especializados en el \u00e1rea internacional, para dar soporte y asesoramiento a empresas y\" \/>\n<meta property=\"og:url\" content=\"https:\/\/www.todanelo.com\/es\/internacional-desk\/\" \/>\n<meta property=\"og:site_name\" content=\"Toda &amp; Nel-lo Abogados\" \/>\n<meta property=\"article:modified_time\" content=\"2025-06-18T09:46:27+00:00\" \/>\n<meta property=\"og:image\" content=\"https:\/\/www.todanelo.com\/wp-content\/uploads\/lni-logo-black.png\" \/>\n<meta name=\"twitter:card\" content=\"summary_large_image\" \/>\n<meta name=\"twitter:label1\" content=\"Tiempo de lectura\" \/>\n\t<meta name=\"twitter:data1\" content=\"3 minutos\" \/>\n<script type=\"application\/ld+json\" class=\"yoast-schema-graph\">{\"@context\":\"https:\/\/schema.org\",\"@graph\":[{\"@type\":\"WebPage\",\"@id\":\"https:\/\/www.todanelo.com\/es\/internacional-desk\/\",\"url\":\"https:\/\/www.todanelo.com\/es\/internacional-desk\/\",\"name\":\"Internacional Desk - Toda &amp; Nel-lo Abogados\",\"isPartOf\":{\"@id\":\"https:\/\/www.todanelo.com\/es\/#website\"},\"primaryImageOfPage\":{\"@id\":\"https:\/\/www.todanelo.com\/es\/internacional-desk\/#primaryimage\"},\"image\":{\"@id\":\"https:\/\/www.todanelo.com\/es\/internacional-desk\/#primaryimage\"},\"thumbnailUrl\":\"https:\/\/www.todanelo.com\/wp-content\/uploads\/lni-logo-black.png\",\"datePublished\":\"2024-10-24T10:52:32+00:00\",\"dateModified\":\"2025-06-18T09:46:27+00:00\",\"description\":\"Nuestra misi\u00f3n Toda &amp; Nel-lo dispone de un equipo de abogados especializados en el \u00e1rea internacional, para dar soporte y asesoramiento a empresas y\",\"breadcrumb\":{\"@id\":\"https:\/\/www.todanelo.com\/es\/internacional-desk\/#breadcrumb\"},\"inLanguage\":\"es\",\"potentialAction\":[{\"@type\":\"ReadAction\",\"target\":[\"https:\/\/www.todanelo.com\/es\/internacional-desk\/\"]}]},{\"@type\":\"ImageObject\",\"inLanguage\":\"es\",\"@id\":\"https:\/\/www.todanelo.com\/es\/internacional-desk\/#primaryimage\",\"url\":\"https:\/\/www.todanelo.com\/wp-content\/uploads\/lni-logo-black.png\",\"contentUrl\":\"https:\/\/www.todanelo.com\/wp-content\/uploads\/lni-logo-black.png\"},{\"@type\":\"BreadcrumbList\",\"@id\":\"https:\/\/www.todanelo.com\/es\/internacional-desk\/#breadcrumb\",\"itemListElement\":[{\"@type\":\"ListItem\",\"position\":1,\"name\":\"Inicio\",\"item\":\"https:\/\/www.todanelo.com\/es\/\"},{\"@type\":\"ListItem\",\"position\":2,\"name\":\"Internacional Desk\"}]},{\"@type\":\"WebSite\",\"@id\":\"https:\/\/www.todanelo.com\/es\/#website\",\"url\":\"https:\/\/www.todanelo.com\/es\/\",\"name\":\"Toda &amp; Nel-lo Abogados\",\"description\":\"Despacho Jur\u00eddico Barcelona y Madrid\",\"publisher\":{\"@id\":\"https:\/\/www.todanelo.com\/es\/#organization\"},\"potentialAction\":[{\"@type\":\"SearchAction\",\"target\":{\"@type\":\"EntryPoint\",\"urlTemplate\":\"https:\/\/www.todanelo.com\/es\/?s={search_term_string}\"},\"query-input\":{\"@type\":\"PropertyValueSpecification\",\"valueRequired\":true,\"valueName\":\"search_term_string\"}}],\"inLanguage\":\"es\"},{\"@type\":\"Organization\",\"@id\":\"https:\/\/www.todanelo.com\/es\/#organization\",\"name\":\"Toda &amp; Nel-lo Abogados\",\"url\":\"https:\/\/www.todanelo.com\/es\/\",\"logo\":{\"@type\":\"ImageObject\",\"inLanguage\":\"es\",\"@id\":\"https:\/\/www.todanelo.com\/es\/#\/schema\/logo\/image\/\",\"url\":\"https:\/\/www.todanelo.com\/wp-content\/uploads\/logo-todanelo.png\",\"contentUrl\":\"https:\/\/www.todanelo.com\/wp-content\/uploads\/logo-todanelo.png\",\"width\":390,\"height\":161,\"caption\":\"Toda &amp; Nel-lo Abogados\"},\"image\":{\"@id\":\"https:\/\/www.todanelo.com\/es\/#\/schema\/logo\/image\/\"}}]}<\/script>\n<!-- \/ Yoast SEO plugin. -->","yoast_head_json":{"title":"Internacional Desk - Toda &amp; Nel-lo Abogados","description":"Nuestra misi\u00f3n Toda &amp; Nel-lo dispone de un equipo de abogados especializados en el \u00e1rea internacional, para dar soporte y asesoramiento a empresas y","robots":{"index":"index","follow":"follow","max-snippet":"max-snippet:-1","max-image-preview":"max-image-preview:large","max-video-preview":"max-video-preview:-1"},"canonical":"https:\/\/www.todanelo.com\/es\/internacional-desk\/","og_locale":"es_ES","og_type":"article","og_title":"Internacional Desk - Toda &amp; Nel-lo Abogados","og_description":"Nuestra misi\u00f3n Toda &amp; Nel-lo dispone de un equipo de abogados especializados en el \u00e1rea internacional, para dar soporte y asesoramiento a empresas y","og_url":"https:\/\/www.todanelo.com\/es\/internacional-desk\/","og_site_name":"Toda &amp; Nel-lo Abogados","article_modified_time":"2025-06-18T09:46:27+00:00","og_image":[{"url":"https:\/\/www.todanelo.com\/wp-content\/uploads\/lni-logo-black.png","type":"","width":"","height":""}],"twitter_card":"summary_large_image","twitter_misc":{"Tiempo de lectura":"3 minutos"},"schema":{"@context":"https:\/\/schema.org","@graph":[{"@type":"WebPage","@id":"https:\/\/www.todanelo.com\/es\/internacional-desk\/","url":"https:\/\/www.todanelo.com\/es\/internacional-desk\/","name":"Internacional Desk - Toda &amp; Nel-lo Abogados","isPartOf":{"@id":"https:\/\/www.todanelo.com\/es\/#website"},"primaryImageOfPage":{"@id":"https:\/\/www.todanelo.com\/es\/internacional-desk\/#primaryimage"},"image":{"@id":"https:\/\/www.todanelo.com\/es\/internacional-desk\/#primaryimage"},"thumbnailUrl":"https:\/\/www.todanelo.com\/wp-content\/uploads\/lni-logo-black.png","datePublished":"2024-10-24T10:52:32+00:00","dateModified":"2025-06-18T09:46:27+00:00","description":"Nuestra misi\u00f3n Toda &amp; Nel-lo dispone de un equipo de abogados especializados en el \u00e1rea internacional, para dar soporte y asesoramiento a empresas y","breadcrumb":{"@id":"https:\/\/www.todanelo.com\/es\/internacional-desk\/#breadcrumb"},"inLanguage":"es","potentialAction":[{"@type":"ReadAction","target":["https:\/\/www.todanelo.com\/es\/internacional-desk\/"]}]},{"@type":"ImageObject","inLanguage":"es","@id":"https:\/\/www.todanelo.com\/es\/internacional-desk\/#primaryimage","url":"https:\/\/www.todanelo.com\/wp-content\/uploads\/lni-logo-black.png","contentUrl":"https:\/\/www.todanelo.com\/wp-content\/uploads\/lni-logo-black.png"},{"@type":"BreadcrumbList","@id":"https:\/\/www.todanelo.com\/es\/internacional-desk\/#breadcrumb","itemListElement":[{"@type":"ListItem","position":1,"name":"Inicio","item":"https:\/\/www.todanelo.com\/es\/"},{"@type":"ListItem","position":2,"name":"Internacional Desk"}]},{"@type":"WebSite","@id":"https:\/\/www.todanelo.com\/es\/#website","url":"https:\/\/www.todanelo.com\/es\/","name":"Toda &amp; Nel-lo Abogados","description":"Despacho Jur\u00eddico Barcelona y Madrid","publisher":{"@id":"https:\/\/www.todanelo.com\/es\/#organization"},"potentialAction":[{"@type":"SearchAction","target":{"@type":"EntryPoint","urlTemplate":"https:\/\/www.todanelo.com\/es\/?s={search_term_string}"},"query-input":{"@type":"PropertyValueSpecification","valueRequired":true,"valueName":"search_term_string"}}],"inLanguage":"es"},{"@type":"Organization","@id":"https:\/\/www.todanelo.com\/es\/#organization","name":"Toda &amp; Nel-lo Abogados","url":"https:\/\/www.todanelo.com\/es\/","logo":{"@type":"ImageObject","inLanguage":"es","@id":"https:\/\/www.todanelo.com\/es\/#\/schema\/logo\/image\/","url":"https:\/\/www.todanelo.com\/wp-content\/uploads\/logo-todanelo.png","contentUrl":"https:\/\/www.todanelo.com\/wp-content\/uploads\/logo-todanelo.png","width":390,"height":161,"caption":"Toda &amp; Nel-lo Abogados"},"image":{"@id":"https:\/\/www.todanelo.com\/es\/#\/schema\/logo\/image\/"}}]}},"_links":{"self":[{"href":"https:\/\/www.todanelo.com\/es\/wp-json\/wp\/v2\/pages\/389","targetHints":{"allow":["GET"]}}],"collection":[{"href":"https:\/\/www.todanelo.com\/es\/wp-json\/wp\/v2\/pages"}],"about":[{"href":"https:\/\/www.todanelo.com\/es\/wp-json\/wp\/v2\/types\/page"}],"author":[{"embeddable":true,"href":"https:\/\/www.todanelo.com\/es\/wp-json\/wp\/v2\/users\/1"}],"replies":[{"embeddable":true,"href":"https:\/\/www.todanelo.com\/es\/wp-json\/wp\/v2\/comments?post=389"}],"version-history":[{"count":0,"href":"https:\/\/www.todanelo.com\/es\/wp-json\/wp\/v2\/pages\/389\/revisions"}],"wp:attachment":[{"href":"https:\/\/www.todanelo.com\/es\/wp-json\/wp\/v2\/media?parent=389"}],"curies":[{"name":"wp","href":"https:\/\/api.w.org\/{rel}","templated":true}]}}