{"id":3466,"date":"2024-12-24T11:51:50","date_gmt":"2024-12-24T11:51:50","guid":{"rendered":"https:\/\/beta.todanelo.com\/?page_id=3466"},"modified":"2025-01-02T12:48:29","modified_gmt":"2025-01-02T12:48:29","slug":"sistema-interno-de-informacion","status":"publish","type":"page","link":"https:\/\/www.todanelo.com\/es\/sistema-interno-de-informacion\/","title":{"rendered":"Sistema Interno de informaci\u00f3n"},"content":{"rendered":"\n<p>TODA &amp; NEL-LO dispone de un Sistema Interno de Informaci\u00f3n que permite denunciar en el contexto laboral o profesional de TODA &amp; NEL-LO, bajo la protecci\u00f3n de la ley, cualquier irregularidad que pueda constituir una infracci\u00f3n penal o administrativa grave o muy grave.<\/p>\n<p>Podr\u00e1n utilizar este canal las siguientes personas:<\/p>\n<ul>\n<li>Los empleados y accionistas.<\/li>\n<li>Los aut\u00f3nomos.<\/li>\n<li>Cualquier persona que trabaje para o bajo la supervisi\u00f3n y direcci\u00f3n de contratistas, subcontratistas y proveedores.<\/li>\n<li>Aquellas que comuniquen informaci\u00f3n sobre infracciones obtenida en el marco de una relaci\u00f3n laboral o estatutaria ya finalizada.<\/li>\n<li>Voluntarios, becarios y trabajadores en periodos de formaci\u00f3n.<\/li>\n<li>Aquellas personas cuya relaci\u00f3n laboral todav\u00eda no haya comenzado en los casos en que la informaci\u00f3n sobre infracciones haya sido obtenida durante el proceso de selecci\u00f3n.<\/li>\n<\/ul>\n<p>Para la utilizaci\u00f3n del Sistema Interno de Informaci\u00f3n de TODA &amp; NEL-LO puede acudir al siguiente enlace\/utilizar el siguiente email:<\/p>\n<p>\u00a0<\/p>\n<p><a class=\"button-primary\" href=\"http:\/\/centinela.lefebvre.es\/public\/concept\/1744299?access=Rdr5fynCLXFpVzYkMwhE0jhjRhcTd59sPQ6iS73VIeI%3d\" target=\"_blank\" rel=\"noopener\">Sistema Interno de informaci\u00f3n<\/a><\/p>\n<p>\u00a0<\/p>\n<p>Tiene a su disposici\u00f3n en <a href=\"http:\/\/centinela.lefebvre.es\/public\/concept\/1744299?access=Rdr5fynCLXFpVzYkMwhE0jhjRhcTd59sPQ6iS73VIeI%3d\" target=\"_blank\" rel=\"noopener\">Sistema Interno de informaci\u00f3n<\/a> la Pol\u00edtica del Sistema de Informaci\u00f3n Interno donde se regulan los derechos y garant\u00edas que asisten a los informantes.<\/p>\n<p>El Sistema Interno de Informaci\u00f3n no es un servicio de emergencia. Las denuncias presentadas a trav\u00e9s de este canal no recibir\u00e1n una respuesta inmediata.<\/p>\n<p>En el caso de que se quiera realizar una reclamaci\u00f3n comercial, el Sistema de Interno de Informaci\u00f3n no es el canal oficial para presentar reclamaciones.<\/p>\n","protected":false},"excerpt":{"rendered":"<p>TODA &amp; NEL-LO dispone de un Sistema Interno de Informaci\u00f3n que permite denunciar en el contexto laboral o profesional de TODA &amp; NEL-LO, bajo la protecci\u00f3n de la ley, cualquier &hellip;<\/p>\n","protected":false},"author":1,"featured_media":0,"parent":0,"menu_order":0,"comment_status":"closed","ping_status":"closed","template":"","meta":{"_acf_changed":false,"footnotes":""},"class_list":["post-3466","page","type-page","status-publish","hentry"],"acf":[],"yoast_head":"<!-- This site is optimized with the Yoast SEO plugin v27.2 - https:\/\/yoast.com\/product\/yoast-seo-wordpress\/ -->\n<title>Sistema Interno de informaci\u00f3n - Toda &amp; Nel-lo Abogados<\/title>\n<meta name=\"description\" content=\"TODA &amp; NEL-LO dispone de un Sistema Interno de Informaci\u00f3n que permite denunciar en el contexto laboral o profesional de TODA &amp; NEL-LO, bajo la\" \/>\n<meta name=\"robots\" content=\"index, follow, max-snippet:-1, max-image-preview:large, max-video-preview:-1\" \/>\n<link rel=\"canonical\" href=\"https:\/\/www.todanelo.com\/es\/sistema-interno-de-informacion\/\" \/>\n<meta property=\"og:locale\" content=\"es_ES\" \/>\n<meta property=\"og:type\" content=\"article\" \/>\n<meta property=\"og:title\" content=\"Sistema Interno de informaci\u00f3n - Toda &amp; Nel-lo Abogados\" \/>\n<meta property=\"og:description\" content=\"TODA &amp; NEL-LO dispone de un Sistema Interno de Informaci\u00f3n que permite denunciar en el contexto laboral o profesional de TODA &amp; NEL-LO, bajo la\" \/>\n<meta property=\"og:url\" content=\"https:\/\/www.todanelo.com\/es\/sistema-interno-de-informacion\/\" \/>\n<meta property=\"og:site_name\" content=\"Toda &amp; Nel-lo Abogados\" \/>\n<meta property=\"article:modified_time\" content=\"2025-01-02T12:48:29+00:00\" \/>\n<meta name=\"twitter:card\" content=\"summary_large_image\" \/>\n<meta name=\"twitter:label1\" content=\"Tiempo de lectura\" \/>\n\t<meta name=\"twitter:data1\" content=\"2 minutos\" \/>\n<script type=\"application\/ld+json\" class=\"yoast-schema-graph\">{\"@context\":\"https:\/\/schema.org\",\"@graph\":[{\"@type\":\"WebPage\",\"@id\":\"https:\/\/www.todanelo.com\/es\/sistema-interno-de-informacion\/\",\"url\":\"https:\/\/www.todanelo.com\/es\/sistema-interno-de-informacion\/\",\"name\":\"Sistema Interno de informaci\u00f3n - Toda &amp; Nel-lo Abogados\",\"isPartOf\":{\"@id\":\"https:\/\/www.todanelo.com\/es\/#website\"},\"datePublished\":\"2024-12-24T11:51:50+00:00\",\"dateModified\":\"2025-01-02T12:48:29+00:00\",\"description\":\"TODA &amp; NEL-LO dispone de un Sistema Interno de Informaci\u00f3n que permite denunciar en el contexto laboral o profesional de TODA &amp; NEL-LO, bajo la\",\"breadcrumb\":{\"@id\":\"https:\/\/www.todanelo.com\/es\/sistema-interno-de-informacion\/#breadcrumb\"},\"inLanguage\":\"es\",\"potentialAction\":[{\"@type\":\"ReadAction\",\"target\":[\"https:\/\/www.todanelo.com\/es\/sistema-interno-de-informacion\/\"]}]},{\"@type\":\"BreadcrumbList\",\"@id\":\"https:\/\/www.todanelo.com\/es\/sistema-interno-de-informacion\/#breadcrumb\",\"itemListElement\":[{\"@type\":\"ListItem\",\"position\":1,\"name\":\"Inicio\",\"item\":\"https:\/\/www.todanelo.com\/es\/\"},{\"@type\":\"ListItem\",\"position\":2,\"name\":\"Sistema Interno de informaci\u00f3n\"}]},{\"@type\":\"WebSite\",\"@id\":\"https:\/\/www.todanelo.com\/es\/#website\",\"url\":\"https:\/\/www.todanelo.com\/es\/\",\"name\":\"Toda &amp; Nel-lo Abogados\",\"description\":\"Despacho Jur\u00eddico Barcelona y Madrid\",\"publisher\":{\"@id\":\"https:\/\/www.todanelo.com\/es\/#organization\"},\"potentialAction\":[{\"@type\":\"SearchAction\",\"target\":{\"@type\":\"EntryPoint\",\"urlTemplate\":\"https:\/\/www.todanelo.com\/es\/?s={search_term_string}\"},\"query-input\":{\"@type\":\"PropertyValueSpecification\",\"valueRequired\":true,\"valueName\":\"search_term_string\"}}],\"inLanguage\":\"es\"},{\"@type\":\"Organization\",\"@id\":\"https:\/\/www.todanelo.com\/es\/#organization\",\"name\":\"Toda &amp; Nel-lo Abogados\",\"url\":\"https:\/\/www.todanelo.com\/es\/\",\"logo\":{\"@type\":\"ImageObject\",\"inLanguage\":\"es\",\"@id\":\"https:\/\/www.todanelo.com\/es\/#\/schema\/logo\/image\/\",\"url\":\"https:\/\/www.todanelo.com\/wp-content\/uploads\/logo-todanelo.png\",\"contentUrl\":\"https:\/\/www.todanelo.com\/wp-content\/uploads\/logo-todanelo.png\",\"width\":390,\"height\":161,\"caption\":\"Toda &amp; Nel-lo Abogados\"},\"image\":{\"@id\":\"https:\/\/www.todanelo.com\/es\/#\/schema\/logo\/image\/\"}}]}<\/script>\n<!-- \/ Yoast SEO plugin. -->","yoast_head_json":{"title":"Sistema Interno de informaci\u00f3n - Toda &amp; Nel-lo Abogados","description":"TODA &amp; NEL-LO dispone de un Sistema Interno de Informaci\u00f3n que permite denunciar en el contexto laboral o profesional de TODA &amp; NEL-LO, bajo la","robots":{"index":"index","follow":"follow","max-snippet":"max-snippet:-1","max-image-preview":"max-image-preview:large","max-video-preview":"max-video-preview:-1"},"canonical":"https:\/\/www.todanelo.com\/es\/sistema-interno-de-informacion\/","og_locale":"es_ES","og_type":"article","og_title":"Sistema Interno de informaci\u00f3n - Toda &amp; Nel-lo Abogados","og_description":"TODA &amp; NEL-LO dispone de un Sistema Interno de Informaci\u00f3n que permite denunciar en el contexto laboral o profesional de TODA &amp; NEL-LO, bajo la","og_url":"https:\/\/www.todanelo.com\/es\/sistema-interno-de-informacion\/","og_site_name":"Toda &amp; Nel-lo Abogados","article_modified_time":"2025-01-02T12:48:29+00:00","twitter_card":"summary_large_image","twitter_misc":{"Tiempo de lectura":"2 minutos"},"schema":{"@context":"https:\/\/schema.org","@graph":[{"@type":"WebPage","@id":"https:\/\/www.todanelo.com\/es\/sistema-interno-de-informacion\/","url":"https:\/\/www.todanelo.com\/es\/sistema-interno-de-informacion\/","name":"Sistema Interno de informaci\u00f3n - Toda &amp; Nel-lo Abogados","isPartOf":{"@id":"https:\/\/www.todanelo.com\/es\/#website"},"datePublished":"2024-12-24T11:51:50+00:00","dateModified":"2025-01-02T12:48:29+00:00","description":"TODA &amp; NEL-LO dispone de un Sistema Interno de Informaci\u00f3n que permite denunciar en el contexto laboral o profesional de TODA &amp; NEL-LO, bajo la","breadcrumb":{"@id":"https:\/\/www.todanelo.com\/es\/sistema-interno-de-informacion\/#breadcrumb"},"inLanguage":"es","potentialAction":[{"@type":"ReadAction","target":["https:\/\/www.todanelo.com\/es\/sistema-interno-de-informacion\/"]}]},{"@type":"BreadcrumbList","@id":"https:\/\/www.todanelo.com\/es\/sistema-interno-de-informacion\/#breadcrumb","itemListElement":[{"@type":"ListItem","position":1,"name":"Inicio","item":"https:\/\/www.todanelo.com\/es\/"},{"@type":"ListItem","position":2,"name":"Sistema Interno de informaci\u00f3n"}]},{"@type":"WebSite","@id":"https:\/\/www.todanelo.com\/es\/#website","url":"https:\/\/www.todanelo.com\/es\/","name":"Toda &amp; Nel-lo Abogados","description":"Despacho Jur\u00eddico Barcelona y Madrid","publisher":{"@id":"https:\/\/www.todanelo.com\/es\/#organization"},"potentialAction":[{"@type":"SearchAction","target":{"@type":"EntryPoint","urlTemplate":"https:\/\/www.todanelo.com\/es\/?s={search_term_string}"},"query-input":{"@type":"PropertyValueSpecification","valueRequired":true,"valueName":"search_term_string"}}],"inLanguage":"es"},{"@type":"Organization","@id":"https:\/\/www.todanelo.com\/es\/#organization","name":"Toda &amp; Nel-lo Abogados","url":"https:\/\/www.todanelo.com\/es\/","logo":{"@type":"ImageObject","inLanguage":"es","@id":"https:\/\/www.todanelo.com\/es\/#\/schema\/logo\/image\/","url":"https:\/\/www.todanelo.com\/wp-content\/uploads\/logo-todanelo.png","contentUrl":"https:\/\/www.todanelo.com\/wp-content\/uploads\/logo-todanelo.png","width":390,"height":161,"caption":"Toda &amp; Nel-lo Abogados"},"image":{"@id":"https:\/\/www.todanelo.com\/es\/#\/schema\/logo\/image\/"}}]}},"_links":{"self":[{"href":"https:\/\/www.todanelo.com\/es\/wp-json\/wp\/v2\/pages\/3466","targetHints":{"allow":["GET"]}}],"collection":[{"href":"https:\/\/www.todanelo.com\/es\/wp-json\/wp\/v2\/pages"}],"about":[{"href":"https:\/\/www.todanelo.com\/es\/wp-json\/wp\/v2\/types\/page"}],"author":[{"embeddable":true,"href":"https:\/\/www.todanelo.com\/es\/wp-json\/wp\/v2\/users\/1"}],"replies":[{"embeddable":true,"href":"https:\/\/www.todanelo.com\/es\/wp-json\/wp\/v2\/comments?post=3466"}],"version-history":[{"count":0,"href":"https:\/\/www.todanelo.com\/es\/wp-json\/wp\/v2\/pages\/3466\/revisions"}],"wp:attachment":[{"href":"https:\/\/www.todanelo.com\/es\/wp-json\/wp\/v2\/media?parent=3466"}],"curies":[{"name":"wp","href":"https:\/\/api.w.org\/{rel}","templated":true}]}}