{"id":3,"date":"2022-03-30T09:27:15","date_gmt":"2022-03-30T09:27:15","guid":{"rendered":"https:\/\/beta.todanelo.com\/?page_id=3"},"modified":"2024-12-23T13:15:52","modified_gmt":"2024-12-23T13:15:52","slug":"politica-de-privacidad","status":"publish","type":"page","link":"https:\/\/www.todanelo.com\/es\/politica-de-privacidad\/","title":{"rendered":"Pol\u00edtica de privacidad y Comunicaciones"},"content":{"rendered":"\n<p>IURISDIAGONAL, S.L.P. respeta la legislaci\u00f3n vigente en materia de protecci\u00f3n de datos personales, la privacidad de los usuarios y el secreto y seguridad de los datos, de conformidad con lo establecido en la legislaci\u00f3n aplicable en materia de protecci\u00f3n de datos, y aplica las medidas t\u00e9cnicas y organizativas apropiadas a fin de garantizar y poder demostrar que el tratamiento de datos de los que IURISDIAGONAL, S.L.P. es responsable cumple con la referida normativa.<\/p>\n\n\n\n<p>La presente Pol\u00edtica de Privacidad tiene por objeto dar informaci\u00f3n sobre el uso que IURISDIAGONAL, S.L.P. hace de los datos personales que el Usuario facilite al acceder y navegar por su Web. Los datos personales s\u00f3lo ser\u00e1n obtenidos por IURISDIAGONAL, S.L.P. para su tratamiento, cuando sean adecuados, pertinentes y no excesivos en relaci\u00f3n con el \u00e1mbito y las finalidades determinadas, expl\u00edcitas y leg\u00edtimas para las que se hayan obtenido.<\/p>\n\n\n\n<p>Por ello, IURISDIAGONAL, S.L.P. informa a los usuarios de los principales extremos sobre su pol\u00edtica de privacidad y acceso a los datos personales:<\/p>\n\n\n\n<p><strong>1. INFORMACI\u00d3N DE CONTACTO DEL RESPONSABLE<\/strong><\/p>\n\n\n\n<p>IURISDIAGONAL, S.L.P. sociedad domiciliada en Avda. Diagonal, N.\u00ba 520, 5\u00ba, 2\u00aa, 08006 Barcelona y tel\u00e9fono 93 363 40 00, (en adelante, IURISDIAGONAL o TODA NEL-LO es el Responsable del presente Sitio Web&nbsp;<a href=\"http:\/\/www.todanel-lo.com\/\">www.todanel-lo.com<\/a>, (en adelante la Web) y del tratamiento de los datos personales que el Usuario facilite a trav\u00e9s de la misma. El Usuario tambi\u00e9n puede contactar con el Responsable de Protecci\u00f3n de Datos en la siguiente direcci\u00f3n de e-mail:&nbsp;<a href=\"mailto:protecciondedatos@todanelo.com\">protecciondedatos@todanelo.com<\/a>.<\/p>\n\n\n\n<p><strong>2. INFORMACI\u00d3N Y LEGITIMACI\u00d3N DEL TRATAMIENTO<\/strong><\/p>\n\n\n\n<p>La base legal&nbsp;para el tratamiento de los datos personales est\u00e1 basada en:<\/p>\n\n\n\n<ul class=\"wp-block-list\">\n<li><strong>Consentimiento del interesado:<\/strong>\u00a0el consentimiento expreso de los usuarios suscriptores para el env\u00edo de circulares e informaci\u00f3n jur\u00eddica o sobre actividades relacionadas con la prestaci\u00f3n de servicios de TODA NEL-LO.<\/li>\n\n\n\n<li><strong>Cumplimiento de un contrato:\u00a0<\/strong>los datos personales de clientes de TODA NEL-LO son necesarios para la ejecuci\u00f3n del contrato de prestaci\u00f3n de servicios.<\/li>\n\n\n\n<li><strong>Consentimiento y el inter\u00e9s leg\u00edtimo:<\/strong>\u00a0en el caso de env\u00edo de informaci\u00f3n jur\u00eddica de actualidad a trav\u00e9s de la NEWSLETTER u otros medios como correo electr\u00f3nico y\/o medios equivalentes.<\/li>\n\n\n\n<li><strong>La necesidad del tratamiento para la aplicaci\u00f3n de medidas precontractuales o en el contexto de la intenci\u00f3n de concluir un contrato en el que el candidato sea parte, el consentimiento expreso y el cumplimiento de una obligaci\u00f3n legal:<\/strong> en el caso de procesos de selecci\u00f3n de profesionales.<\/li>\n<\/ul>\n\n\n\n<p><strong>La tipolog\u00eda de datos<\/strong>&nbsp;que recoge y trata TODA NEL-LO de los Usuarios en la Web se corresponden con los datos personales identificativos, de contacto y los incluidos en los curriculum vitae, facilitados por: suscriptores a la Newsletter de TODA NEL-LO, por participaci\u00f3n previa inscripci\u00f3n a eventos o actividades organizadas por TODA NEL-LO, por la realizaci\u00f3n de consultas y\/o sugerencias de los usuarios, o por la participaci\u00f3n en procesos de selecci\u00f3n de profesionales.<\/p>\n\n\n\n<p>Todos los datos que se soliciten como obligatorios en los formularios de la Web (los campos se\u00f1alados con asterisco) son necesarios para que TODA NEL-LO gestione los mismos con la finalidad indicada en cada caso. La falta de cualquiera de estos datos comportar\u00e1 la imposibilidad de que TODA NEL-LO atienda los mismos. En todo caso, el Usuario responde de la veracidad de los datos facilitados, y se compromete a comunicar a TODA NEL-LO los cambios que se produzcan de los mismos, reserv\u00e1ndose TODA NEL-LO el derecho a rechazar las comunicaciones que hayan facilitado datos falsos o inexactos.<\/p>\n\n\n\n<p><strong>Las finalidades de los tratamientos<\/strong>&nbsp;de datos por parte de TODA NEL-LO son las de:<\/p>\n\n\n\n<ol class=\"wp-block-list\">\n<li>Gestionar las consultas planteadas a trav\u00e9s del sitio web por los usuarios,<\/li>\n\n\n\n<li>Mantenimiento de la relaci\u00f3n con los clientes,<\/li>\n\n\n\n<li>Env\u00edo de circulares informativas, as\u00ed como informaci\u00f3n jur\u00eddica de actualidad a trav\u00e9s de la Newsletter u otros medios como correo electr\u00f3nico y\/o medios equivalentes.<\/li>\n\n\n\n<li>La gesti\u00f3n de eventos organizados por TODA NEL-LO,<\/li>\n\n\n\n<li>La gesti\u00f3n de procesos de selecci\u00f3n de profesionales.<\/li>\n<\/ol>\n\n\n\n<p><strong>Criterios de conservaci\u00f3n de los datos:<\/strong> los datos se conservar\u00e1n durante el plazo estrictamente necesario para mantener la finalidad del tratamiento, sin perjuicio de su conservaci\u00f3n para la puesta a disposici\u00f3n de las autoridades competentes o hacer frente a posibles reclamaciones, en cuyo caso los datos se conservar\u00e1n bloqueados hasta la finalizaci\u00f3n de los plazos de prescripci\u00f3n, momento entonces que ser\u00e1n eliminados con las medidas de seguridad adecuadas.<\/p>\n\n\n\n<p>En el tratamiento de datos personales para la gesti\u00f3n de procesos de selecci\u00f3n de profesionales, el plazo de conservaci\u00f3n ser\u00e1 la duraci\u00f3n del proceso de selecci\u00f3n, salvo que el candidato hay otorgado su consentimiento para ser conservados para futuros procesos de selecci\u00f3n, en cuyo caso el plazo ser\u00e1 de 24 meses.<\/p>\n\n\n\n<p><strong>Destinatarios de los datos:<\/strong>&nbsp;TODA NEL-LO no comunicar\u00e1 a terceros los datos facilitados por los Usuarios, salvo consentimiento previo de estos o sea necesario por imperativo legal, o el proveedor sea un encargado de tratamiento de TODA NEL-LO.<\/p>\n\n\n\n<p>TODA NEL-LO mantendr\u00e1 la confidencialidad de dichos datos, as\u00ed como las medidas de seguridad exigibles legalmente de conformidad con la naturaleza de los mismos, y no se someter\u00e1n a decisiones automatizadas. TODA NEL-LO no elabora perfiles.<\/p>\n\n\n\n<p><strong>3. DERECHOS DE LOS USUARIOS<\/strong><\/p>\n\n\n\n<p>Le informamos que podr\u00e1 ejercer los siguientes derechos:<\/p>\n\n\n\n<ol class=\"wp-block-list\">\n<li>Derecho a retirar el consentimiento en cualquier momento, sin que ello afecte a la licitud del tratamiento basado en el consentimiento previo a su retirada.<\/li>\n\n\n\n<li>Derecho de acceso, rectificaci\u00f3n, portabilidad y supresi\u00f3n de sus datos y a la limitaci\u00f3n u oposici\u00f3n al su tratamiento.<\/li>\n\n\n\n<li>Derecho a presentar una reclamaci\u00f3n ante la autoridad de control (<a href=\"http:\/\/www.agpd.es\/\">www.agpd.es<\/a>) si considera que el tratamiento no se ajusta a la normativa vigente.<\/li>\n<\/ol>\n\n\n\n<p>Podr\u00e1 ejercitar sus derechos en cualquier momento y de forma gratuita dirigi\u00e9ndose personalmente o mediante carta,&nbsp;acompa\u00f1ada en cualquier caso de copia de su Documento Nacional de Identidad o documento equivalente que acredite su identidad, a IURISDIAGONAL, S.L.P., Av. Diagonal N.\u00ba 520, 5\u00ba 2\u00aa (08006 Barcelona), o bien mediante correo electr\u00f3nico a la direcci\u00f3n&nbsp;<a href=\"mailto:protecciondedatos@todanelo.com\">protecciondedatos@todanelo.com<\/a>.&nbsp;<\/p>\n\n\n\n<p>Asimismo, en el caso de que el Usuario quiera realizar una consulta en relaci\u00f3n con el tratamiento de sus datos personales en este Sitio Web, tambi\u00e9n podr\u00e1 dirigirse a las direcciones anteriormente citadas para el ejercicio de los derechos de los usuarios.<\/p>\n\n\n\n<p><strong>4. CONFIDENCIALIDAD Y SEGURIDAD DEL TRATAMIENTO<\/strong><\/p>\n\n\n\n<p>Los datos personales son tratados por IURISDIAGONAL, S.L.P con la m\u00e1xima reserva, confidencialidad y seguridad, estableciendo los medios t\u00e9cnicos y organizativos a su alcance para evitar la p\u00e9rdida, mal uso, alteraci\u00f3n, acceso no autorizado o copia de los datos personales facilitados en este Sitio Web.<\/p>\n\n\n\n<p><strong>5. MODIFICACIONES DE LA POL\u00cdTICA DE PRIVACIDAD<\/strong><\/p>\n\n\n\n<p>IURISDIAGONAL, S.L.P. se reserva el derecho a modificar las presentes condiciones de su Pol\u00edtica de Privacidad de conformidad con la legislaci\u00f3n aplicable en cada momento. Cualquier modificaci\u00f3n ser\u00e1 incluida en las presentes condiciones y&nbsp;publicada en la Web a la que tendr\u00e1n acceso todos los Usuarios.<\/p>\n","protected":false},"excerpt":{"rendered":"<p>IURISDIAGONAL, S.L.P. respeta la legislaci\u00f3n vigente en materia de protecci\u00f3n de datos personales, la privacidad de los usuarios y el secreto y seguridad de los datos, de conformidad con lo &hellip;<\/p>\n","protected":false},"author":1,"featured_media":0,"parent":0,"menu_order":0,"comment_status":"closed","ping_status":"open","template":"","meta":{"_acf_changed":false,"footnotes":""},"class_list":["post-3","page","type-page","status-publish","hentry"],"acf":[],"yoast_head":"<!-- This site is optimized with the Yoast SEO plugin v27.2 - https:\/\/yoast.com\/product\/yoast-seo-wordpress\/ -->\n<title>Pol\u00edtica de privacidad y Comunicaciones - Toda &amp; Nel-lo Abogados<\/title>\n<meta name=\"description\" content=\"IURISDIAGONAL, S.L.P. respeta la legislaci\u00f3n vigente en materia de protecci\u00f3n de datos personales, la privacidad de los usuarios y el secreto y seguridad\" \/>\n<meta name=\"robots\" content=\"index, follow, max-snippet:-1, max-image-preview:large, max-video-preview:-1\" \/>\n<link rel=\"canonical\" href=\"https:\/\/www.todanelo.com\/es\/politica-de-privacidad\/\" \/>\n<meta property=\"og:locale\" content=\"es_ES\" \/>\n<meta property=\"og:type\" content=\"article\" \/>\n<meta property=\"og:title\" content=\"Pol\u00edtica de privacidad y Comunicaciones - Toda &amp; Nel-lo Abogados\" \/>\n<meta property=\"og:description\" content=\"IURISDIAGONAL, S.L.P. respeta la legislaci\u00f3n vigente en materia de protecci\u00f3n de datos personales, la privacidad de los usuarios y el secreto y seguridad\" \/>\n<meta property=\"og:url\" content=\"https:\/\/www.todanelo.com\/es\/politica-de-privacidad\/\" \/>\n<meta property=\"og:site_name\" content=\"Toda &amp; Nel-lo Abogados\" \/>\n<meta property=\"article:modified_time\" content=\"2024-12-23T13:15:52+00:00\" \/>\n<meta name=\"twitter:card\" content=\"summary_large_image\" \/>\n<meta name=\"twitter:label1\" content=\"Tiempo de lectura\" \/>\n\t<meta name=\"twitter:data1\" content=\"6 minutos\" \/>\n<script type=\"application\/ld+json\" class=\"yoast-schema-graph\">{\"@context\":\"https:\/\/schema.org\",\"@graph\":[{\"@type\":\"WebPage\",\"@id\":\"https:\/\/www.todanelo.com\/es\/politica-de-privacidad\/\",\"url\":\"https:\/\/www.todanelo.com\/es\/politica-de-privacidad\/\",\"name\":\"Pol\u00edtica de privacidad y Comunicaciones - Toda &amp; Nel-lo Abogados\",\"isPartOf\":{\"@id\":\"https:\/\/www.todanelo.com\/es\/#website\"},\"datePublished\":\"2022-03-30T09:27:15+00:00\",\"dateModified\":\"2024-12-23T13:15:52+00:00\",\"description\":\"IURISDIAGONAL, S.L.P. respeta la legislaci\u00f3n vigente en materia de protecci\u00f3n de datos personales, la privacidad de los usuarios y el secreto y seguridad\",\"breadcrumb\":{\"@id\":\"https:\/\/www.todanelo.com\/es\/politica-de-privacidad\/#breadcrumb\"},\"inLanguage\":\"es\",\"potentialAction\":[{\"@type\":\"ReadAction\",\"target\":[\"https:\/\/www.todanelo.com\/es\/politica-de-privacidad\/\"]}]},{\"@type\":\"BreadcrumbList\",\"@id\":\"https:\/\/www.todanelo.com\/es\/politica-de-privacidad\/#breadcrumb\",\"itemListElement\":[{\"@type\":\"ListItem\",\"position\":1,\"name\":\"Inicio\",\"item\":\"https:\/\/www.todanelo.com\/es\/\"},{\"@type\":\"ListItem\",\"position\":2,\"name\":\"Pol\u00edtica de privacidad y Comunicaciones\"}]},{\"@type\":\"WebSite\",\"@id\":\"https:\/\/www.todanelo.com\/es\/#website\",\"url\":\"https:\/\/www.todanelo.com\/es\/\",\"name\":\"Toda &amp; Nel-lo Abogados\",\"description\":\"Despacho Jur\u00eddico Barcelona y Madrid\",\"publisher\":{\"@id\":\"https:\/\/www.todanelo.com\/es\/#organization\"},\"potentialAction\":[{\"@type\":\"SearchAction\",\"target\":{\"@type\":\"EntryPoint\",\"urlTemplate\":\"https:\/\/www.todanelo.com\/es\/?s={search_term_string}\"},\"query-input\":{\"@type\":\"PropertyValueSpecification\",\"valueRequired\":true,\"valueName\":\"search_term_string\"}}],\"inLanguage\":\"es\"},{\"@type\":\"Organization\",\"@id\":\"https:\/\/www.todanelo.com\/es\/#organization\",\"name\":\"Toda &amp; Nel-lo Abogados\",\"url\":\"https:\/\/www.todanelo.com\/es\/\",\"logo\":{\"@type\":\"ImageObject\",\"inLanguage\":\"es\",\"@id\":\"https:\/\/www.todanelo.com\/es\/#\/schema\/logo\/image\/\",\"url\":\"https:\/\/www.todanelo.com\/wp-content\/uploads\/logo-todanelo.png\",\"contentUrl\":\"https:\/\/www.todanelo.com\/wp-content\/uploads\/logo-todanelo.png\",\"width\":390,\"height\":161,\"caption\":\"Toda &amp; Nel-lo Abogados\"},\"image\":{\"@id\":\"https:\/\/www.todanelo.com\/es\/#\/schema\/logo\/image\/\"}}]}<\/script>\n<!-- \/ Yoast SEO plugin. -->","yoast_head_json":{"title":"Pol\u00edtica de privacidad y Comunicaciones - Toda &amp; Nel-lo Abogados","description":"IURISDIAGONAL, S.L.P. respeta la legislaci\u00f3n vigente en materia de protecci\u00f3n de datos personales, la privacidad de los usuarios y el secreto y seguridad","robots":{"index":"index","follow":"follow","max-snippet":"max-snippet:-1","max-image-preview":"max-image-preview:large","max-video-preview":"max-video-preview:-1"},"canonical":"https:\/\/www.todanelo.com\/es\/politica-de-privacidad\/","og_locale":"es_ES","og_type":"article","og_title":"Pol\u00edtica de privacidad y Comunicaciones - Toda &amp; Nel-lo Abogados","og_description":"IURISDIAGONAL, S.L.P. respeta la legislaci\u00f3n vigente en materia de protecci\u00f3n de datos personales, la privacidad de los usuarios y el secreto y seguridad","og_url":"https:\/\/www.todanelo.com\/es\/politica-de-privacidad\/","og_site_name":"Toda &amp; Nel-lo Abogados","article_modified_time":"2024-12-23T13:15:52+00:00","twitter_card":"summary_large_image","twitter_misc":{"Tiempo de lectura":"6 minutos"},"schema":{"@context":"https:\/\/schema.org","@graph":[{"@type":"WebPage","@id":"https:\/\/www.todanelo.com\/es\/politica-de-privacidad\/","url":"https:\/\/www.todanelo.com\/es\/politica-de-privacidad\/","name":"Pol\u00edtica de privacidad y Comunicaciones - Toda &amp; Nel-lo Abogados","isPartOf":{"@id":"https:\/\/www.todanelo.com\/es\/#website"},"datePublished":"2022-03-30T09:27:15+00:00","dateModified":"2024-12-23T13:15:52+00:00","description":"IURISDIAGONAL, S.L.P. respeta la legislaci\u00f3n vigente en materia de protecci\u00f3n de datos personales, la privacidad de los usuarios y el secreto y seguridad","breadcrumb":{"@id":"https:\/\/www.todanelo.com\/es\/politica-de-privacidad\/#breadcrumb"},"inLanguage":"es","potentialAction":[{"@type":"ReadAction","target":["https:\/\/www.todanelo.com\/es\/politica-de-privacidad\/"]}]},{"@type":"BreadcrumbList","@id":"https:\/\/www.todanelo.com\/es\/politica-de-privacidad\/#breadcrumb","itemListElement":[{"@type":"ListItem","position":1,"name":"Inicio","item":"https:\/\/www.todanelo.com\/es\/"},{"@type":"ListItem","position":2,"name":"Pol\u00edtica de privacidad y Comunicaciones"}]},{"@type":"WebSite","@id":"https:\/\/www.todanelo.com\/es\/#website","url":"https:\/\/www.todanelo.com\/es\/","name":"Toda &amp; Nel-lo Abogados","description":"Despacho Jur\u00eddico Barcelona y Madrid","publisher":{"@id":"https:\/\/www.todanelo.com\/es\/#organization"},"potentialAction":[{"@type":"SearchAction","target":{"@type":"EntryPoint","urlTemplate":"https:\/\/www.todanelo.com\/es\/?s={search_term_string}"},"query-input":{"@type":"PropertyValueSpecification","valueRequired":true,"valueName":"search_term_string"}}],"inLanguage":"es"},{"@type":"Organization","@id":"https:\/\/www.todanelo.com\/es\/#organization","name":"Toda &amp; Nel-lo Abogados","url":"https:\/\/www.todanelo.com\/es\/","logo":{"@type":"ImageObject","inLanguage":"es","@id":"https:\/\/www.todanelo.com\/es\/#\/schema\/logo\/image\/","url":"https:\/\/www.todanelo.com\/wp-content\/uploads\/logo-todanelo.png","contentUrl":"https:\/\/www.todanelo.com\/wp-content\/uploads\/logo-todanelo.png","width":390,"height":161,"caption":"Toda &amp; Nel-lo Abogados"},"image":{"@id":"https:\/\/www.todanelo.com\/es\/#\/schema\/logo\/image\/"}}]}},"_links":{"self":[{"href":"https:\/\/www.todanelo.com\/es\/wp-json\/wp\/v2\/pages\/3","targetHints":{"allow":["GET"]}}],"collection":[{"href":"https:\/\/www.todanelo.com\/es\/wp-json\/wp\/v2\/pages"}],"about":[{"href":"https:\/\/www.todanelo.com\/es\/wp-json\/wp\/v2\/types\/page"}],"author":[{"embeddable":true,"href":"https:\/\/www.todanelo.com\/es\/wp-json\/wp\/v2\/users\/1"}],"replies":[{"embeddable":true,"href":"https:\/\/www.todanelo.com\/es\/wp-json\/wp\/v2\/comments?post=3"}],"version-history":[{"count":0,"href":"https:\/\/www.todanelo.com\/es\/wp-json\/wp\/v2\/pages\/3\/revisions"}],"wp:attachment":[{"href":"https:\/\/www.todanelo.com\/es\/wp-json\/wp\/v2\/media?parent=3"}],"curies":[{"name":"wp","href":"https:\/\/api.w.org\/{rel}","templated":true}]}}