{"id":272,"date":"2023-12-18T15:33:19","date_gmt":"2023-12-18T15:33:19","guid":{"rendered":"https:\/\/beta.todanelo.com\/?page_id=272"},"modified":"2024-12-23T13:14:13","modified_gmt":"2024-12-23T13:14:13","slug":"politica-de-cookies","status":"publish","type":"page","link":"https:\/\/www.todanelo.com\/es\/politica-de-cookies\/","title":{"rendered":"Pol\u00edtica de cookies"},"content":{"rendered":"\n<h2 class=\"wp-block-heading\">1. INFORMACION GENERAL.<\/h2>\n\n\n\n<p>Una cookie es un fichero que se descarga en su ordenador al acceder a determinadas p\u00e1ginas web. Las cookies permiten almacenar y recuperar informaci\u00f3n sobre los h\u00e1bitos de navegaci\u00f3n de un usuario o de su equipo, as\u00ed como ofrecer un correcto funcionamiento del Sitio.<\/p>\n\n\n\n<p>Mediante el uso de cookies se permite al servidor Web recordar algunos datos concernientes al usuario, como sus preferencias para la visualizaci\u00f3n de las p\u00e1ginas de ese servidor, la ciudad a la que est\u00e1 asignada la direcci\u00f3n IP desde la que se accede, el n\u00famero de nuevos usuarios, la frecuencia y reincidencia de las visitas, el tiempo de visita, el navegador o el operador o tipo de terminal desde el que se realiza la visita. En ning\u00fan caso se obtienen datos sobre el nombre, apellidos, direcci\u00f3n postal u otros datos an\u00e1logos del usuario que se ha conectado.<\/p>\n\n\n\n<h2 class=\"wp-block-heading\">2. TIPOS Y CATEGOR\u00cdAS DE COOKIES<\/h2>\n\n\n\n<h3 class=\"wp-block-heading\">2.1.- Seg\u00fan entidad que las gestione:<\/h3>\n\n\n\n<p><strong>Cookies propias<\/strong>: Son aquellas que se env\u00edan al equipo terminal del usuario desde un equipo o dominio gestionado por el responsable de la web.<\/p>\n\n\n\n<p><strong>Cookies de terceros<\/strong>: Son aquellas que se env\u00edan al equipo terminal del usuario desde un equipo o dominio gestionado por terceros que tratan los datos obtenidos a trav\u00e9s de las cookies.<\/p>\n\n\n\n<h3 class=\"wp-block-heading\">2.2.- Seg\u00fan el plazo de tiempo que permanezcan actividades:<\/h3>\n\n\n\n<p><strong>Cookies de sesi\u00f3n<\/strong>: Son aquellas dise\u00f1adas para recabar y almacenar datos mientras el usuario accede a una web y desaparecen al terminar la sesi\u00f3n.&nbsp;<\/p>\n\n\n\n<p><strong>Cookies persistentes<\/strong>: Son aquellas en las que los datos siguen almacenados en el terminal y a los que se puede acceder y tratar durante un periodo de tiempo definido por el responsable de la cookie, y que puede ir de unos minutos a varios a\u00f1os.<\/p>\n\n\n\n<h3 class=\"wp-block-heading\">2.3.- Seg\u00fan su finalidad:<\/h3>\n\n\n\n<p><strong>Cookies t\u00e9cnicas<\/strong>: Son aquellas que permiten al usuario navegar a trav\u00e9s una p\u00e1gina web y utilizar las diferentes opciones o servicios que se ofrecen, como, controlar el tr\u00e1fico y la comunicaci\u00f3n de datos, identificar la sesi\u00f3n, acceder a partes de acceso restringido, realizar una solicitud de inscripci\u00f3n, utilizar elementos de seguridad durante la navegaci\u00f3n, etc. Al ser necesarias para el funcionamiento de la web, estas cookies estar\u00e1n actividades y no podr\u00e1n rechazarse.<\/p>\n\n\n\n<p><strong>Cookies de personalizaci\u00f3n o preferencias<\/strong>: Son aquellas que permiten recordar informaci\u00f3n para que el usuario acceda al servicio con determinadas caracter\u00edsticas que pueden diferenciar su experiencia de la de otros usuarios, como el idioma, el n\u00famero de resultados a mostrar cuando el usuario realiza una b\u00fasqueda, el tipo de navegador desde cual accede al servicio, etc.<\/p>\n\n\n\n<p><strong>Cookies de an\u00e1lisis o medici\u00f3n<\/strong>: Son aquellas que permiten realizar un seguimiento y an\u00e1lisis del comportamiento de los usuarios de la web -medici\u00f3n de actividad de la web- con el fin de introducir mejoras en funci\u00f3n del an\u00e1lisis de los datos de uso de la web por parte de los usuarios.<\/p>\n\n\n\n<h2 class=\"wp-block-heading\">3. COOKIES QUE SE UTILIZAN EN EL SITIO WEB<\/h2>\n\n\n\n<p>Esta p\u00e1gina Web utiliza Cookies t\u00e9cnicas (propias) que permiten al usuario una navegaci\u00f3n segura y sin interrupciones a trav\u00e9s de esta web y la utilizaci\u00f3n de las diferentes opciones y servicios que se ofrecen. Al ser necesarias para el funcionamiento de la web est\u00e1n exentas del requisito del consentimiento informado y estar\u00e1n siempre habilitadas. La denominaci\u00f3n y finalidad concreta de cada una de ellas son:<\/p>\n\n\n\n<ul class=\"wp-block-list\">\n<li>texto: Esta cookie se encarga de determinar si ya se ha le\u00eddo la Pol\u00edtica de Cookies y se ha aceptado expresamente su uso; de este modo, la informaci\u00f3n sobre ellas no aparecer\u00e1 de nuevo en las sucesivas visitas a la Web.<\/li>\n\n\n\n<li>has_js: Esta cookie se utiliza para indicar si el navegador el usuario ha activado JavaScript<\/li>\n<\/ul>\n\n\n\n<p>Esta p\u00e1gina Web tambi\u00e9n utiliza cookies de an\u00e1lisis o medici\u00f3n que genera <a href=\"https:\/\/policies.google.com\/technologies\/types?hl=es\" target=\"_blank\" rel=\"noreferrer noopener\">Google Analitycs<\/a>, siendo la denominaci\u00f3n y la concreta finalidad de cada una de ellas las siguientes:<\/p>\n\n\n\n<ul class=\"wp-block-list\">\n<li>__utma: Caduca 2 a\u00f1os desde la \u00faltima actualizaci\u00f3n. Esta cookie genera un ID de usuario \u00fanico y registra la fecha, la primera y la \u00faltima vez que el usuario visit\u00f3 la web. Se utiliza para hacer recuento de cuantas veces visita el sitio un usuario \u00fanico.<\/li>\n\n\n\n<li>__utmb: Caduca a los 30 minutos de la \u00faltima actualizaci\u00f3n. Esta cookie registra la hora de llegada a la p\u00e1gina y caduca a los 30 minutos del \u00faltimo registro de p\u00e1gina vista. Se elimina autom\u00e1ticamente al cambiar de web o al cerrar el navegador. Sirve para calcular el tiempo que un usuario permanece en una p\u00e1gina.<\/li>\n\n\n\n<li>__utmc: Esta cookie tiene una finalidad similar a la anterior, pero para las webs donde est\u00e1 instalado el antiguo c\u00f3digo de seguimiento urchin.js.<\/li>\n\n\n\n<li>__utmz: Caduca a los 6 meses. Esta cookie almacena el origen del visitante, el camino que ha seguido para acceder a la web ya sea acceso directo, desde un link en otra web, desde un enlace de correo electr\u00f3nico, empleando determinadas palabras clave en un motor de b\u00fasqueda, a trav\u00e9s de una campa\u00f1a de display, o por medio de un anuncio de AdWords. Esta cookie se utiliza para calcular el tr\u00e1fico que proviene de motores de b\u00fasqueda (org\u00e1nico y PPC), las campa\u00f1as publicitarias en display y la navegaci\u00f3n dentro de la misma web (enlaces internos). La cookie se actualiza en cada visita a la web.<\/li>\n\n\n\n<li>_ga: Esta cookie se utiliza para hacer un seguimiento y medici\u00f3n del usuario en su visita a la web, la sesi\u00f3n, del uso de la web para el informe de an\u00e1lisis de la visita. Las cookies almacenan informaci\u00f3n an\u00f3nima y asignan un n\u00famero generado aleatoriamente para identificar usuarios \u00fanicos. Caduca al a\u00f1o, 20 d\u00edas, 8 horas y 16 minutos desde la \u00faltima actualizaci\u00f3n.<\/li>\n\n\n\n<li>_gid: Esta cookie se utiliza para almacenar informaci\u00f3n de c\u00f3mo el visitante utiliza la web y ayuda a crear un informe anal\u00edtico del uso de la web. Los datos recogidos incluyen el n\u00famero de visitantes, la fuente de origen y las p\u00e1ginas que se visualizan de forma an\u00f3nima. Caduca al a\u00f1o, 19 d\u00edas, 14 horas y 46 minutos desde la \u00faltima actualizaci\u00f3n.<\/li>\n\n\n\n<li>_gat: Esta cookie se utiliza para controlar la tasa de solicitud y limitar la colecci\u00f3n de datos en lugares de tr\u00e1nsito alto; caduca al a\u00f1o, 19 d\u00edas, 14 horas y 45 minutos desde la \u00faltima actualizaci\u00f3n.<\/li>\n<\/ul>\n\n\n\n<h2 class=\"wp-block-heading\">\u200b4. DESHABILITAR O BLOQUEAR COOKIES<\/h2>\n\n\n\n<p>Accediendo al panel de configuraci\u00f3n de cookies tiene la posibilidad de aceptar o rechazar las cookies que requieran de su consentimiento, guard\u00e1ndose su configuraci\u00f3n o preferencias para sucesivos accesos a la web. Podr\u00e1 modificar sus preferencias, as\u00ed como revocar el consentimiento, en cualquier momento accediendo al panel de configuraci\u00f3n. Asimismo, puede usted permitir, bloquear o eliminar las cookies instaladas en su equipo mediante la configuraci\u00f3n de las opciones de su navegador. Puede encontrar informaci\u00f3n sobre c\u00f3mo hacerlo, en relaci\u00f3n con los navegadores m\u00e1s comunes, en los links que se incluyen a continuaci\u00f3n:<\/p>\n\n\n\n<ul class=\"wp-block-list\">\n<li>Explorer: <a href=\"http:\/\/windows.microsoft.com\/es-es\/windows7\/how-to-manage-cookies-in-internet-explorer-9\">http:\/\/windows.microsoft.com\/es-es\/windows7\/how-to-manage-cookies-in-int&#8230;<\/a><\/li>\n\n\n\n<li>Firefox: <a href=\"http:\/\/support.mozilla.org\/es\/products\/firefox\/cookies\">http:\/\/support.mozilla.org\/es\/products\/firefox\/cookies<\/a><\/li>\n\n\n\n<li>Chrome: <a href=\"http:\/\/support.google.com\/chrome\/bin\/answer.py?hl=es&amp;answer=95647\">http:\/\/support.google.com\/chrome\/bin\/answer.py?hl=es&amp;answer=95647<\/a><\/li>\n\n\n\n<li>Safari: <a href=\"http:\/\/www.apple.com\/es\/privacy\/use-of-cookies\/\">www.apple.com\/es\/privacy\/use-of-cookies\/<\/a>.<\/li>\n<\/ul>\n\n\n\n<p>Tambi\u00e9n puede gestionar el almac\u00e9n de cookies desde otras herramientas como:<\/p>\n\n\n\n<p>Ghostery: <a href=\"http:\/\/www.ghostery.com\">www.ghostery.com<\/a>.<\/p>\n\n\n\n<p>Your online choices: <a href=\"http:\/\/www.youronlinechoices.com\/es\">www.youronlinechoices.com\/es<\/a><\/p>\n\n\n\n<p>Le informamos, no obstante, de la posibilidad de que la desactivaci\u00f3n de alguna cookie afecte o dificulte la navegaci\u00f3n o la prestaci\u00f3n de los servicios ofrecidos en esta Web.<\/p>\n\n\n\n<h2 class=\"wp-block-heading\">5. TERCEROS Y TRANSFERENCIAS INTERNACIONALES<\/h2>\n\n\n\n<p>Puede obtener informaci\u00f3n sobre el tratamiento realizado por terceros y posibles transferencias de datos a otros pa\u00edses que realicen estos terceros identificados en esta pol\u00edtica y su habilitaci\u00f3n, en los enlaces que se facilitan en la presente pol\u00edtica de cookies.&nbsp; &nbsp;<\/p>\n\n\n\n<h2 class=\"wp-block-heading\">6. CAMBIOS EN LA POLITICA DE COOKIES<\/h2>\n\n\n\n<p>IURISDIAGONAL S.L.P. se reserva el derecho a modificar la presente Pol\u00edtica de Cookies en cualquier momento con objeto de adaptarla a las modificaciones legislativas o reglamentarias o a las instrucciones que sobre este particular pueda dictar la Agencia Espa\u00f1ola de Protecci\u00f3n de Datos.<\/p>\n\n\n\n<p>\u00daltima actualizaci\u00f3n: octubre 2020.<\/p>\n\n\n\n<p><a href=\"\/es\/configuracion-cookies\">Configuraci\u00f3n cookies<\/a><\/p>\n","protected":false},"excerpt":{"rendered":"<p>1. INFORMACION GENERAL. Una cookie es un fichero que se descarga en su ordenador al acceder a determinadas p\u00e1ginas web. Las cookies permiten almacenar y recuperar informaci\u00f3n sobre los h\u00e1bitos &hellip;<\/p>\n","protected":false},"author":1,"featured_media":0,"parent":0,"menu_order":0,"comment_status":"closed","ping_status":"closed","template":"","meta":{"_acf_changed":false,"footnotes":""},"class_list":["post-272","page","type-page","status-publish","hentry"],"acf":[],"yoast_head":"<!-- This site is optimized with the Yoast SEO plugin v27.2 - https:\/\/yoast.com\/product\/yoast-seo-wordpress\/ -->\n<title>Pol\u00edtica de cookies - Toda &amp; Nel-lo Abogados<\/title>\n<meta name=\"description\" content=\"1. INFORMACION GENERAL. Una cookie es un fichero que se descarga en su ordenador al acceder a determinadas p\u00e1ginas web. Las cookies permiten almacenar y\" \/>\n<meta name=\"robots\" content=\"index, follow, max-snippet:-1, max-image-preview:large, max-video-preview:-1\" \/>\n<link rel=\"canonical\" href=\"https:\/\/www.todanelo.com\/es\/politica-de-cookies\/\" \/>\n<meta property=\"og:locale\" content=\"es_ES\" \/>\n<meta property=\"og:type\" content=\"article\" \/>\n<meta property=\"og:title\" content=\"Pol\u00edtica de cookies - Toda &amp; Nel-lo Abogados\" \/>\n<meta property=\"og:description\" content=\"1. INFORMACION GENERAL. Una cookie es un fichero que se descarga en su ordenador al acceder a determinadas p\u00e1ginas web. Las cookies permiten almacenar y\" \/>\n<meta property=\"og:url\" content=\"https:\/\/www.todanelo.com\/es\/politica-de-cookies\/\" \/>\n<meta property=\"og:site_name\" content=\"Toda &amp; Nel-lo Abogados\" \/>\n<meta property=\"article:modified_time\" content=\"2024-12-23T13:14:13+00:00\" \/>\n<meta name=\"twitter:card\" content=\"summary_large_image\" \/>\n<meta name=\"twitter:label1\" content=\"Tiempo de lectura\" \/>\n\t<meta name=\"twitter:data1\" content=\"6 minutos\" \/>\n<script type=\"application\/ld+json\" class=\"yoast-schema-graph\">{\"@context\":\"https:\/\/schema.org\",\"@graph\":[{\"@type\":\"WebPage\",\"@id\":\"https:\/\/www.todanelo.com\/es\/politica-de-cookies\/\",\"url\":\"https:\/\/www.todanelo.com\/es\/politica-de-cookies\/\",\"name\":\"Pol\u00edtica de cookies - Toda &amp; Nel-lo Abogados\",\"isPartOf\":{\"@id\":\"https:\/\/www.todanelo.com\/es\/#website\"},\"datePublished\":\"2023-12-18T15:33:19+00:00\",\"dateModified\":\"2024-12-23T13:14:13+00:00\",\"description\":\"1. INFORMACION GENERAL. Una cookie es un fichero que se descarga en su ordenador al acceder a determinadas p\u00e1ginas web. Las cookies permiten almacenar y\",\"breadcrumb\":{\"@id\":\"https:\/\/www.todanelo.com\/es\/politica-de-cookies\/#breadcrumb\"},\"inLanguage\":\"es\",\"potentialAction\":[{\"@type\":\"ReadAction\",\"target\":[\"https:\/\/www.todanelo.com\/es\/politica-de-cookies\/\"]}]},{\"@type\":\"BreadcrumbList\",\"@id\":\"https:\/\/www.todanelo.com\/es\/politica-de-cookies\/#breadcrumb\",\"itemListElement\":[{\"@type\":\"ListItem\",\"position\":1,\"name\":\"Inicio\",\"item\":\"https:\/\/www.todanelo.com\/es\/\"},{\"@type\":\"ListItem\",\"position\":2,\"name\":\"Pol\u00edtica de cookies\"}]},{\"@type\":\"WebSite\",\"@id\":\"https:\/\/www.todanelo.com\/es\/#website\",\"url\":\"https:\/\/www.todanelo.com\/es\/\",\"name\":\"Toda &amp; Nel-lo Abogados\",\"description\":\"Despacho Jur\u00eddico Barcelona y Madrid\",\"publisher\":{\"@id\":\"https:\/\/www.todanelo.com\/es\/#organization\"},\"potentialAction\":[{\"@type\":\"SearchAction\",\"target\":{\"@type\":\"EntryPoint\",\"urlTemplate\":\"https:\/\/www.todanelo.com\/es\/?s={search_term_string}\"},\"query-input\":{\"@type\":\"PropertyValueSpecification\",\"valueRequired\":true,\"valueName\":\"search_term_string\"}}],\"inLanguage\":\"es\"},{\"@type\":\"Organization\",\"@id\":\"https:\/\/www.todanelo.com\/es\/#organization\",\"name\":\"Toda &amp; Nel-lo Abogados\",\"url\":\"https:\/\/www.todanelo.com\/es\/\",\"logo\":{\"@type\":\"ImageObject\",\"inLanguage\":\"es\",\"@id\":\"https:\/\/www.todanelo.com\/es\/#\/schema\/logo\/image\/\",\"url\":\"https:\/\/www.todanelo.com\/wp-content\/uploads\/logo-todanelo.png\",\"contentUrl\":\"https:\/\/www.todanelo.com\/wp-content\/uploads\/logo-todanelo.png\",\"width\":390,\"height\":161,\"caption\":\"Toda &amp; Nel-lo Abogados\"},\"image\":{\"@id\":\"https:\/\/www.todanelo.com\/es\/#\/schema\/logo\/image\/\"}}]}<\/script>\n<!-- \/ Yoast SEO plugin. -->","yoast_head_json":{"title":"Pol\u00edtica de cookies - Toda &amp; Nel-lo Abogados","description":"1. INFORMACION GENERAL. Una cookie es un fichero que se descarga en su ordenador al acceder a determinadas p\u00e1ginas web. Las cookies permiten almacenar y","robots":{"index":"index","follow":"follow","max-snippet":"max-snippet:-1","max-image-preview":"max-image-preview:large","max-video-preview":"max-video-preview:-1"},"canonical":"https:\/\/www.todanelo.com\/es\/politica-de-cookies\/","og_locale":"es_ES","og_type":"article","og_title":"Pol\u00edtica de cookies - Toda &amp; Nel-lo Abogados","og_description":"1. INFORMACION GENERAL. Una cookie es un fichero que se descarga en su ordenador al acceder a determinadas p\u00e1ginas web. Las cookies permiten almacenar y","og_url":"https:\/\/www.todanelo.com\/es\/politica-de-cookies\/","og_site_name":"Toda &amp; Nel-lo Abogados","article_modified_time":"2024-12-23T13:14:13+00:00","twitter_card":"summary_large_image","twitter_misc":{"Tiempo de lectura":"6 minutos"},"schema":{"@context":"https:\/\/schema.org","@graph":[{"@type":"WebPage","@id":"https:\/\/www.todanelo.com\/es\/politica-de-cookies\/","url":"https:\/\/www.todanelo.com\/es\/politica-de-cookies\/","name":"Pol\u00edtica de cookies - Toda &amp; Nel-lo Abogados","isPartOf":{"@id":"https:\/\/www.todanelo.com\/es\/#website"},"datePublished":"2023-12-18T15:33:19+00:00","dateModified":"2024-12-23T13:14:13+00:00","description":"1. INFORMACION GENERAL. Una cookie es un fichero que se descarga en su ordenador al acceder a determinadas p\u00e1ginas web. Las cookies permiten almacenar y","breadcrumb":{"@id":"https:\/\/www.todanelo.com\/es\/politica-de-cookies\/#breadcrumb"},"inLanguage":"es","potentialAction":[{"@type":"ReadAction","target":["https:\/\/www.todanelo.com\/es\/politica-de-cookies\/"]}]},{"@type":"BreadcrumbList","@id":"https:\/\/www.todanelo.com\/es\/politica-de-cookies\/#breadcrumb","itemListElement":[{"@type":"ListItem","position":1,"name":"Inicio","item":"https:\/\/www.todanelo.com\/es\/"},{"@type":"ListItem","position":2,"name":"Pol\u00edtica de cookies"}]},{"@type":"WebSite","@id":"https:\/\/www.todanelo.com\/es\/#website","url":"https:\/\/www.todanelo.com\/es\/","name":"Toda &amp; Nel-lo Abogados","description":"Despacho Jur\u00eddico Barcelona y Madrid","publisher":{"@id":"https:\/\/www.todanelo.com\/es\/#organization"},"potentialAction":[{"@type":"SearchAction","target":{"@type":"EntryPoint","urlTemplate":"https:\/\/www.todanelo.com\/es\/?s={search_term_string}"},"query-input":{"@type":"PropertyValueSpecification","valueRequired":true,"valueName":"search_term_string"}}],"inLanguage":"es"},{"@type":"Organization","@id":"https:\/\/www.todanelo.com\/es\/#organization","name":"Toda &amp; Nel-lo Abogados","url":"https:\/\/www.todanelo.com\/es\/","logo":{"@type":"ImageObject","inLanguage":"es","@id":"https:\/\/www.todanelo.com\/es\/#\/schema\/logo\/image\/","url":"https:\/\/www.todanelo.com\/wp-content\/uploads\/logo-todanelo.png","contentUrl":"https:\/\/www.todanelo.com\/wp-content\/uploads\/logo-todanelo.png","width":390,"height":161,"caption":"Toda &amp; Nel-lo Abogados"},"image":{"@id":"https:\/\/www.todanelo.com\/es\/#\/schema\/logo\/image\/"}}]}},"_links":{"self":[{"href":"https:\/\/www.todanelo.com\/es\/wp-json\/wp\/v2\/pages\/272","targetHints":{"allow":["GET"]}}],"collection":[{"href":"https:\/\/www.todanelo.com\/es\/wp-json\/wp\/v2\/pages"}],"about":[{"href":"https:\/\/www.todanelo.com\/es\/wp-json\/wp\/v2\/types\/page"}],"author":[{"embeddable":true,"href":"https:\/\/www.todanelo.com\/es\/wp-json\/wp\/v2\/users\/1"}],"replies":[{"embeddable":true,"href":"https:\/\/www.todanelo.com\/es\/wp-json\/wp\/v2\/comments?post=272"}],"version-history":[{"count":0,"href":"https:\/\/www.todanelo.com\/es\/wp-json\/wp\/v2\/pages\/272\/revisions"}],"wp:attachment":[{"href":"https:\/\/www.todanelo.com\/es\/wp-json\/wp\/v2\/media?parent=272"}],"curies":[{"name":"wp","href":"https:\/\/api.w.org\/{rel}","templated":true}]}}