{"id":2121,"date":"2024-12-23T12:01:55","date_gmt":"2024-12-23T12:01:55","guid":{"rendered":"https:\/\/beta.todanelo.com\/?page_id=2121"},"modified":"2024-12-23T12:01:56","modified_gmt":"2024-12-23T12:01:56","slug":"vender-su-sociedad","status":"publish","type":"page","link":"https:\/\/www.todanelo.com\/es\/vender-su-sociedad\/","title":{"rendered":"Vender su sociedad"},"content":{"rendered":"\n<p>Cuando se trata de <strong>vender acciones o participaciones de una sociedad espa\u00f1ola<\/strong>, conviene plantearse una <strong>serie de preguntas en el \u00e1mbito fiscal<\/strong>. Por ejemplo, la situaci\u00f3n puede entra\u00f1ar ciertas \u00a0complejidades cuando una sociedad <strong>holding luxemburguesa<\/strong> vende sus participaciones en una <strong>sociedad espa\u00f1ola<\/strong> a un <strong>comprador franc\u00e9s<\/strong>:<\/p>\n<ul>\n<li>\u00bfQu\u00e9 tipo de impuestos se tienen que pagar y d\u00f3nde? \u00bfQui\u00e9n los tendr\u00e1 que pagar y en qu\u00e9 plazos?<\/li>\n<li>\u00bfSe tienen que efectuar tr\u00e1mites en Espa\u00f1a, aunque se tribute en otro pa\u00eds?<\/li>\n<li>Y, \u00bfqu\u00e9 sucede si hay inmuebles en el balance de la sociedad espa\u00f1ola?<\/li>\n<\/ul>\n<p>Siendo un <strong>socio persona f\u00edsica o una Holding,<\/strong> es muy importante determinar de antemano estos aspectos fiscales. Y es que la carga impositiva puede variar enormemente en funci\u00f3n de la <strong>planificaci\u00f3n y tramitaci\u00f3n <\/strong>que se haga en relaci\u00f3n con esa venta, hasta el punto de hacer (o dejar de hacer) que la operaci\u00f3n resulte atractiva econ\u00f3micamente para las distintas partes.<\/p>\n<p>No dude en consultarnos para llevar a cabo todas sus operaciones con <strong>seguridad jur\u00eddica<\/strong> sin renunciar a la vez a <strong>optimizar la tributaci\u00f3n,<\/strong> ya que le ayudaremos a:<\/p>\n<ul>\n<li><strong>Identificar<\/strong> y <strong>adaptar<\/strong> la situaci\u00f3n a la norma fiscal aplicable en materia de fiscalidad internacional, <strong>coordinando el asesoramiento fiscal<\/strong> de las distintas jurisdicciones involucradas.<\/li>\n<li><strong>Dise\u00f1ar <\/strong>y, en su caso, implementar nuevas <strong>estructuras de inversi\u00f3n<\/strong> internacional o a simplificar las ya existentes.<\/li>\n<li><strong>Organizar<\/strong> y <strong>tramitar<\/strong> las operaciones de compraventa, en sus distintos aspectos <strong>jur\u00eddicos y\/o tributarios<\/strong> y tambi\u00e9n asistirle en sus tr\u00e1mites fiscales en Espa\u00f1a;<\/li>\n<li><strong>Asesorarles<\/strong> a su debido tiempo para que puedan vender sus<strong> participaciones espa\u00f1olas<\/strong> con serenidad y, en la medida de lo posible, <strong>optimizando el precio de venta.<\/strong><\/li>\n<\/ul>\n<p>No dude en contactarnos para cualquier pregunta vinculada con la transmisi\u00f3n o reestructuraci\u00f3n de sus acciones o participaciones en su empresa espa\u00f1ola:<\/p>\n<p><strong>Tel\u00e9fono<\/strong>: +34 93 363 40 00 (oficina de Barcelona) \/ +34 91 700 21 00 (oficina de Madrid)<\/p>\n<p><strong>E-mail<\/strong>: <a href=\"mailto:comunicacion@todanelo.com\">comunicacion@todanelo.com<\/a><\/p>\n","protected":false},"excerpt":{"rendered":"<p>Cuando se trata de vender acciones o participaciones de una sociedad espa\u00f1ola, conviene plantearse una serie de preguntas en el \u00e1mbito fiscal. Por ejemplo, la situaci\u00f3n puede entra\u00f1ar ciertas \u00a0complejidades &hellip;<\/p>\n","protected":false},"author":1,"featured_media":0,"parent":0,"menu_order":0,"comment_status":"closed","ping_status":"closed","template":"","meta":{"_acf_changed":false,"footnotes":""},"class_list":["post-2121","page","type-page","status-publish","hentry"],"acf":[],"yoast_head":"<!-- This site is optimized with the Yoast SEO plugin v27.2 - https:\/\/yoast.com\/product\/yoast-seo-wordpress\/ -->\n<title>Vender su sociedad - Toda &amp; Nel-lo Abogados<\/title>\n<meta name=\"description\" content=\"Cuando se trata de vender acciones o participaciones de una sociedad espa\u00f1ola, conviene plantearse una serie de preguntas en el \u00e1mbito fiscal. Por\" \/>\n<meta name=\"robots\" content=\"index, follow, max-snippet:-1, max-image-preview:large, max-video-preview:-1\" \/>\n<link rel=\"canonical\" href=\"https:\/\/www.todanelo.com\/es\/vender-su-sociedad\/\" \/>\n<meta property=\"og:locale\" content=\"es_ES\" \/>\n<meta property=\"og:type\" content=\"article\" \/>\n<meta property=\"og:title\" content=\"Vender su sociedad - Toda &amp; Nel-lo Abogados\" \/>\n<meta property=\"og:description\" content=\"Cuando se trata de vender acciones o participaciones de una sociedad espa\u00f1ola, conviene plantearse una serie de preguntas en el \u00e1mbito fiscal. Por\" \/>\n<meta property=\"og:url\" content=\"https:\/\/www.todanelo.com\/es\/vender-su-sociedad\/\" \/>\n<meta property=\"og:site_name\" content=\"Toda &amp; Nel-lo Abogados\" \/>\n<meta property=\"article:modified_time\" content=\"2024-12-23T12:01:56+00:00\" \/>\n<meta name=\"twitter:card\" content=\"summary_large_image\" \/>\n<meta name=\"twitter:label1\" content=\"Tiempo de lectura\" \/>\n\t<meta name=\"twitter:data1\" content=\"2 minutos\" \/>\n<script type=\"application\/ld+json\" class=\"yoast-schema-graph\">{\"@context\":\"https:\/\/schema.org\",\"@graph\":[{\"@type\":\"WebPage\",\"@id\":\"https:\/\/www.todanelo.com\/es\/vender-su-sociedad\/\",\"url\":\"https:\/\/www.todanelo.com\/es\/vender-su-sociedad\/\",\"name\":\"Vender su sociedad - Toda &amp; Nel-lo Abogados\",\"isPartOf\":{\"@id\":\"https:\/\/www.todanelo.com\/es\/#website\"},\"datePublished\":\"2024-12-23T12:01:55+00:00\",\"dateModified\":\"2024-12-23T12:01:56+00:00\",\"description\":\"Cuando se trata de vender acciones o participaciones de una sociedad espa\u00f1ola, conviene plantearse una serie de preguntas en el \u00e1mbito fiscal. Por\",\"breadcrumb\":{\"@id\":\"https:\/\/www.todanelo.com\/es\/vender-su-sociedad\/#breadcrumb\"},\"inLanguage\":\"es\",\"potentialAction\":[{\"@type\":\"ReadAction\",\"target\":[\"https:\/\/www.todanelo.com\/es\/vender-su-sociedad\/\"]}]},{\"@type\":\"BreadcrumbList\",\"@id\":\"https:\/\/www.todanelo.com\/es\/vender-su-sociedad\/#breadcrumb\",\"itemListElement\":[{\"@type\":\"ListItem\",\"position\":1,\"name\":\"Inicio\",\"item\":\"https:\/\/www.todanelo.com\/es\/\"},{\"@type\":\"ListItem\",\"position\":2,\"name\":\"Vender su sociedad\"}]},{\"@type\":\"WebSite\",\"@id\":\"https:\/\/www.todanelo.com\/es\/#website\",\"url\":\"https:\/\/www.todanelo.com\/es\/\",\"name\":\"Toda &amp; Nel-lo Abogados\",\"description\":\"Despacho Jur\u00eddico Barcelona y Madrid\",\"publisher\":{\"@id\":\"https:\/\/www.todanelo.com\/es\/#organization\"},\"potentialAction\":[{\"@type\":\"SearchAction\",\"target\":{\"@type\":\"EntryPoint\",\"urlTemplate\":\"https:\/\/www.todanelo.com\/es\/?s={search_term_string}\"},\"query-input\":{\"@type\":\"PropertyValueSpecification\",\"valueRequired\":true,\"valueName\":\"search_term_string\"}}],\"inLanguage\":\"es\"},{\"@type\":\"Organization\",\"@id\":\"https:\/\/www.todanelo.com\/es\/#organization\",\"name\":\"Toda &amp; Nel-lo Abogados\",\"url\":\"https:\/\/www.todanelo.com\/es\/\",\"logo\":{\"@type\":\"ImageObject\",\"inLanguage\":\"es\",\"@id\":\"https:\/\/www.todanelo.com\/es\/#\/schema\/logo\/image\/\",\"url\":\"https:\/\/www.todanelo.com\/wp-content\/uploads\/logo-todanelo.png\",\"contentUrl\":\"https:\/\/www.todanelo.com\/wp-content\/uploads\/logo-todanelo.png\",\"width\":390,\"height\":161,\"caption\":\"Toda &amp; Nel-lo Abogados\"},\"image\":{\"@id\":\"https:\/\/www.todanelo.com\/es\/#\/schema\/logo\/image\/\"}}]}<\/script>\n<!-- \/ Yoast SEO plugin. -->","yoast_head_json":{"title":"Vender su sociedad - Toda &amp; Nel-lo Abogados","description":"Cuando se trata de vender acciones o participaciones de una sociedad espa\u00f1ola, conviene plantearse una serie de preguntas en el \u00e1mbito fiscal. Por","robots":{"index":"index","follow":"follow","max-snippet":"max-snippet:-1","max-image-preview":"max-image-preview:large","max-video-preview":"max-video-preview:-1"},"canonical":"https:\/\/www.todanelo.com\/es\/vender-su-sociedad\/","og_locale":"es_ES","og_type":"article","og_title":"Vender su sociedad - Toda &amp; Nel-lo Abogados","og_description":"Cuando se trata de vender acciones o participaciones de una sociedad espa\u00f1ola, conviene plantearse una serie de preguntas en el \u00e1mbito fiscal. Por","og_url":"https:\/\/www.todanelo.com\/es\/vender-su-sociedad\/","og_site_name":"Toda &amp; Nel-lo Abogados","article_modified_time":"2024-12-23T12:01:56+00:00","twitter_card":"summary_large_image","twitter_misc":{"Tiempo de lectura":"2 minutos"},"schema":{"@context":"https:\/\/schema.org","@graph":[{"@type":"WebPage","@id":"https:\/\/www.todanelo.com\/es\/vender-su-sociedad\/","url":"https:\/\/www.todanelo.com\/es\/vender-su-sociedad\/","name":"Vender su sociedad - Toda &amp; Nel-lo Abogados","isPartOf":{"@id":"https:\/\/www.todanelo.com\/es\/#website"},"datePublished":"2024-12-23T12:01:55+00:00","dateModified":"2024-12-23T12:01:56+00:00","description":"Cuando se trata de vender acciones o participaciones de una sociedad espa\u00f1ola, conviene plantearse una serie de preguntas en el \u00e1mbito fiscal. Por","breadcrumb":{"@id":"https:\/\/www.todanelo.com\/es\/vender-su-sociedad\/#breadcrumb"},"inLanguage":"es","potentialAction":[{"@type":"ReadAction","target":["https:\/\/www.todanelo.com\/es\/vender-su-sociedad\/"]}]},{"@type":"BreadcrumbList","@id":"https:\/\/www.todanelo.com\/es\/vender-su-sociedad\/#breadcrumb","itemListElement":[{"@type":"ListItem","position":1,"name":"Inicio","item":"https:\/\/www.todanelo.com\/es\/"},{"@type":"ListItem","position":2,"name":"Vender su sociedad"}]},{"@type":"WebSite","@id":"https:\/\/www.todanelo.com\/es\/#website","url":"https:\/\/www.todanelo.com\/es\/","name":"Toda &amp; Nel-lo Abogados","description":"Despacho Jur\u00eddico Barcelona y Madrid","publisher":{"@id":"https:\/\/www.todanelo.com\/es\/#organization"},"potentialAction":[{"@type":"SearchAction","target":{"@type":"EntryPoint","urlTemplate":"https:\/\/www.todanelo.com\/es\/?s={search_term_string}"},"query-input":{"@type":"PropertyValueSpecification","valueRequired":true,"valueName":"search_term_string"}}],"inLanguage":"es"},{"@type":"Organization","@id":"https:\/\/www.todanelo.com\/es\/#organization","name":"Toda &amp; Nel-lo Abogados","url":"https:\/\/www.todanelo.com\/es\/","logo":{"@type":"ImageObject","inLanguage":"es","@id":"https:\/\/www.todanelo.com\/es\/#\/schema\/logo\/image\/","url":"https:\/\/www.todanelo.com\/wp-content\/uploads\/logo-todanelo.png","contentUrl":"https:\/\/www.todanelo.com\/wp-content\/uploads\/logo-todanelo.png","width":390,"height":161,"caption":"Toda &amp; Nel-lo Abogados"},"image":{"@id":"https:\/\/www.todanelo.com\/es\/#\/schema\/logo\/image\/"}}]}},"_links":{"self":[{"href":"https:\/\/www.todanelo.com\/es\/wp-json\/wp\/v2\/pages\/2121","targetHints":{"allow":["GET"]}}],"collection":[{"href":"https:\/\/www.todanelo.com\/es\/wp-json\/wp\/v2\/pages"}],"about":[{"href":"https:\/\/www.todanelo.com\/es\/wp-json\/wp\/v2\/types\/page"}],"author":[{"embeddable":true,"href":"https:\/\/www.todanelo.com\/es\/wp-json\/wp\/v2\/users\/1"}],"replies":[{"embeddable":true,"href":"https:\/\/www.todanelo.com\/es\/wp-json\/wp\/v2\/comments?post=2121"}],"version-history":[{"count":0,"href":"https:\/\/www.todanelo.com\/es\/wp-json\/wp\/v2\/pages\/2121\/revisions"}],"wp:attachment":[{"href":"https:\/\/www.todanelo.com\/es\/wp-json\/wp\/v2\/media?parent=2121"}],"curies":[{"name":"wp","href":"https:\/\/api.w.org\/{rel}","templated":true}]}}