{"id":2111,"date":"2024-12-23T11:56:21","date_gmt":"2024-12-23T11:56:21","guid":{"rendered":"https:\/\/beta.todanelo.com\/?page_id=2111"},"modified":"2024-12-23T11:59:10","modified_gmt":"2024-12-23T11:59:10","slug":"les-asistimos-en-la-creacion-de-su-negocio-en-espana","status":"publish","type":"page","link":"https:\/\/www.todanelo.com\/es\/les-asistimos-en-la-creacion-de-su-negocio-en-espana\/","title":{"rendered":"Les asistimos en la creaci\u00f3n de su negocio en Espa\u00f1a"},"content":{"rendered":"\n<h3><span style=\"font-size: 1.231em;\">Pack \u00abStarting your business\u00bb<\/span><\/h3>\n<p>Toda &amp; Nel-lo asesora y asiste a sociedades extranjeras y\/o a empresarios individuales para implantar sus empresas en Espa\u00f1a. Tanto si la compa\u00f1\u00eda es una start-up o una sociedad consolidada que desea desarrollar su negocio, <strong>les asistiremos para hallar las herramientas que se adapten a su proyecto<\/strong>:<\/p>\n<ul style=\"margin-left: 40px;\">\n<li>Gui\u00e1ndoles en la elecci\u00f3n de la mejor estructura: una nueva sociedad, la implantaci\u00f3n de una filial o de una sucursal, la alta en el r\u00e9gimen especial de trabajadores aut\u00f3nomos,\u2026<\/li>\n<li>Ayud\u00e1ndoles a efectuar los tr\u00e1mites necesarios ante el Registro Mercantil, la Administraci\u00f3n fiscal espa\u00f1ola, la Seguridad Social;<\/li>\n<li>Encontr\u00e1ndoles una sede social, negociando su contrato de alquiler o el contrato con su distribuidor y contratando a su primer trabajador;<\/li>\n<li>Aconsej\u00e1ndoles en materia de impuestos tales como el IVA, los principios contables espa\u00f1oles, la imposici\u00f3n directa de los administradores.<\/li>\n<\/ul>\n<p>El equipo del \u00e1rea de Derecho Internacional de Toda &amp; Nel-lo se halla compuesto por abogados que cuentan con una\u00a0<strong>gran experiencia en asuntos internacionales <\/strong>y que hablan fluidamente espa\u00f1ol, ingl\u00e9s, franc\u00e9s, portugu\u00e9s y alem\u00e1n.<\/p>\n<p>No dude en contactarnos para que juntos definamos su pack a medida \u201c<em>Starting your business<\/em>\u201d:<\/p>\n<p><strong>Tel\u00e9fonos<\/strong>: +34 93 363 40 00 (oficina de Barcelona) \/ +34 93 700 21 00 (oficina de Madrid)<\/p>\n<p><strong>E-mail<\/strong>:\u00a0<a href=\"mailto: int@todanel-lo.com\">comunicacion@todanelo.com<\/a><\/p>\n","protected":false},"excerpt":{"rendered":"<p>Pack \u00abStarting your business\u00bb Toda &amp; Nel-lo asesora y asiste a sociedades extranjeras y\/o a empresarios individuales para implantar sus empresas en Espa\u00f1a. Tanto si la compa\u00f1\u00eda es una start-up &hellip;<\/p>\n","protected":false},"author":1,"featured_media":0,"parent":0,"menu_order":0,"comment_status":"closed","ping_status":"closed","template":"","meta":{"_acf_changed":false,"footnotes":""},"class_list":["post-2111","page","type-page","status-publish","hentry"],"acf":[],"yoast_head":"<!-- This site is optimized with the Yoast SEO plugin v27.2 - https:\/\/yoast.com\/product\/yoast-seo-wordpress\/ -->\n<title>Les asistimos en la creaci\u00f3n de su negocio en Espa\u00f1a - Toda &amp; Nel-lo Abogados<\/title>\n<meta name=\"description\" content=\"Pack &quot;Starting your business&quot; Toda &amp; Nel-lo asesora y asiste a sociedades extranjeras y\/o a empresarios individuales para implantar sus empresas en\" \/>\n<meta name=\"robots\" content=\"index, follow, max-snippet:-1, max-image-preview:large, max-video-preview:-1\" \/>\n<link rel=\"canonical\" href=\"https:\/\/www.todanelo.com\/es\/les-asistimos-en-la-creacion-de-su-negocio-en-espana\/\" \/>\n<meta property=\"og:locale\" content=\"es_ES\" \/>\n<meta property=\"og:type\" content=\"article\" \/>\n<meta property=\"og:title\" content=\"Les asistimos en la creaci\u00f3n de su negocio en Espa\u00f1a - Toda &amp; Nel-lo Abogados\" \/>\n<meta property=\"og:description\" content=\"Pack &quot;Starting your business&quot; Toda &amp; Nel-lo asesora y asiste a sociedades extranjeras y\/o a empresarios individuales para implantar sus empresas en\" \/>\n<meta property=\"og:url\" content=\"https:\/\/www.todanelo.com\/es\/les-asistimos-en-la-creacion-de-su-negocio-en-espana\/\" \/>\n<meta property=\"og:site_name\" content=\"Toda &amp; Nel-lo Abogados\" \/>\n<meta property=\"article:modified_time\" content=\"2024-12-23T11:59:10+00:00\" \/>\n<meta name=\"twitter:card\" content=\"summary_large_image\" \/>\n<meta name=\"twitter:label1\" content=\"Tiempo de lectura\" \/>\n\t<meta name=\"twitter:data1\" content=\"1 minuto\" \/>\n<script type=\"application\/ld+json\" class=\"yoast-schema-graph\">{\"@context\":\"https:\/\/schema.org\",\"@graph\":[{\"@type\":\"WebPage\",\"@id\":\"https:\/\/www.todanelo.com\/es\/les-asistimos-en-la-creacion-de-su-negocio-en-espana\/\",\"url\":\"https:\/\/www.todanelo.com\/es\/les-asistimos-en-la-creacion-de-su-negocio-en-espana\/\",\"name\":\"Les asistimos en la creaci\u00f3n de su negocio en Espa\u00f1a - Toda &amp; Nel-lo Abogados\",\"isPartOf\":{\"@id\":\"https:\/\/www.todanelo.com\/es\/#website\"},\"datePublished\":\"2024-12-23T11:56:21+00:00\",\"dateModified\":\"2024-12-23T11:59:10+00:00\",\"description\":\"Pack \\\"Starting your business\\\" Toda &amp; Nel-lo asesora y asiste a sociedades extranjeras y\/o a empresarios individuales para implantar sus empresas en\",\"breadcrumb\":{\"@id\":\"https:\/\/www.todanelo.com\/es\/les-asistimos-en-la-creacion-de-su-negocio-en-espana\/#breadcrumb\"},\"inLanguage\":\"es\",\"potentialAction\":[{\"@type\":\"ReadAction\",\"target\":[\"https:\/\/www.todanelo.com\/es\/les-asistimos-en-la-creacion-de-su-negocio-en-espana\/\"]}]},{\"@type\":\"BreadcrumbList\",\"@id\":\"https:\/\/www.todanelo.com\/es\/les-asistimos-en-la-creacion-de-su-negocio-en-espana\/#breadcrumb\",\"itemListElement\":[{\"@type\":\"ListItem\",\"position\":1,\"name\":\"Inicio\",\"item\":\"https:\/\/www.todanelo.com\/es\/\"},{\"@type\":\"ListItem\",\"position\":2,\"name\":\"Les asistimos en la creaci\u00f3n de su negocio en Espa\u00f1a\"}]},{\"@type\":\"WebSite\",\"@id\":\"https:\/\/www.todanelo.com\/es\/#website\",\"url\":\"https:\/\/www.todanelo.com\/es\/\",\"name\":\"Toda &amp; Nel-lo Abogados\",\"description\":\"Despacho Jur\u00eddico Barcelona y Madrid\",\"publisher\":{\"@id\":\"https:\/\/www.todanelo.com\/es\/#organization\"},\"potentialAction\":[{\"@type\":\"SearchAction\",\"target\":{\"@type\":\"EntryPoint\",\"urlTemplate\":\"https:\/\/www.todanelo.com\/es\/?s={search_term_string}\"},\"query-input\":{\"@type\":\"PropertyValueSpecification\",\"valueRequired\":true,\"valueName\":\"search_term_string\"}}],\"inLanguage\":\"es\"},{\"@type\":\"Organization\",\"@id\":\"https:\/\/www.todanelo.com\/es\/#organization\",\"name\":\"Toda &amp; Nel-lo Abogados\",\"url\":\"https:\/\/www.todanelo.com\/es\/\",\"logo\":{\"@type\":\"ImageObject\",\"inLanguage\":\"es\",\"@id\":\"https:\/\/www.todanelo.com\/es\/#\/schema\/logo\/image\/\",\"url\":\"https:\/\/www.todanelo.com\/wp-content\/uploads\/logo-todanelo.png\",\"contentUrl\":\"https:\/\/www.todanelo.com\/wp-content\/uploads\/logo-todanelo.png\",\"width\":390,\"height\":161,\"caption\":\"Toda &amp; Nel-lo Abogados\"},\"image\":{\"@id\":\"https:\/\/www.todanelo.com\/es\/#\/schema\/logo\/image\/\"}}]}<\/script>\n<!-- \/ Yoast SEO plugin. -->","yoast_head_json":{"title":"Les asistimos en la creaci\u00f3n de su negocio en Espa\u00f1a - Toda &amp; Nel-lo Abogados","description":"Pack \"Starting your business\" Toda &amp; Nel-lo asesora y asiste a sociedades extranjeras y\/o a empresarios individuales para implantar sus empresas en","robots":{"index":"index","follow":"follow","max-snippet":"max-snippet:-1","max-image-preview":"max-image-preview:large","max-video-preview":"max-video-preview:-1"},"canonical":"https:\/\/www.todanelo.com\/es\/les-asistimos-en-la-creacion-de-su-negocio-en-espana\/","og_locale":"es_ES","og_type":"article","og_title":"Les asistimos en la creaci\u00f3n de su negocio en Espa\u00f1a - Toda &amp; Nel-lo Abogados","og_description":"Pack \"Starting your business\" Toda &amp; Nel-lo asesora y asiste a sociedades extranjeras y\/o a empresarios individuales para implantar sus empresas en","og_url":"https:\/\/www.todanelo.com\/es\/les-asistimos-en-la-creacion-de-su-negocio-en-espana\/","og_site_name":"Toda &amp; Nel-lo Abogados","article_modified_time":"2024-12-23T11:59:10+00:00","twitter_card":"summary_large_image","twitter_misc":{"Tiempo de lectura":"1 minuto"},"schema":{"@context":"https:\/\/schema.org","@graph":[{"@type":"WebPage","@id":"https:\/\/www.todanelo.com\/es\/les-asistimos-en-la-creacion-de-su-negocio-en-espana\/","url":"https:\/\/www.todanelo.com\/es\/les-asistimos-en-la-creacion-de-su-negocio-en-espana\/","name":"Les asistimos en la creaci\u00f3n de su negocio en Espa\u00f1a - Toda &amp; Nel-lo Abogados","isPartOf":{"@id":"https:\/\/www.todanelo.com\/es\/#website"},"datePublished":"2024-12-23T11:56:21+00:00","dateModified":"2024-12-23T11:59:10+00:00","description":"Pack \"Starting your business\" Toda &amp; Nel-lo asesora y asiste a sociedades extranjeras y\/o a empresarios individuales para implantar sus empresas en","breadcrumb":{"@id":"https:\/\/www.todanelo.com\/es\/les-asistimos-en-la-creacion-de-su-negocio-en-espana\/#breadcrumb"},"inLanguage":"es","potentialAction":[{"@type":"ReadAction","target":["https:\/\/www.todanelo.com\/es\/les-asistimos-en-la-creacion-de-su-negocio-en-espana\/"]}]},{"@type":"BreadcrumbList","@id":"https:\/\/www.todanelo.com\/es\/les-asistimos-en-la-creacion-de-su-negocio-en-espana\/#breadcrumb","itemListElement":[{"@type":"ListItem","position":1,"name":"Inicio","item":"https:\/\/www.todanelo.com\/es\/"},{"@type":"ListItem","position":2,"name":"Les asistimos en la creaci\u00f3n de su negocio en Espa\u00f1a"}]},{"@type":"WebSite","@id":"https:\/\/www.todanelo.com\/es\/#website","url":"https:\/\/www.todanelo.com\/es\/","name":"Toda &amp; Nel-lo Abogados","description":"Despacho Jur\u00eddico Barcelona y Madrid","publisher":{"@id":"https:\/\/www.todanelo.com\/es\/#organization"},"potentialAction":[{"@type":"SearchAction","target":{"@type":"EntryPoint","urlTemplate":"https:\/\/www.todanelo.com\/es\/?s={search_term_string}"},"query-input":{"@type":"PropertyValueSpecification","valueRequired":true,"valueName":"search_term_string"}}],"inLanguage":"es"},{"@type":"Organization","@id":"https:\/\/www.todanelo.com\/es\/#organization","name":"Toda &amp; Nel-lo Abogados","url":"https:\/\/www.todanelo.com\/es\/","logo":{"@type":"ImageObject","inLanguage":"es","@id":"https:\/\/www.todanelo.com\/es\/#\/schema\/logo\/image\/","url":"https:\/\/www.todanelo.com\/wp-content\/uploads\/logo-todanelo.png","contentUrl":"https:\/\/www.todanelo.com\/wp-content\/uploads\/logo-todanelo.png","width":390,"height":161,"caption":"Toda &amp; Nel-lo Abogados"},"image":{"@id":"https:\/\/www.todanelo.com\/es\/#\/schema\/logo\/image\/"}}]}},"_links":{"self":[{"href":"https:\/\/www.todanelo.com\/es\/wp-json\/wp\/v2\/pages\/2111","targetHints":{"allow":["GET"]}}],"collection":[{"href":"https:\/\/www.todanelo.com\/es\/wp-json\/wp\/v2\/pages"}],"about":[{"href":"https:\/\/www.todanelo.com\/es\/wp-json\/wp\/v2\/types\/page"}],"author":[{"embeddable":true,"href":"https:\/\/www.todanelo.com\/es\/wp-json\/wp\/v2\/users\/1"}],"replies":[{"embeddable":true,"href":"https:\/\/www.todanelo.com\/es\/wp-json\/wp\/v2\/comments?post=2111"}],"version-history":[{"count":0,"href":"https:\/\/www.todanelo.com\/es\/wp-json\/wp\/v2\/pages\/2111\/revisions"}],"wp:attachment":[{"href":"https:\/\/www.todanelo.com\/es\/wp-json\/wp\/v2\/media?parent=2111"}],"curies":[{"name":"wp","href":"https:\/\/api.w.org\/{rel}","templated":true}]}}