{"id":3460,"date":"2022-03-30T09:27:15","date_gmt":"2022-03-30T09:27:15","guid":{"rendered":"https:\/\/beta.todanelo.com\/?page_id=3460"},"modified":"2024-12-24T11:47:35","modified_gmt":"2024-12-24T11:47:35","slug":"politica-de-privacitat-i-comunicacions","status":"publish","type":"page","link":"https:\/\/www.todanelo.com\/ca\/politica-de-privacitat-i-comunicacions\/","title":{"rendered":"Pol\u00edtica de Privacitat i Comunicacions"},"content":{"rendered":"\n<p dir=\"ltr\">IURISDIAGONAL, S.L.P. respecta la legislaci\u00f3 vigent en mat\u00e8ria de protecci\u00f3 de dades personals, la privadesa dels Usuaris i el secret i la seguretat de les dades, de conformitat amb el que estableix la legislaci\u00f3 aplicable en mat\u00e8ria de protecci\u00f3 de dades, i aplica les mesures t\u00e8cniques i organitzatives apropiades per tal de garantir i poder demostrar que el tractament de dades de qu\u00e8 IURISDIAGONAL, S.L.P. \u00e9s responsable compleix amb la referida normativa.<\/p>\n<p dir=\"ltr\">Aquesta Pol\u00edtica de privadesa t\u00e9 per objecte donar informaci\u00f3 sobre l&#8217;\u00fas que IURISDIAGONAL, S.L.P. fa de les dades personals que l&#8217;Usuari facilita en accedir i navegar per la seva Web.\u00a0 IURISDIAGONAL, S.L.P. nom\u00e9s\u00a0 recull les dades personals per ser tractades quan siguin adequades, pertinents i no excessives en relaci\u00f3 amb l&#8217;\u00e0mbit i les finalitats determinades, expl\u00edcites i leg\u00edtimes per a les quals s&#8217;han obtingut.<\/p>\n<p dir=\"ltr\">Per aix\u00f2, IURISDIAGONAL, S.L.P. informa els Usuaris dels principals punts de la seva pol\u00edtica de privadesa i acc\u00e9s a les dades personals:<\/p>\n<p dir=\"ltr\">\u00a0<\/p>\n<p dir=\"ltr\">1. INFORMACI\u00d3 DE CONTACTE DEL RESPONSABLE<\/p>\n<p dir=\"ltr\">IURISDIAGONAL, S.L.P., una societat domiciliada a l&#8217;av. Diagonal, 520, 5\u00e8, 2a, 08006 Barcelona i tel\u00e8fon 933 63 40 00 (d\u2019ara endavant, IURISDIAGONAL o TODA NEL-LO), \u00e9s el Responsable d&#8217;aquest lloc Web <a href=\"http:\/\/www.todanel-lo.com\/\">www.todanel-lo.com<\/a> (d&#8217;ara endavant la Web), i del tractament de les dades personals que l&#8217;Usuari faciliti a trav\u00e9s d&#8217;aquesta. L&#8217;Usuari tamb\u00e9 pot contactar amb el Responsable de Protecci\u00f3 de Dades a l\u2019adre\u00e7a de correu electr\u00f2nic seg\u00fcent:\u00a0<a href=\"mailto:protecciondedatos@todanelo.com\">protecciondedatos@todanelo.com<\/a>.<\/p>\n<p dir=\"ltr\">\u00a0<\/p>\n<p dir=\"ltr\"><strong>2. INFORMACI\u00d3 I LEGITIMACI\u00d3 DEL TRACTAMENT<\/strong><\/p>\n<p dir=\"ltr\">La base legal pel tractament de les dades personals \u00e9s:<\/p>\n<ul>\n<li dir=\"ltr\" aria-level=\"1\">\n<p dir=\"ltr\" role=\"presentation\"><strong>El consentiment de l&#8217;interessat: <\/strong>el consentiment expr\u00e9s dels Usuaris subscriptors per a l&#8217;enviament de circulars i informaci\u00f3 jur\u00eddica o sobre activitats relacionades amb la prestaci\u00f3 de serveis de TODA NEL-LO.<\/p>\n<\/li>\n<li dir=\"ltr\" aria-level=\"1\">\n<p dir=\"ltr\" role=\"presentation\"><strong>El compliment d&#8217;un contracte:<\/strong> les dades personals de clients de TODA NEL-LO necess\u00e0ries per a l&#8217;execuci\u00f3 del contracte de prestaci\u00f3 de serveis.<\/p>\n<\/li>\n<li dir=\"ltr\" aria-level=\"1\">\n<p dir=\"ltr\" role=\"presentation\"><strong>El consentiment i l\u2019inter\u00e8s leg\u00edtim:<\/strong> en cas d&#8217;enviament d&#8217;informaci\u00f3 jur\u00eddica d&#8217;actualitat a trav\u00e9s de la Newsletter o altres mitjans, com ara correu electr\u00f2nic o mitjans equivalents.<\/p>\n<\/li>\n<li dir=\"ltr\" aria-level=\"1\">\n<p dir=\"ltr\" role=\"presentation\"><strong>La necessitat del tractament per aplicar mesures precontractuals o en el context de la intenci\u00f3 de formalitzar un contracte en qu\u00e8 el candidat sigui part, el consentiment expr\u00e9s i el compliment d&#8217;una obligaci\u00f3 legal:<\/strong> en cas de processos de selecci\u00f3 de professionals.<\/p>\n<\/li>\n<\/ul>\n<p dir=\"ltr\"><strong>La tipologia de dades <\/strong>dels Usuaris de la Web que TODA NEL-LO recull i tracta corresponen a les dades personals identificatives, de contacte i les incloses en el curriculum vitae facilitat pels subscriptors a la Newsletter de TODA NEL-LO, per participaci\u00f3 pr\u00e8via inscripci\u00f3 a esdeveniments o activitats organitzades per TODA NEL-LO, per la realitzaci\u00f3 de consultes o suggeriments dels Usuaris o per la participaci\u00f3 en processos de selecci\u00f3 de professionals.<\/p>\n<p dir=\"ltr\">Totes les dades que se sol\u00b7licitin com a obligat\u00f2ries en els formularis de la Web (els camps assenyalats amb asterisc) s\u00f3n necess\u00e0ries perqu\u00e8 TODA NEL-LO les gestioni amb la finalitat indicada en cada cas. La falta de qualsevol d&#8217;aquestes dades comporta la impossibilitat que TODA NEL-LO les atengui. En tot cas, l&#8217;Usuari respon de la veracitat de les dades facilitades, i es compromet a comunicar a TODA NEL-LO qualsevol canvi. TODA NEL-LO es reserva el dret a rebutjar les comunicacions que hagin facilitat dades falses o inexactes.<\/p>\n<p dir=\"ltr\"><strong>Les finalitats dels tractaments de dades<\/strong> per part de TODA NEL-LO s\u00f3n:<\/p>\n<ol>\n<li dir=\"ltr\" aria-level=\"1\">\n<p dir=\"ltr\" role=\"presentation\">Gestionar les consultes plantejades pels Usuaris a trav\u00e9s del lloc web;<\/p>\n<\/li>\n<li dir=\"ltr\" aria-level=\"1\">\n<p dir=\"ltr\" role=\"presentation\">El manteniment de la relaci\u00f3 amb els clients;<\/p>\n<\/li>\n<li dir=\"ltr\" aria-level=\"1\">\n<p dir=\"ltr\" role=\"presentation\">L\u2019enviament de circulars informatives, aix\u00ed com informaci\u00f3 jur\u00eddica d&#8217;actualitat a trav\u00e9s de la Newsletter o altres mitjans com a correu electr\u00f2nic o mitjans equivalents.<\/p>\n<\/li>\n<li dir=\"ltr\" aria-level=\"1\">\n<p dir=\"ltr\" role=\"presentation\">La gesti\u00f3 d&#8217;esdeveniments organitzats per TODA NEL-LO,<\/p>\n<\/li>\n<li dir=\"ltr\" aria-level=\"1\">\n<p dir=\"ltr\" role=\"presentation\">La gesti\u00f3 de processos de selecci\u00f3 de professionals.<\/p>\n<\/li>\n<\/ol>\n<p dir=\"ltr\"><strong>Criteris de conservaci\u00f3 de les dades:<\/strong> les dades es conserven durant el termini estrictament necessari per mantenir la finalitat del tractament, sense perjudici de la conservaci\u00f3 per a la posada a disposici\u00f3 de les autoritats competents o fer front a possibles reclamacions. En aquest cas, les dades es conserven bloquejades fins a la finalitzaci\u00f3 dels terminis de prescripci\u00f3, moment en el qual s\u2019eliminen seguint les mesures de seguretat adequades.<\/p>\n<p dir=\"ltr\">En el tractament de dades personals per a la gesti\u00f3 de processos de selecci\u00f3 de professionals, el termini de conservaci\u00f3 \u00e9s la durada del proc\u00e9s de selecci\u00f3, llevat que el candidat atorgui el consentiment perqu\u00e8 es conservin per a futurs processos de selecci\u00f3. En aquest cas, el termini \u00e9s de 24 mesos.<\/p>\n<p dir=\"ltr\"><strong>Destinataris de les dades:<\/strong>\u00a0TODA NEL-LO no comunicar\u00e0 a tercers les dades facilitades pels Usuaris, llevat del seu consentiment previ o si no \u00e9s per imperatiu legal, o el prove\u00efdor \u00e9s un encarregat de tractament de TODA NEL-LO.<\/p>\n<p dir=\"ltr\">TODA NEL-LO mantindr\u00e0 la confidencialitat de les dades esmentades, aix\u00ed com les mesures de seguretat exigibles legalment de conformitat amb la naturalesa d&#8217;aquestes dades, i no se sotmetran a decisions automatitzades. TODA NEL-LO no elabora perfils.<\/p>\n<p dir=\"ltr\">\u00a0<\/p>\n<p dir=\"ltr\"><strong>3. DRETS DELS USUARIS<\/strong><\/p>\n<p dir=\"ltr\">Us informem que podeu exercir els drets seg\u00fcents:<\/p>\n<ol>\n<li dir=\"ltr\" aria-level=\"1\">\n<p dir=\"ltr\" role=\"presentation\">Dret a retirar el consentiment atorgat en qualsevol moment, sense que afecti la licitud del tractament basat en el consentiment previ a la retirada.<\/p>\n<\/li>\n<li dir=\"ltr\" aria-level=\"1\">\n<p dir=\"ltr\" role=\"presentation\">Dret d&#8217;acc\u00e9s, rectificaci\u00f3, portabilitat i supressi\u00f3 de les vostres dades i a la limitaci\u00f3 o oposici\u00f3 al tractament.<\/p>\n<\/li>\n<li dir=\"ltr\" aria-level=\"1\">\n<p dir=\"ltr\" role=\"presentation\">Dret a presentar una reclamaci\u00f3 davant de l&#8217;autoritat de control (<a href=\"http:\/\/www.agpd.es\/\">www.agpd.es<\/a>) si considera que el tractament no s&#8217;ajusta a la normativa vigent.<\/p>\n<\/li>\n<\/ol>\n<p dir=\"ltr\">Podeu exercir els vostres drets en qualsevol moment i de forma gratu\u00efta dirigint-vos personalment o mitjan\u00e7ant una carta, acompanyada en qualsevol cas de c\u00f2pia del Document Nacional d&#8217;Identitat o d\u2019un document equivalent que acrediti la vostra identitat, a IURISDIAGONAL, SLP, av. Diagonal 520, 5\u00e8 2a (08006 Barcelona), o b\u00e9 mitjan\u00e7ant un correu electr\u00f2nic a l&#8217;adre\u00e7a<a href=\"mailto:protecciondedatos@todanelo.com\"> protecciondedades@todanelo.com<\/a>.\u00a0<\/p>\n<p dir=\"ltr\">Aix\u00ed mateix, si l&#8217;Usuari vol fer una consulta en relaci\u00f3 amb el tractament de les seves dades personals en aquest Lloc Web, tamb\u00e9 es pot dirigir a les adreces esmentades m\u00e9s amunt per a l&#8217;exercici dels drets dels Usuaris.<\/p>\n<p dir=\"ltr\">\u00a0<\/p>\n<p dir=\"ltr\"><strong>4. CONFIDENCIALITAT I SEGURETAT DEL TRACTAMENT<\/strong><\/p>\n<p dir=\"ltr\">IURISDIAGONAL, S.L.P. Tracta les dades personals amb la m\u00e0xima reserva, confidencialitat i seguretat, per la qual cosa estableix els mitjans t\u00e8cnics i organitzatius al seu abast per evitar la p\u00e8rdua, mal \u00fas, alteraci\u00f3, acc\u00e9s no autoritzat o c\u00f2pia de les dades personals facilitades en aquest Lloc Web.<\/p>\n<p dir=\"ltr\">\u00a0<\/p>\n<p dir=\"ltr\"><strong>5. MODIFICACIONS DE LA POL\u00cdTICA DE PRIVADESA<\/strong><\/p>\n<p dir=\"ltr\">IURISDIAGONAL, SLP es reserva el dret a modificar aquestes condicions de la seva Pol\u00edtica de privadesa de conformitat amb la legislaci\u00f3 aplicable a cada moment. Qualsevol modificaci\u00f3 ser\u00e0 inclosa en aquestes condicions i publicada a la Web accessible per a tots els Usuaris.<\/p>\n<p>\u00a0<\/p>\n","protected":false},"excerpt":{"rendered":"<p>IURISDIAGONAL, S.L.P. respecta la legislaci\u00f3 vigent en mat\u00e8ria de protecci\u00f3 de dades personals, la privadesa dels Usuaris i el secret i la seguretat de les dades, de conformitat amb el &hellip;<\/p>\n","protected":false},"author":1,"featured_media":0,"parent":0,"menu_order":0,"comment_status":"closed","ping_status":"open","template":"","meta":{"_acf_changed":false,"footnotes":""},"class_list":["post-3460","page","type-page","status-publish","hentry"],"acf":[],"yoast_head":"<!-- This site is optimized with the Yoast SEO plugin v27.2 - https:\/\/yoast.com\/product\/yoast-seo-wordpress\/ -->\n<title>Pol\u00edtica de Privacitat i Comunicacions - Toda &amp; Nel-lo Abogados<\/title>\n<meta name=\"description\" content=\"IURISDIAGONAL, S.L.P. respecta la legislaci\u00f3 vigent en mat\u00e8ria de protecci\u00f3 de dades personals, la privadesa dels Usuaris i el secret i la seguretat de\" \/>\n<meta name=\"robots\" content=\"index, follow, max-snippet:-1, max-image-preview:large, max-video-preview:-1\" \/>\n<link rel=\"canonical\" href=\"https:\/\/www.todanelo.com\/ca\/politica-de-privacitat-i-comunicacions\/\" \/>\n<meta property=\"og:locale\" content=\"ca_ES\" \/>\n<meta property=\"og:type\" content=\"article\" \/>\n<meta property=\"og:title\" content=\"Pol\u00edtica de Privacitat i Comunicacions - Toda &amp; Nel-lo Abogados\" \/>\n<meta property=\"og:description\" content=\"IURISDIAGONAL, S.L.P. respecta la legislaci\u00f3 vigent en mat\u00e8ria de protecci\u00f3 de dades personals, la privadesa dels Usuaris i el secret i la seguretat de\" \/>\n<meta property=\"og:url\" content=\"https:\/\/www.todanelo.com\/ca\/politica-de-privacitat-i-comunicacions\/\" \/>\n<meta property=\"og:site_name\" content=\"Toda &amp; Nel-lo Abogados\" \/>\n<meta property=\"article:modified_time\" content=\"2024-12-24T11:47:35+00:00\" \/>\n<meta name=\"twitter:card\" content=\"summary_large_image\" \/>\n<meta name=\"twitter:label1\" content=\"Temps estimat de lectura\" \/>\n\t<meta name=\"twitter:data1\" content=\"5 minuts\" \/>\n<script type=\"application\/ld+json\" class=\"yoast-schema-graph\">{\"@context\":\"https:\/\/schema.org\",\"@graph\":[{\"@type\":\"WebPage\",\"@id\":\"https:\/\/www.todanelo.com\/ca\/politica-de-privacitat-i-comunicacions\/\",\"url\":\"https:\/\/www.todanelo.com\/ca\/politica-de-privacitat-i-comunicacions\/\",\"name\":\"Pol\u00edtica de Privacitat i Comunicacions - Toda &amp; Nel-lo Abogados\",\"isPartOf\":{\"@id\":\"https:\/\/www.todanelo.com\/ca\/#website\"},\"datePublished\":\"2022-03-30T09:27:15+00:00\",\"dateModified\":\"2024-12-24T11:47:35+00:00\",\"description\":\"IURISDIAGONAL, S.L.P. respecta la legislaci\u00f3 vigent en mat\u00e8ria de protecci\u00f3 de dades personals, la privadesa dels Usuaris i el secret i la seguretat de\",\"breadcrumb\":{\"@id\":\"https:\/\/www.todanelo.com\/ca\/politica-de-privacitat-i-comunicacions\/#breadcrumb\"},\"inLanguage\":\"ca\",\"potentialAction\":[{\"@type\":\"ReadAction\",\"target\":[\"https:\/\/www.todanelo.com\/ca\/politica-de-privacitat-i-comunicacions\/\"]}]},{\"@type\":\"BreadcrumbList\",\"@id\":\"https:\/\/www.todanelo.com\/ca\/politica-de-privacitat-i-comunicacions\/#breadcrumb\",\"itemListElement\":[{\"@type\":\"ListItem\",\"position\":1,\"name\":\"Inicio\",\"item\":\"https:\/\/www.todanelo.com\/ca\/\"},{\"@type\":\"ListItem\",\"position\":2,\"name\":\"Pol\u00edtica de Privacitat i Comunicacions\"}]},{\"@type\":\"WebSite\",\"@id\":\"https:\/\/www.todanelo.com\/ca\/#website\",\"url\":\"https:\/\/www.todanelo.com\/ca\/\",\"name\":\"Toda &amp; Nel-lo Abogados\",\"description\":\"Despatx de jur\u00eddic a Barcelona i Madrid\",\"publisher\":{\"@id\":\"https:\/\/www.todanelo.com\/ca\/#organization\"},\"potentialAction\":[{\"@type\":\"SearchAction\",\"target\":{\"@type\":\"EntryPoint\",\"urlTemplate\":\"https:\/\/www.todanelo.com\/ca\/?s={search_term_string}\"},\"query-input\":{\"@type\":\"PropertyValueSpecification\",\"valueRequired\":true,\"valueName\":\"search_term_string\"}}],\"inLanguage\":\"ca\"},{\"@type\":\"Organization\",\"@id\":\"https:\/\/www.todanelo.com\/ca\/#organization\",\"name\":\"Toda &amp; Nel-lo Abogados\",\"url\":\"https:\/\/www.todanelo.com\/ca\/\",\"logo\":{\"@type\":\"ImageObject\",\"inLanguage\":\"ca\",\"@id\":\"https:\/\/www.todanelo.com\/ca\/#\/schema\/logo\/image\/\",\"url\":\"https:\/\/www.todanelo.com\/wp-content\/uploads\/logo-todanelo.png\",\"contentUrl\":\"https:\/\/www.todanelo.com\/wp-content\/uploads\/logo-todanelo.png\",\"width\":390,\"height\":161,\"caption\":\"Toda &amp; Nel-lo Abogados\"},\"image\":{\"@id\":\"https:\/\/www.todanelo.com\/ca\/#\/schema\/logo\/image\/\"}}]}<\/script>\n<!-- \/ Yoast SEO plugin. -->","yoast_head_json":{"title":"Pol\u00edtica de Privacitat i Comunicacions - Toda &amp; Nel-lo Abogados","description":"IURISDIAGONAL, S.L.P. respecta la legislaci\u00f3 vigent en mat\u00e8ria de protecci\u00f3 de dades personals, la privadesa dels Usuaris i el secret i la seguretat de","robots":{"index":"index","follow":"follow","max-snippet":"max-snippet:-1","max-image-preview":"max-image-preview:large","max-video-preview":"max-video-preview:-1"},"canonical":"https:\/\/www.todanelo.com\/ca\/politica-de-privacitat-i-comunicacions\/","og_locale":"ca_ES","og_type":"article","og_title":"Pol\u00edtica de Privacitat i Comunicacions - Toda &amp; Nel-lo Abogados","og_description":"IURISDIAGONAL, S.L.P. respecta la legislaci\u00f3 vigent en mat\u00e8ria de protecci\u00f3 de dades personals, la privadesa dels Usuaris i el secret i la seguretat de","og_url":"https:\/\/www.todanelo.com\/ca\/politica-de-privacitat-i-comunicacions\/","og_site_name":"Toda &amp; Nel-lo Abogados","article_modified_time":"2024-12-24T11:47:35+00:00","twitter_card":"summary_large_image","twitter_misc":{"Temps estimat de lectura":"5 minuts"},"schema":{"@context":"https:\/\/schema.org","@graph":[{"@type":"WebPage","@id":"https:\/\/www.todanelo.com\/ca\/politica-de-privacitat-i-comunicacions\/","url":"https:\/\/www.todanelo.com\/ca\/politica-de-privacitat-i-comunicacions\/","name":"Pol\u00edtica de Privacitat i Comunicacions - Toda &amp; Nel-lo Abogados","isPartOf":{"@id":"https:\/\/www.todanelo.com\/ca\/#website"},"datePublished":"2022-03-30T09:27:15+00:00","dateModified":"2024-12-24T11:47:35+00:00","description":"IURISDIAGONAL, S.L.P. respecta la legislaci\u00f3 vigent en mat\u00e8ria de protecci\u00f3 de dades personals, la privadesa dels Usuaris i el secret i la seguretat de","breadcrumb":{"@id":"https:\/\/www.todanelo.com\/ca\/politica-de-privacitat-i-comunicacions\/#breadcrumb"},"inLanguage":"ca","potentialAction":[{"@type":"ReadAction","target":["https:\/\/www.todanelo.com\/ca\/politica-de-privacitat-i-comunicacions\/"]}]},{"@type":"BreadcrumbList","@id":"https:\/\/www.todanelo.com\/ca\/politica-de-privacitat-i-comunicacions\/#breadcrumb","itemListElement":[{"@type":"ListItem","position":1,"name":"Inicio","item":"https:\/\/www.todanelo.com\/ca\/"},{"@type":"ListItem","position":2,"name":"Pol\u00edtica de Privacitat i Comunicacions"}]},{"@type":"WebSite","@id":"https:\/\/www.todanelo.com\/ca\/#website","url":"https:\/\/www.todanelo.com\/ca\/","name":"Toda &amp; Nel-lo Abogados","description":"Despatx de jur\u00eddic a Barcelona i Madrid","publisher":{"@id":"https:\/\/www.todanelo.com\/ca\/#organization"},"potentialAction":[{"@type":"SearchAction","target":{"@type":"EntryPoint","urlTemplate":"https:\/\/www.todanelo.com\/ca\/?s={search_term_string}"},"query-input":{"@type":"PropertyValueSpecification","valueRequired":true,"valueName":"search_term_string"}}],"inLanguage":"ca"},{"@type":"Organization","@id":"https:\/\/www.todanelo.com\/ca\/#organization","name":"Toda &amp; Nel-lo Abogados","url":"https:\/\/www.todanelo.com\/ca\/","logo":{"@type":"ImageObject","inLanguage":"ca","@id":"https:\/\/www.todanelo.com\/ca\/#\/schema\/logo\/image\/","url":"https:\/\/www.todanelo.com\/wp-content\/uploads\/logo-todanelo.png","contentUrl":"https:\/\/www.todanelo.com\/wp-content\/uploads\/logo-todanelo.png","width":390,"height":161,"caption":"Toda &amp; Nel-lo Abogados"},"image":{"@id":"https:\/\/www.todanelo.com\/ca\/#\/schema\/logo\/image\/"}}]}},"_links":{"self":[{"href":"https:\/\/www.todanelo.com\/ca\/wp-json\/wp\/v2\/pages\/3460","targetHints":{"allow":["GET"]}}],"collection":[{"href":"https:\/\/www.todanelo.com\/ca\/wp-json\/wp\/v2\/pages"}],"about":[{"href":"https:\/\/www.todanelo.com\/ca\/wp-json\/wp\/v2\/types\/page"}],"author":[{"embeddable":true,"href":"https:\/\/www.todanelo.com\/ca\/wp-json\/wp\/v2\/users\/1"}],"replies":[{"embeddable":true,"href":"https:\/\/www.todanelo.com\/ca\/wp-json\/wp\/v2\/comments?post=3460"}],"version-history":[{"count":0,"href":"https:\/\/www.todanelo.com\/ca\/wp-json\/wp\/v2\/pages\/3460\/revisions"}],"wp:attachment":[{"href":"https:\/\/www.todanelo.com\/ca\/wp-json\/wp\/v2\/media?parent=3460"}],"curies":[{"name":"wp","href":"https:\/\/api.w.org\/{rel}","templated":true}]}}