{"id":3454,"date":"2023-12-18T15:32:52","date_gmt":"2023-12-18T15:32:52","guid":{"rendered":"https:\/\/beta.todanelo.com\/?page_id=3454"},"modified":"2024-12-24T11:39:34","modified_gmt":"2024-12-24T11:39:34","slug":"avis-legal","status":"publish","type":"page","link":"https:\/\/www.todanelo.com\/ca\/avis-legal\/","title":{"rendered":"Avis legal"},"content":{"rendered":"\n<p><strong>1. INFORMACI\u00d3N LEGAL <\/strong><\/p>\n<p>IURISDIAGONAL, S.L.P. sociedad domiciliada en Avda. Diagonal, n\u00ba 520, 5\u00ba, 2\u00aa, 08006 Barcelona , inscrita en el Registro Mercantil de Barcelona, Tomo 34806, Folio 54, Hoja B-250673 y CIF: B-62943717 (en adelante, IURISDIAGONAL o TODA NEL-LO ABOGADOS), es propietaria del sitio Web <a href=\"http:\/\/www.todanel-lo.com\/\">www.todanel-lo.com<\/a>, (en adelante la Web o el Sitio Web).<\/p>\n<p>Toda persona que acceda o haga uso de este sitio Web se le atribuye la condici\u00f3n de Usuario lo que implica la aceptaci\u00f3n y sometimiento a las Condiciones de Uso incluidas en el presente Aviso Legal.<\/p>\n<p>IURISDIAGONAL, S.L.P. se reserva el derecho a modificar las presentes Condiciones de Uso en cualquier momento, entrando \u00e9stas en vigor desde el momento de su publicaci\u00f3n en la Web y siendo aplicables a todos los Usuarios desde esa fecha.<\/p>\n<p><strong>2. OBJETO Y CONTENIDO DE LA WEB. <\/strong><\/p>\n<p>Esta p\u00e1gina web tiene por objeto informar sobre la actividad de IURISDIAGONAL y sus servicios, as\u00ed como de noticias de actualidad e inter\u00e9s del sector en el que opera. Dicha informaci\u00f3n no constituye una relaci\u00f3n profesional, servicio de asesoramiento o alternativa al mismo, siendo responsabilidad exclusiva del Usuario la utilizaci\u00f3n o la toma de decisiones en base la informaci\u00f3n publicada en el presente sitio web. Por ello, no se derivar\u00e1 efecto vinculante alguno de cualquier informaci\u00f3n que se provea a trav\u00e9s de este sitio web. El usuario no debe actuar sobre la base de los materiales del presente sitio web.<\/p>\n<p>IURISDIAGONAL se reserva la facultad de modificar, en cualquier momento, y sin aviso previo, la presentaci\u00f3n y configuraci\u00f3n del Sitio Web y de los Contenidos y Servicios que en \u00e9l pudieran estar incorporados. El Usuario reconoce y acepta que en cualquier momento IURISDIAGONAL pueda interrumpir, desactivar y\/o cancelar cualquiera de los elementos que se integran en el Sitio Web o el acceso a los mismos.<\/p>\n<p>El acceso al Sitio Web por el Usuario tiene car\u00e1cter libre y gratuito.<\/p>\n<p>La utilizaci\u00f3n de alguno de los Contenidos o Servicios del Sitio Web podr\u00e1 hacerse mediante la suscripci\u00f3n o registro previo del Usuario.<\/p>\n<p><strong>3. PROPIEDAD INTELECTUAL<\/strong><\/p>\n<p>IURISDIAGONAL, S.L.P., es titular de todos los derechos de propiedad intelectual e industrial sobre toda la informaci\u00f3n contenida en el presente Sitio Web.<\/p>\n<p>Las marcas, logotipos, dise\u00f1os, im\u00e1genes, mapas, banners, contenidos, software y sus distintos c\u00f3digos fuente y objeto y dem\u00e1s elementos integradores de este Sitio Web est\u00e1n protegidos por las leyes de propiedad industrial e intelectual espa\u00f1olas y los tratados internacionales relativos a la materia y suscritos por Espa\u00f1a y su vulneraci\u00f3n ser\u00e1 objeto de cuantas acciones judiciales correspondan en Derecho.<\/p>\n<p>El acceso gratuito no concede al Usuario derecho o licencia alguna para su reproducci\u00f3n y\/o distribuci\u00f3n sin la autorizaci\u00f3n expresa IURISDIAGONAL y\/o de los titulares de dichos derechos. El Usuario se compromete a respetar los derechos de propiedad intelectual e industrial de IURISDIAGONAL<\/p>\n<p>Quedan reservados a favor de IURISDIAGONAL, S.L.P. el Copyright Toda &amp; Nel-lo Abogados, as\u00ed como los dem\u00e1s contenidos de esta Web. En virtud de lo dispuesto en la Ley de Propiedad Intelectual, quedan expresamente prohibidas la reproducci\u00f3n, la distribuci\u00f3n y la comunicaci\u00f3n p\u00fablica, incluida su modalidad de puesta a disposici\u00f3n, de la totalidad o parte de los contenidos de esta p\u00e1gina web, con fines comerciales, en cualquier soporte y por cualquier medio t\u00e9cnico, sin la autorizaci\u00f3n de IURISDIAGONAL<\/p>\n<p><strong>4. EXONERACI\u00d3N DE RESPONSABILIDAD<\/strong><\/p>\n<p>Todos los Usuarios de estos sitios web lo hacen bajo su propia responsabiolidad, y al acceder a ellos aceptan utilizarlo seg\u00fan las leyes y usos de tr\u00e1fico y deber\u00e1n responder ante IURISDIAGONAL u otras empresas, por cualquier da\u00f1o que pueda haber sido producido como resultado de un incumplimiento de estas obligaciones.\u00a0<\/p>\n<p>Tanto el acceso a este Sitio web de IURISDIAGONAL, como el uso que pueda hacerse de la informaci\u00f3n que contenga, es de exclusiva responsabilidad de quien lo realiza. IURISDIAGONAL no responder\u00e1 de ninguna consecuencia, da\u00f1o o perjuicio que pudieran derivarse del acceso o uso de dicha informaci\u00f3n. IURISDIAGONAL no se responsabiliza, por lo tanto, del uso que cada Usuario le d\u00e9 a los materiales puestos a disposici\u00f3n en este sitio web ni de las actuaciones que realice en base a los mismos<\/p>\n<p>IURISDIAGONAL no se responsabiliza de los posibles errores de seguridad que puedan producirse ni de cualquier da\u00f1o o perjuicio que pueda causarse al sistema inform\u00e1tico del Usuario, los ficheros o documentos almacenados en el mismo, como consecuencia del acceso a la P\u00e1gina web de IURISDIAGONAL o del uso de informaci\u00f3n o aplicaciones en ella contenidas. IURISDIAGONAL no garantiza la continuidad, disponibilidad y utilidad del Sitio Web, ni de los Contenidos o Servicios. La Sociedad har\u00e1 todo lo posible para el buen funcionamiento del Sitio Web, sin embargo, no se responsabiliza ni garantiza que el acceso a este Sitio Web no vaya a ser ininterrumpido o que est\u00e9 libre de error.<\/p>\n<p><strong>5. PROTECCI\u00d3N DE DATOS<\/strong><\/p>\n<p>IURISDIAGONAL como titular de este Sitio Web, informa a los Usuarios del mismo que es el responsable de los tratamientos que se realicen mediante sus usos, salvo que expresamente se informe de otras condiciones en un tratamiento concreto.<\/p>\n<p>De conformidad con lo establecido en la legislaci\u00f3n aplicable en materia de protecci\u00f3n de datos, IURISDIAGONAL respeta la privacidad de los Usuarios y el secreto y seguridad de los datos personales, adoptando para ello las medidas t\u00e9cnicas y organizativas necesarias para evitar la p\u00e9rdida, mal uso, alteraci\u00f3n, acceso no autorizado y robo de los datos personales facilitados, habida cuenta el estado de la tecnolog\u00eda, la naturaleza de los datos y los riesgos a los que est\u00e1n expuestos,<\/p>\n<p>Los datos personales de los Usuarios del sitio web de IURISDIAGONAL, solo se obtendr\u00e1n para ser tratados cuando sean adecuados, pertinentes y no excesivos en relaci\u00f3n con el \u00e1mbito y las finalidades determinadas, expl\u00edcitas, consentidas y\/o leg\u00edtimas para las que se hayan recabado. Cuando se recaben datos personales a trav\u00e9s de este sitio web, se informar\u00e1 previamente al Usuario de forma clara e inequ\u00edvoca de las circunstancias relativas al tratamiento de sus datos. A tal fin, IURISDIAGONAL, S.L.P. proporcionar\u00e1 al Usuario los recursos t\u00e9cnicos necesarios para que, con car\u00e1cter previo y desde los propios formularios de recogida de datos de esta Web, pueda acceder y aceptar la Pol\u00edtica de Privacidad de esta Web antes de dar su consentimiento para dichos tratamientos.<\/p>\n<p>El Usuario deber\u00e1 visitar la Pol\u00edtica de Privacidad de IURISDIAGONAL donde encontrar\u00e1 informaci\u00f3n detallada respecto la protecci\u00f3n de datos.<\/p>\n<p>En todo caso, el Usuario responde de la veracidad de los datos facilitados, reserv\u00e1ndose IURISDIAGONAL, S.L.P. el derecho a rechazar las comunicaciones que hayan facilitado datos falsos o inexactos.<\/p>\n<p><strong>6. POL\u00cdTICA DE ENLACES<\/strong><\/p>\n<p>Se informa que el Sitio Web de IURISDIAGONAL puede poner a disposici\u00f3n de los Usuarios medios de enlace (links, banners, botones, etc), que permiten acceder a sitios web pertenecientes y\/o gestionados por terceros.<\/p>\n<p>IURISDIAGONAL no ofrece ni comercializa por s\u00ed ni por medio de terceros los productos y\/o servicios disponibles en dichos sitios enlazados, asumiendo el Usuario de manera exclusiva toda la responsabilidad de la navegaci\u00f3n y uso que haga de los mismos.<\/p>\n<p>IURISDIAGONAL no asume ninguna responsabilidad por los da\u00f1os y perjuicios que pudieran producirse por el acceso, uso, calidad o licitud de los contenidos, comunicaciones, opiniones, productos y servicios de los sitios web no gestionados por IURISDIAGONAL, y que sean enlazados en este Sitio Web.<\/p>\n<p>El Usuario o tercero que realice un hiperv\u00ednculo desde una p\u00e1gina web al Sitio Web de IURISDIAGONAL, deber\u00e1 saber que:<\/p>\n<ul>\n<li>No se permite la reproducci\u00f3n total o parcial de ninguno de los Contenidos y\/o Servicios del Sitio Web sin autorizaci\u00f3n expresa de IURISDIAGONAL.<\/li>\n<li>No se permite tampoco ninguna manifestaci\u00f3n falsa, inexacta o incorrecta sobre el Sitio Web de IURISDIAGONAL ni sobre los Contenidos y\/o Servicios de \u00e9ste.<\/li>\n<\/ul>\n<p>El establecimiento del hiperv\u00ednculo no implicar\u00e1 la existencia de relaciones entre IURISDIAGONAL, y el titular del sitio web desde el cual se realice, ni el conocimiento y aprobaci\u00f3n de los contenidos, servicios y\/o actividades ofrecidos en los accesos a estos enlaces de terceros.<\/p>\n<p><strong>7. LEY APLICABLE Y JURISDICCI\u00d3N<\/strong><\/p>\n<p>Las condiciones generales del presente Aviso Legal se rigen por la ley espa\u00f1ola y los Usuarios, con renuncia expresa a cualquier otro fuero, se someten a la jurisdicci\u00f3n de los Juzgados y Tribunales de Barcelona.<\/p>\n","protected":false},"excerpt":{"rendered":"<p>1. INFORMACI\u00d3N LEGAL IURISDIAGONAL, S.L.P. sociedad domiciliada en Avda. Diagonal, n\u00ba 520, 5\u00ba, 2\u00aa, 08006 Barcelona , inscrita en el Registro Mercantil de Barcelona, Tomo 34806, Folio 54, Hoja B-250673 &hellip;<\/p>\n","protected":false},"author":1,"featured_media":0,"parent":0,"menu_order":0,"comment_status":"closed","ping_status":"closed","template":"","meta":{"_acf_changed":false,"footnotes":""},"class_list":["post-3454","page","type-page","status-publish","hentry"],"acf":[],"yoast_head":"<!-- This site is optimized with the Yoast SEO plugin v27.2 - https:\/\/yoast.com\/product\/yoast-seo-wordpress\/ -->\n<title>Avis legal - Toda &amp; Nel-lo Abogados<\/title>\n<meta name=\"description\" content=\"1. INFORMACI\u00d3N LEGAL IURISDIAGONAL, S.L.P. sociedad domiciliada en Avda. Diagonal, n\u00ba 520, 5\u00ba, 2\u00aa, 08006 Barcelona , inscrita en el Registro Mercantil de\" \/>\n<meta name=\"robots\" content=\"index, follow, max-snippet:-1, max-image-preview:large, max-video-preview:-1\" \/>\n<link rel=\"canonical\" href=\"https:\/\/www.todanelo.com\/ca\/avis-legal\/\" \/>\n<meta property=\"og:locale\" content=\"ca_ES\" \/>\n<meta property=\"og:type\" content=\"article\" \/>\n<meta property=\"og:title\" content=\"Avis legal - Toda &amp; Nel-lo Abogados\" \/>\n<meta property=\"og:description\" content=\"1. INFORMACI\u00d3N LEGAL IURISDIAGONAL, S.L.P. sociedad domiciliada en Avda. Diagonal, n\u00ba 520, 5\u00ba, 2\u00aa, 08006 Barcelona , inscrita en el Registro Mercantil de\" \/>\n<meta property=\"og:url\" content=\"https:\/\/www.todanelo.com\/ca\/avis-legal\/\" \/>\n<meta property=\"og:site_name\" content=\"Toda &amp; Nel-lo Abogados\" \/>\n<meta property=\"article:modified_time\" content=\"2024-12-24T11:39:34+00:00\" \/>\n<meta name=\"twitter:card\" content=\"summary_large_image\" \/>\n<meta name=\"twitter:label1\" content=\"Temps estimat de lectura\" \/>\n\t<meta name=\"twitter:data1\" content=\"7 minuts\" \/>\n<script type=\"application\/ld+json\" class=\"yoast-schema-graph\">{\"@context\":\"https:\/\/schema.org\",\"@graph\":[{\"@type\":\"WebPage\",\"@id\":\"https:\/\/www.todanelo.com\/ca\/avis-legal\/\",\"url\":\"https:\/\/www.todanelo.com\/ca\/avis-legal\/\",\"name\":\"Avis legal - Toda &amp; Nel-lo Abogados\",\"isPartOf\":{\"@id\":\"https:\/\/www.todanelo.com\/ca\/#website\"},\"datePublished\":\"2023-12-18T15:32:52+00:00\",\"dateModified\":\"2024-12-24T11:39:34+00:00\",\"description\":\"1. INFORMACI\u00d3N LEGAL IURISDIAGONAL, S.L.P. sociedad domiciliada en Avda. Diagonal, n\u00ba 520, 5\u00ba, 2\u00aa, 08006 Barcelona , inscrita en el Registro Mercantil de\",\"breadcrumb\":{\"@id\":\"https:\/\/www.todanelo.com\/ca\/avis-legal\/#breadcrumb\"},\"inLanguage\":\"ca\",\"potentialAction\":[{\"@type\":\"ReadAction\",\"target\":[\"https:\/\/www.todanelo.com\/ca\/avis-legal\/\"]}]},{\"@type\":\"BreadcrumbList\",\"@id\":\"https:\/\/www.todanelo.com\/ca\/avis-legal\/#breadcrumb\",\"itemListElement\":[{\"@type\":\"ListItem\",\"position\":1,\"name\":\"Inicio\",\"item\":\"https:\/\/www.todanelo.com\/ca\/\"},{\"@type\":\"ListItem\",\"position\":2,\"name\":\"Avis legal\"}]},{\"@type\":\"WebSite\",\"@id\":\"https:\/\/www.todanelo.com\/ca\/#website\",\"url\":\"https:\/\/www.todanelo.com\/ca\/\",\"name\":\"Toda &amp; Nel-lo Abogados\",\"description\":\"Despatx de jur\u00eddic a Barcelona i Madrid\",\"publisher\":{\"@id\":\"https:\/\/www.todanelo.com\/ca\/#organization\"},\"potentialAction\":[{\"@type\":\"SearchAction\",\"target\":{\"@type\":\"EntryPoint\",\"urlTemplate\":\"https:\/\/www.todanelo.com\/ca\/?s={search_term_string}\"},\"query-input\":{\"@type\":\"PropertyValueSpecification\",\"valueRequired\":true,\"valueName\":\"search_term_string\"}}],\"inLanguage\":\"ca\"},{\"@type\":\"Organization\",\"@id\":\"https:\/\/www.todanelo.com\/ca\/#organization\",\"name\":\"Toda &amp; Nel-lo Abogados\",\"url\":\"https:\/\/www.todanelo.com\/ca\/\",\"logo\":{\"@type\":\"ImageObject\",\"inLanguage\":\"ca\",\"@id\":\"https:\/\/www.todanelo.com\/ca\/#\/schema\/logo\/image\/\",\"url\":\"https:\/\/www.todanelo.com\/wp-content\/uploads\/logo-todanelo.png\",\"contentUrl\":\"https:\/\/www.todanelo.com\/wp-content\/uploads\/logo-todanelo.png\",\"width\":390,\"height\":161,\"caption\":\"Toda &amp; Nel-lo Abogados\"},\"image\":{\"@id\":\"https:\/\/www.todanelo.com\/ca\/#\/schema\/logo\/image\/\"}}]}<\/script>\n<!-- \/ Yoast SEO plugin. -->","yoast_head_json":{"title":"Avis legal - Toda &amp; Nel-lo Abogados","description":"1. INFORMACI\u00d3N LEGAL IURISDIAGONAL, S.L.P. sociedad domiciliada en Avda. Diagonal, n\u00ba 520, 5\u00ba, 2\u00aa, 08006 Barcelona , inscrita en el Registro Mercantil de","robots":{"index":"index","follow":"follow","max-snippet":"max-snippet:-1","max-image-preview":"max-image-preview:large","max-video-preview":"max-video-preview:-1"},"canonical":"https:\/\/www.todanelo.com\/ca\/avis-legal\/","og_locale":"ca_ES","og_type":"article","og_title":"Avis legal - Toda &amp; Nel-lo Abogados","og_description":"1. INFORMACI\u00d3N LEGAL IURISDIAGONAL, S.L.P. sociedad domiciliada en Avda. Diagonal, n\u00ba 520, 5\u00ba, 2\u00aa, 08006 Barcelona , inscrita en el Registro Mercantil de","og_url":"https:\/\/www.todanelo.com\/ca\/avis-legal\/","og_site_name":"Toda &amp; Nel-lo Abogados","article_modified_time":"2024-12-24T11:39:34+00:00","twitter_card":"summary_large_image","twitter_misc":{"Temps estimat de lectura":"7 minuts"},"schema":{"@context":"https:\/\/schema.org","@graph":[{"@type":"WebPage","@id":"https:\/\/www.todanelo.com\/ca\/avis-legal\/","url":"https:\/\/www.todanelo.com\/ca\/avis-legal\/","name":"Avis legal - Toda &amp; Nel-lo Abogados","isPartOf":{"@id":"https:\/\/www.todanelo.com\/ca\/#website"},"datePublished":"2023-12-18T15:32:52+00:00","dateModified":"2024-12-24T11:39:34+00:00","description":"1. INFORMACI\u00d3N LEGAL IURISDIAGONAL, S.L.P. sociedad domiciliada en Avda. Diagonal, n\u00ba 520, 5\u00ba, 2\u00aa, 08006 Barcelona , inscrita en el Registro Mercantil de","breadcrumb":{"@id":"https:\/\/www.todanelo.com\/ca\/avis-legal\/#breadcrumb"},"inLanguage":"ca","potentialAction":[{"@type":"ReadAction","target":["https:\/\/www.todanelo.com\/ca\/avis-legal\/"]}]},{"@type":"BreadcrumbList","@id":"https:\/\/www.todanelo.com\/ca\/avis-legal\/#breadcrumb","itemListElement":[{"@type":"ListItem","position":1,"name":"Inicio","item":"https:\/\/www.todanelo.com\/ca\/"},{"@type":"ListItem","position":2,"name":"Avis legal"}]},{"@type":"WebSite","@id":"https:\/\/www.todanelo.com\/ca\/#website","url":"https:\/\/www.todanelo.com\/ca\/","name":"Toda &amp; Nel-lo Abogados","description":"Despatx de jur\u00eddic a Barcelona i Madrid","publisher":{"@id":"https:\/\/www.todanelo.com\/ca\/#organization"},"potentialAction":[{"@type":"SearchAction","target":{"@type":"EntryPoint","urlTemplate":"https:\/\/www.todanelo.com\/ca\/?s={search_term_string}"},"query-input":{"@type":"PropertyValueSpecification","valueRequired":true,"valueName":"search_term_string"}}],"inLanguage":"ca"},{"@type":"Organization","@id":"https:\/\/www.todanelo.com\/ca\/#organization","name":"Toda &amp; Nel-lo Abogados","url":"https:\/\/www.todanelo.com\/ca\/","logo":{"@type":"ImageObject","inLanguage":"ca","@id":"https:\/\/www.todanelo.com\/ca\/#\/schema\/logo\/image\/","url":"https:\/\/www.todanelo.com\/wp-content\/uploads\/logo-todanelo.png","contentUrl":"https:\/\/www.todanelo.com\/wp-content\/uploads\/logo-todanelo.png","width":390,"height":161,"caption":"Toda &amp; Nel-lo Abogados"},"image":{"@id":"https:\/\/www.todanelo.com\/ca\/#\/schema\/logo\/image\/"}}]}},"_links":{"self":[{"href":"https:\/\/www.todanelo.com\/ca\/wp-json\/wp\/v2\/pages\/3454","targetHints":{"allow":["GET"]}}],"collection":[{"href":"https:\/\/www.todanelo.com\/ca\/wp-json\/wp\/v2\/pages"}],"about":[{"href":"https:\/\/www.todanelo.com\/ca\/wp-json\/wp\/v2\/types\/page"}],"author":[{"embeddable":true,"href":"https:\/\/www.todanelo.com\/ca\/wp-json\/wp\/v2\/users\/1"}],"replies":[{"embeddable":true,"href":"https:\/\/www.todanelo.com\/ca\/wp-json\/wp\/v2\/comments?post=3454"}],"version-history":[{"count":0,"href":"https:\/\/www.todanelo.com\/ca\/wp-json\/wp\/v2\/pages\/3454\/revisions"}],"wp:attachment":[{"href":"https:\/\/www.todanelo.com\/ca\/wp-json\/wp\/v2\/media?parent=3454"}],"curies":[{"name":"wp","href":"https:\/\/api.w.org\/{rel}","templated":true}]}}