{"id":2131,"date":"2024-10-24T10:52:32","date_gmt":"2024-10-24T10:52:32","guid":{"rendered":"https:\/\/beta.todanelo.com\/internacional\/"},"modified":"2025-06-18T09:46:40","modified_gmt":"2025-06-18T09:46:40","slug":"internacional-desk","status":"publish","type":"page","link":"https:\/\/www.todanelo.com\/ca\/internacional-desk\/","title":{"rendered":"International Desk"},"content":{"rendered":"\n<h2>La nostra Missi\u00f3<\/h2>\n<p>Toda &amp; Nel-lo disposa d&#8217;un equip d&#8217;advocats especialitzats en l&#8217;\u00e0rea internacional, per donar suport i assessorament a empreses i particulars en una doble vessant: d&#8217;una banda, empreses nacionals que ja estan presents a l&#8217;exterior o pretenen internacionalitzar-se i, per un altre, empreses i particulars estrangers que requereixen serveis jur\u00eddics i legals a Espanya.<\/p>\n<p>Els nostres advocats, amb \u00e0mplia experi\u00e8ncia en transaccions internacionals, assessoren habitualment empreses multinacionals, tant estrangeres com nacionals, en projectes d&#8217;inversi\u00f3 a l&#8217;exterior, fusions i adquisicions (M&amp;A), Joint-ventures, contractes internacionals, reestructuraci\u00f3 de grups societaris, optimitzaci\u00f3 fiscal internacional, i actuacions litigioses i arbitratges internacionals, entre d&#8217;altres serveis.<\/p>\n<p>La firma forma part de la xarxa internacional <strong><a href=\"https:\/\/legalnetworkinternational.com\/\" target=\"_blank\" rel=\"noopener\">Legal Network International <\/a>(LNI) <\/strong>present a m\u00e9s de 50 pa\u00efsos i 130 ciutats, incloent els principals centres financers del m\u00f3n. LNI \u00e9s una alian\u00e7a de despatxos d&#8217;advocats independents, amb vocaci\u00f3 internacional, compromesos a oferir als clients la millor representaci\u00f3 disponible en els assumptes transfronterers. El servei al client \u00e9s la principal prioritat dels membres de LNI i, per aix\u00f2, intentem garantir la m\u00e9s alta qualitat de servei, una resposta r\u00e0pida i una gran dedicaci\u00f3 a cada assumpte.<br \/><br \/><\/p>\n<p><a href=\"https:\/\/legalnetworkinternational.com\/\" target=\"_blank\" rel=\"noopener\"><img loading=\"lazy\" decoding=\"async\" class=\"alignnone wp-image-2090\" src=\"https:\/\/www.todanelo.com\/wp-content\/uploads\/lni-logo-black.png\" alt=\"\" width=\"250\" height=\"48\" srcset=\"https:\/\/www.todanelo.com\/wp-content\/uploads\/lni-logo-black.png 1200w, https:\/\/www.todanelo.com\/wp-content\/uploads\/lni-logo-black-1024x196.png 1024w\" sizes=\"auto, (max-width: 250px) 100vw, 250px\" \/><\/a><\/p>\n<p>\u00a0<\/p>\n<p>El despatx tamb\u00e9 forma part de <strong>UIAdvance<\/strong>, la xarxa internacional de la Uni\u00f3 Internacional d&#8217;Advocats (UIA), que reuneix m\u00e9s de dos milions d&#8217;advocats i d&#8217;advocats d&#8217;empresa, col\u00b7legis d&#8217;advocats, federacions i associacions repartits a 110 pa\u00efsos, cosa que ens permet comptar amb una xarxa de despatxos d&#8217;advocats de confian\u00e7a amb qui col\u00b7laborar en jurisdiccions de tot el m\u00f3n.<br \/><br \/><\/p>\n<p><a href=\"https:\/\/www.uianet.org\/es\" target=\"_blank\" rel=\"noopener\"><img loading=\"lazy\" decoding=\"async\" class=\"alignnone wp-image-2095 size-full\" src=\"https:\/\/www.todanelo.com\/wp-content\/uploads\/logo-header-es.png\" alt=\"\" width=\"192\" height=\"77\" \/><\/a><\/p>\n<p>\u00a0<\/p>\n<h3>Espanya &#8211; Brasil<\/h3>\n<p>Dins de l&#8217;assessorament multidisciplinar de l&#8217;\u00e0rea Internacional de Toda &amp; Nel-lo, el nostre equip est\u00e0 especialitzat en donar assessorament a empreses espanyoles que tenen interessos de negoci al Brasil ia empreses amb seu brasilera que volen establir-se a Espanya i que requereixen serveis jur\u00eddics en les diferents \u00e0rees que intervenen en un proc\u00e9s d&#8217;inversi\u00f3 d&#8217;abast internacional, com pot ser a nivell mercantil, laboral o fiscal.<\/p>\n<p>El despatx compta amb una xarxa de despatxos col\u00b7laboradors que treballen estretament amb els professionals de Toda &amp; Nel-lo sota els principis d&#8217;excel\u00b7l\u00e8ncia, proximitat a el client i diagn\u00f2stic orientat a l&#8217;assoliment dels seus objectius.<span style=\"font-size: 13.008px;\">\u00a0 \u00a0<\/span><\/p>\n<p>Aix\u00ed mateix, Toda &amp; Nel-lo \u00e9s soci protector i membre de la Junta Directiva de la <strong>Cambra de Comer\u00e7 Brasil-Catalunya<\/strong>, associaci\u00f3 empresarial adscrita a la Cambra de Comer\u00e7 Brasil-Espanya que t\u00e9 com a objectiu fomentar les relacions comercials entre Brasil i Catalunya, i oferir un ampli portfoli de serveis tant a les empreses catalanes presents al Brasil com a les empreses brasileres que volen instal\u00b7lar-se a Catalunya directament o com a porta d&#8217;entrada a Europa.<\/p>\n<p><img loading=\"lazy\" decoding=\"async\" class=\"alignnone wp-image-2102\" src=\"https:\/\/www.todanelo.com\/wp-content\/uploads\/logo-ccbc.png\" alt=\"\" width=\"150\" height=\"150\" srcset=\"https:\/\/www.todanelo.com\/wp-content\/uploads\/logo-ccbc.png 960w, https:\/\/www.todanelo.com\/wp-content\/uploads\/logo-ccbc-150x150.png 150w, https:\/\/www.todanelo.com\/wp-content\/uploads\/logo-ccbc-233x233.png 233w\" sizes=\"auto, (max-width: 150px) 100vw, 150px\" \/><\/p>\n\n\n\n<p><\/p>\n","protected":false},"excerpt":{"rendered":"<p>La nostra Missi\u00f3 Toda &amp; Nel-lo disposa d&#8217;un equip d&#8217;advocats especialitzats en l&#8217;\u00e0rea internacional, per donar suport i assessorament a empreses i particulars en una doble vessant: d&#8217;una banda, empreses &hellip;<\/p>\n","protected":false},"author":1,"featured_media":0,"parent":0,"menu_order":0,"comment_status":"closed","ping_status":"closed","template":"page-templates\/page-international.php","meta":{"_acf_changed":false,"footnotes":""},"class_list":["post-2131","page","type-page","status-publish","hentry"],"acf":[],"yoast_head":"<!-- This site is optimized with the Yoast SEO plugin v27.2 - https:\/\/yoast.com\/product\/yoast-seo-wordpress\/ -->\n<title>International Desk - Toda &amp; Nel-lo Abogados<\/title>\n<meta name=\"description\" content=\"La nostra Missi\u00f3 Toda &amp; Nel-lo disposa d&#039;un equip d&#039;advocats especialitzats en l&#039;\u00e0rea internacional, per donar suport i assessorament a empreses i\" \/>\n<meta name=\"robots\" content=\"index, follow, max-snippet:-1, max-image-preview:large, max-video-preview:-1\" \/>\n<link rel=\"canonical\" href=\"https:\/\/www.todanelo.com\/ca\/internacional-desk\/\" \/>\n<meta property=\"og:locale\" content=\"ca_ES\" \/>\n<meta property=\"og:type\" content=\"article\" \/>\n<meta property=\"og:title\" content=\"International Desk - Toda &amp; Nel-lo Abogados\" \/>\n<meta property=\"og:description\" content=\"La nostra Missi\u00f3 Toda &amp; Nel-lo disposa d&#039;un equip d&#039;advocats especialitzats en l&#039;\u00e0rea internacional, per donar suport i assessorament a empreses i\" \/>\n<meta property=\"og:url\" content=\"https:\/\/www.todanelo.com\/ca\/internacional-desk\/\" \/>\n<meta property=\"og:site_name\" content=\"Toda &amp; Nel-lo Abogados\" \/>\n<meta property=\"article:modified_time\" content=\"2025-06-18T09:46:40+00:00\" \/>\n<meta property=\"og:image\" content=\"https:\/\/www.todanelo.com\/wp-content\/uploads\/lni-logo-black.png\" \/>\n<meta name=\"twitter:card\" content=\"summary_large_image\" \/>\n<meta name=\"twitter:label1\" content=\"Temps estimat de lectura\" \/>\n\t<meta name=\"twitter:data1\" content=\"3 minuts\" \/>\n<script type=\"application\/ld+json\" class=\"yoast-schema-graph\">{\"@context\":\"https:\/\/schema.org\",\"@graph\":[{\"@type\":\"WebPage\",\"@id\":\"https:\/\/www.todanelo.com\/ca\/internacional-desk\/\",\"url\":\"https:\/\/www.todanelo.com\/ca\/internacional-desk\/\",\"name\":\"International Desk - Toda &amp; Nel-lo Abogados\",\"isPartOf\":{\"@id\":\"https:\/\/www.todanelo.com\/ca\/#website\"},\"primaryImageOfPage\":{\"@id\":\"https:\/\/www.todanelo.com\/ca\/internacional-desk\/#primaryimage\"},\"image\":{\"@id\":\"https:\/\/www.todanelo.com\/ca\/internacional-desk\/#primaryimage\"},\"thumbnailUrl\":\"https:\/\/www.todanelo.com\/wp-content\/uploads\/lni-logo-black.png\",\"datePublished\":\"2024-10-24T10:52:32+00:00\",\"dateModified\":\"2025-06-18T09:46:40+00:00\",\"description\":\"La nostra Missi\u00f3 Toda &amp; Nel-lo disposa d'un equip d'advocats especialitzats en l'\u00e0rea internacional, per donar suport i assessorament a empreses i\",\"breadcrumb\":{\"@id\":\"https:\/\/www.todanelo.com\/ca\/internacional-desk\/#breadcrumb\"},\"inLanguage\":\"ca\",\"potentialAction\":[{\"@type\":\"ReadAction\",\"target\":[\"https:\/\/www.todanelo.com\/ca\/internacional-desk\/\"]}]},{\"@type\":\"ImageObject\",\"inLanguage\":\"ca\",\"@id\":\"https:\/\/www.todanelo.com\/ca\/internacional-desk\/#primaryimage\",\"url\":\"https:\/\/www.todanelo.com\/wp-content\/uploads\/lni-logo-black.png\",\"contentUrl\":\"https:\/\/www.todanelo.com\/wp-content\/uploads\/lni-logo-black.png\"},{\"@type\":\"BreadcrumbList\",\"@id\":\"https:\/\/www.todanelo.com\/ca\/internacional-desk\/#breadcrumb\",\"itemListElement\":[{\"@type\":\"ListItem\",\"position\":1,\"name\":\"Inicio\",\"item\":\"https:\/\/www.todanelo.com\/ca\/\"},{\"@type\":\"ListItem\",\"position\":2,\"name\":\"International Desk\"}]},{\"@type\":\"WebSite\",\"@id\":\"https:\/\/www.todanelo.com\/ca\/#website\",\"url\":\"https:\/\/www.todanelo.com\/ca\/\",\"name\":\"Toda &amp; Nel-lo Abogados\",\"description\":\"Despatx de jur\u00eddic a Barcelona i Madrid\",\"publisher\":{\"@id\":\"https:\/\/www.todanelo.com\/ca\/#organization\"},\"potentialAction\":[{\"@type\":\"SearchAction\",\"target\":{\"@type\":\"EntryPoint\",\"urlTemplate\":\"https:\/\/www.todanelo.com\/ca\/?s={search_term_string}\"},\"query-input\":{\"@type\":\"PropertyValueSpecification\",\"valueRequired\":true,\"valueName\":\"search_term_string\"}}],\"inLanguage\":\"ca\"},{\"@type\":\"Organization\",\"@id\":\"https:\/\/www.todanelo.com\/ca\/#organization\",\"name\":\"Toda &amp; Nel-lo Abogados\",\"url\":\"https:\/\/www.todanelo.com\/ca\/\",\"logo\":{\"@type\":\"ImageObject\",\"inLanguage\":\"ca\",\"@id\":\"https:\/\/www.todanelo.com\/ca\/#\/schema\/logo\/image\/\",\"url\":\"https:\/\/www.todanelo.com\/wp-content\/uploads\/logo-todanelo.png\",\"contentUrl\":\"https:\/\/www.todanelo.com\/wp-content\/uploads\/logo-todanelo.png\",\"width\":390,\"height\":161,\"caption\":\"Toda &amp; Nel-lo Abogados\"},\"image\":{\"@id\":\"https:\/\/www.todanelo.com\/ca\/#\/schema\/logo\/image\/\"}}]}<\/script>\n<!-- \/ Yoast SEO plugin. -->","yoast_head_json":{"title":"International Desk - Toda &amp; Nel-lo Abogados","description":"La nostra Missi\u00f3 Toda &amp; Nel-lo disposa d'un equip d'advocats especialitzats en l'\u00e0rea internacional, per donar suport i assessorament a empreses i","robots":{"index":"index","follow":"follow","max-snippet":"max-snippet:-1","max-image-preview":"max-image-preview:large","max-video-preview":"max-video-preview:-1"},"canonical":"https:\/\/www.todanelo.com\/ca\/internacional-desk\/","og_locale":"ca_ES","og_type":"article","og_title":"International Desk - Toda &amp; Nel-lo Abogados","og_description":"La nostra Missi\u00f3 Toda &amp; Nel-lo disposa d'un equip d'advocats especialitzats en l'\u00e0rea internacional, per donar suport i assessorament a empreses i","og_url":"https:\/\/www.todanelo.com\/ca\/internacional-desk\/","og_site_name":"Toda &amp; Nel-lo Abogados","article_modified_time":"2025-06-18T09:46:40+00:00","og_image":[{"url":"https:\/\/www.todanelo.com\/wp-content\/uploads\/lni-logo-black.png","type":"","width":"","height":""}],"twitter_card":"summary_large_image","twitter_misc":{"Temps estimat de lectura":"3 minuts"},"schema":{"@context":"https:\/\/schema.org","@graph":[{"@type":"WebPage","@id":"https:\/\/www.todanelo.com\/ca\/internacional-desk\/","url":"https:\/\/www.todanelo.com\/ca\/internacional-desk\/","name":"International Desk - Toda &amp; Nel-lo Abogados","isPartOf":{"@id":"https:\/\/www.todanelo.com\/ca\/#website"},"primaryImageOfPage":{"@id":"https:\/\/www.todanelo.com\/ca\/internacional-desk\/#primaryimage"},"image":{"@id":"https:\/\/www.todanelo.com\/ca\/internacional-desk\/#primaryimage"},"thumbnailUrl":"https:\/\/www.todanelo.com\/wp-content\/uploads\/lni-logo-black.png","datePublished":"2024-10-24T10:52:32+00:00","dateModified":"2025-06-18T09:46:40+00:00","description":"La nostra Missi\u00f3 Toda &amp; Nel-lo disposa d'un equip d'advocats especialitzats en l'\u00e0rea internacional, per donar suport i assessorament a empreses i","breadcrumb":{"@id":"https:\/\/www.todanelo.com\/ca\/internacional-desk\/#breadcrumb"},"inLanguage":"ca","potentialAction":[{"@type":"ReadAction","target":["https:\/\/www.todanelo.com\/ca\/internacional-desk\/"]}]},{"@type":"ImageObject","inLanguage":"ca","@id":"https:\/\/www.todanelo.com\/ca\/internacional-desk\/#primaryimage","url":"https:\/\/www.todanelo.com\/wp-content\/uploads\/lni-logo-black.png","contentUrl":"https:\/\/www.todanelo.com\/wp-content\/uploads\/lni-logo-black.png"},{"@type":"BreadcrumbList","@id":"https:\/\/www.todanelo.com\/ca\/internacional-desk\/#breadcrumb","itemListElement":[{"@type":"ListItem","position":1,"name":"Inicio","item":"https:\/\/www.todanelo.com\/ca\/"},{"@type":"ListItem","position":2,"name":"International Desk"}]},{"@type":"WebSite","@id":"https:\/\/www.todanelo.com\/ca\/#website","url":"https:\/\/www.todanelo.com\/ca\/","name":"Toda &amp; Nel-lo Abogados","description":"Despatx de jur\u00eddic a Barcelona i Madrid","publisher":{"@id":"https:\/\/www.todanelo.com\/ca\/#organization"},"potentialAction":[{"@type":"SearchAction","target":{"@type":"EntryPoint","urlTemplate":"https:\/\/www.todanelo.com\/ca\/?s={search_term_string}"},"query-input":{"@type":"PropertyValueSpecification","valueRequired":true,"valueName":"search_term_string"}}],"inLanguage":"ca"},{"@type":"Organization","@id":"https:\/\/www.todanelo.com\/ca\/#organization","name":"Toda &amp; Nel-lo Abogados","url":"https:\/\/www.todanelo.com\/ca\/","logo":{"@type":"ImageObject","inLanguage":"ca","@id":"https:\/\/www.todanelo.com\/ca\/#\/schema\/logo\/image\/","url":"https:\/\/www.todanelo.com\/wp-content\/uploads\/logo-todanelo.png","contentUrl":"https:\/\/www.todanelo.com\/wp-content\/uploads\/logo-todanelo.png","width":390,"height":161,"caption":"Toda &amp; Nel-lo Abogados"},"image":{"@id":"https:\/\/www.todanelo.com\/ca\/#\/schema\/logo\/image\/"}}]}},"_links":{"self":[{"href":"https:\/\/www.todanelo.com\/ca\/wp-json\/wp\/v2\/pages\/2131","targetHints":{"allow":["GET"]}}],"collection":[{"href":"https:\/\/www.todanelo.com\/ca\/wp-json\/wp\/v2\/pages"}],"about":[{"href":"https:\/\/www.todanelo.com\/ca\/wp-json\/wp\/v2\/types\/page"}],"author":[{"embeddable":true,"href":"https:\/\/www.todanelo.com\/ca\/wp-json\/wp\/v2\/users\/1"}],"replies":[{"embeddable":true,"href":"https:\/\/www.todanelo.com\/ca\/wp-json\/wp\/v2\/comments?post=2131"}],"version-history":[{"count":0,"href":"https:\/\/www.todanelo.com\/ca\/wp-json\/wp\/v2\/pages\/2131\/revisions"}],"wp:attachment":[{"href":"https:\/\/www.todanelo.com\/ca\/wp-json\/wp\/v2\/media?parent=2131"}],"curies":[{"name":"wp","href":"https:\/\/api.w.org\/{rel}","templated":true}]}}