{"id":2123,"date":"2024-12-23T12:01:55","date_gmt":"2024-12-23T12:01:55","guid":{"rendered":"https:\/\/beta.todanelo.com\/?page_id=2123"},"modified":"2024-12-23T12:03:41","modified_gmt":"2024-12-23T12:03:41","slug":"vendre-la-seva-empresa","status":"publish","type":"page","link":"https:\/\/www.todanelo.com\/ca\/vendre-la-seva-empresa\/","title":{"rendered":"Vendre la seva empresa"},"content":{"rendered":"\n<p>Quan es tracta de <strong>vendre les accions o participacions d\u2019una societat espanyola<\/strong>, \u00e9s necessari plantejar-se una <strong>s\u00e8rie de preguntes en l\u2019\u00e0mbit fiscal<\/strong>. Aix\u00ed, la situaci\u00f3 pot comportar certes \u00a0complexitats quan, per exemple, una societat <strong>holding luxemburguesa<\/strong> ven les seves participacions d\u2019una <strong>societat espanyola<\/strong> a un <strong>comprador franc\u00e8s<\/strong>:<\/p>\n<ul>\n<li>\u00bf<strong>Quins impostos<\/strong> s\u2019han de pagar i on? \u00bf<strong>Qui<\/strong> \u00e9s l\u2019obligat tributari de pagar-los\u00a0 i en quins terminis?<\/li>\n<li>\u00bfS\u2019han d\u2019efectuar <strong>tr\u00e0mits a l\u2019Administraci\u00f3 Estatal de Ag\u00e8ncia Tribut\u00e0ria o a la Ag\u00e8ncia Tribut\u00e0ria de la Comunitat Aut\u00f2noma,<\/strong> tot i que es tributi a un altre pa\u00eds?<\/li>\n<li>I, \u00bfqu\u00e8 succeeix si existeixen \u00a0b\u00e9ns <strong>immobles<\/strong> en el balan\u00e7 de la Societat espanyola?<\/li>\n<\/ul>\n<p>Essent un <strong>soci persona f\u00edsica o una Holding,<\/strong> \u00e9s molt important determinar amb anterioritat \u00a0aquests aspectes fiscals, perqu\u00e8 la c\u00e0rrega impositiva pot variar enormement en funci\u00f3 de la <strong>planificaci\u00f3 i tramitaci\u00f3 <\/strong>que es faci en relaci\u00f3 a la venda en q\u00fcesti\u00f3, fins al punt de\u00a0 fer (o no fer) econ\u00f2micament atractiva l\u2019operaci\u00f3 per les parts intervinents.<\/p>\n<p>No dubti en consultar-nos per a dur a terme totes les seves operacions amb la <strong>seguretat jur\u00eddica que es requereix<\/strong> sense renunciar a la vegada a <strong>optimitzar la tributaci\u00f3,<\/strong> ja que l\u2019ajudarem a:<\/p>\n<ul>\n<li><strong>Identificar<\/strong> i <strong>adaptar<\/strong> la situaci\u00f3 a la norma fiscal aplicable en mat\u00e8ria de fiscalitat internacional, <strong>coordinant l\u2019assessorament fiscal<\/strong> de les diferents jurisdiccions involucrades.<\/li>\n<li><strong>Dissenyar <\/strong>i, en el seu cas, implementar noves <strong>estructures d\u2019inversi\u00f3<\/strong> internacional o a simplificar les ja existents.<\/li>\n<\/ul>\n<ul>\n<li><strong>Organitzar<\/strong> i <strong>tramitar<\/strong> las operacions de compravenda, en els seus diferents aspectes <strong>jur\u00eddics i\/o tributaris<\/strong> i tamb\u00e9 <strong>assistir-lo<\/strong> en els tr\u00e0mits fiscals a Espa\u00f1a;<\/li>\n<\/ul>\n<ul>\n<li><strong>Assessorar-los<\/strong> amb el temps necessari perqu\u00e8 puguin vendre les seves accions i\/o participacions espanyoles amb <strong>serenitat i<\/strong>, en la mesura de lo possible,<strong> optimitzant el preu de venda.<\/strong><\/li>\n<\/ul>\n<p>Per qualsevol pregunta vinculada amb la transmissi\u00f3 de les seves accions o participacions, o amb la reestructuraci\u00f3 de la seva empresa espanyola por contactar-nos:<\/p>\n<p>Tel\u00e8fon: +34 93 363 40 00 (Barcelona) \/ +34 91 700 21 00 (Madrid)<\/p>\n<p>E-mail: <a href=\"mailto:comunicacion@todanelo.com\">comunicacion@todanelo.com<\/a><\/p>\n","protected":false},"excerpt":{"rendered":"<p>Quan es tracta de vendre les accions o participacions d\u2019una societat espanyola, \u00e9s necessari plantejar-se una s\u00e8rie de preguntes en l\u2019\u00e0mbit fiscal. Aix\u00ed, la situaci\u00f3 pot comportar certes \u00a0complexitats quan, &hellip;<\/p>\n","protected":false},"author":1,"featured_media":0,"parent":0,"menu_order":0,"comment_status":"closed","ping_status":"closed","template":"","meta":{"_acf_changed":false,"footnotes":""},"class_list":["post-2123","page","type-page","status-publish","hentry"],"acf":[],"yoast_head":"<!-- This site is optimized with the Yoast SEO plugin v27.2 - https:\/\/yoast.com\/product\/yoast-seo-wordpress\/ -->\n<title>Vendre la seva empresa - Toda &amp; Nel-lo Abogados<\/title>\n<meta name=\"description\" content=\"Quan es tracta de vendre les accions o participacions d\u2019una societat espanyola, \u00e9s necessari plantejar-se una s\u00e8rie de preguntes en l\u2019\u00e0mbit fiscal. Aix\u00ed,\" \/>\n<meta name=\"robots\" content=\"index, follow, max-snippet:-1, max-image-preview:large, max-video-preview:-1\" \/>\n<link rel=\"canonical\" href=\"https:\/\/www.todanelo.com\/ca\/vendre-la-seva-empresa\/\" \/>\n<meta property=\"og:locale\" content=\"ca_ES\" \/>\n<meta property=\"og:type\" content=\"article\" \/>\n<meta property=\"og:title\" content=\"Vendre la seva empresa - Toda &amp; Nel-lo Abogados\" \/>\n<meta property=\"og:description\" content=\"Quan es tracta de vendre les accions o participacions d\u2019una societat espanyola, \u00e9s necessari plantejar-se una s\u00e8rie de preguntes en l\u2019\u00e0mbit fiscal. Aix\u00ed,\" \/>\n<meta property=\"og:url\" content=\"https:\/\/www.todanelo.com\/ca\/vendre-la-seva-empresa\/\" \/>\n<meta property=\"og:site_name\" content=\"Toda &amp; Nel-lo Abogados\" \/>\n<meta property=\"article:modified_time\" content=\"2024-12-23T12:03:41+00:00\" \/>\n<meta name=\"twitter:card\" content=\"summary_large_image\" \/>\n<meta name=\"twitter:label1\" content=\"Temps estimat de lectura\" \/>\n\t<meta name=\"twitter:data1\" content=\"2 minuts\" \/>\n<script type=\"application\/ld+json\" class=\"yoast-schema-graph\">{\"@context\":\"https:\/\/schema.org\",\"@graph\":[{\"@type\":\"WebPage\",\"@id\":\"https:\/\/www.todanelo.com\/ca\/vendre-la-seva-empresa\/\",\"url\":\"https:\/\/www.todanelo.com\/ca\/vendre-la-seva-empresa\/\",\"name\":\"Vendre la seva empresa - Toda &amp; Nel-lo Abogados\",\"isPartOf\":{\"@id\":\"https:\/\/www.todanelo.com\/ca\/#website\"},\"datePublished\":\"2024-12-23T12:01:55+00:00\",\"dateModified\":\"2024-12-23T12:03:41+00:00\",\"description\":\"Quan es tracta de vendre les accions o participacions d\u2019una societat espanyola, \u00e9s necessari plantejar-se una s\u00e8rie de preguntes en l\u2019\u00e0mbit fiscal. Aix\u00ed,\",\"breadcrumb\":{\"@id\":\"https:\/\/www.todanelo.com\/ca\/vendre-la-seva-empresa\/#breadcrumb\"},\"inLanguage\":\"ca\",\"potentialAction\":[{\"@type\":\"ReadAction\",\"target\":[\"https:\/\/www.todanelo.com\/ca\/vendre-la-seva-empresa\/\"]}]},{\"@type\":\"BreadcrumbList\",\"@id\":\"https:\/\/www.todanelo.com\/ca\/vendre-la-seva-empresa\/#breadcrumb\",\"itemListElement\":[{\"@type\":\"ListItem\",\"position\":1,\"name\":\"Inicio\",\"item\":\"https:\/\/www.todanelo.com\/ca\/\"},{\"@type\":\"ListItem\",\"position\":2,\"name\":\"Vendre la seva empresa\"}]},{\"@type\":\"WebSite\",\"@id\":\"https:\/\/www.todanelo.com\/ca\/#website\",\"url\":\"https:\/\/www.todanelo.com\/ca\/\",\"name\":\"Toda &amp; Nel-lo Abogados\",\"description\":\"Despatx de jur\u00eddic a Barcelona i Madrid\",\"publisher\":{\"@id\":\"https:\/\/www.todanelo.com\/ca\/#organization\"},\"potentialAction\":[{\"@type\":\"SearchAction\",\"target\":{\"@type\":\"EntryPoint\",\"urlTemplate\":\"https:\/\/www.todanelo.com\/ca\/?s={search_term_string}\"},\"query-input\":{\"@type\":\"PropertyValueSpecification\",\"valueRequired\":true,\"valueName\":\"search_term_string\"}}],\"inLanguage\":\"ca\"},{\"@type\":\"Organization\",\"@id\":\"https:\/\/www.todanelo.com\/ca\/#organization\",\"name\":\"Toda &amp; Nel-lo Abogados\",\"url\":\"https:\/\/www.todanelo.com\/ca\/\",\"logo\":{\"@type\":\"ImageObject\",\"inLanguage\":\"ca\",\"@id\":\"https:\/\/www.todanelo.com\/ca\/#\/schema\/logo\/image\/\",\"url\":\"https:\/\/www.todanelo.com\/wp-content\/uploads\/logo-todanelo.png\",\"contentUrl\":\"https:\/\/www.todanelo.com\/wp-content\/uploads\/logo-todanelo.png\",\"width\":390,\"height\":161,\"caption\":\"Toda &amp; Nel-lo Abogados\"},\"image\":{\"@id\":\"https:\/\/www.todanelo.com\/ca\/#\/schema\/logo\/image\/\"}}]}<\/script>\n<!-- \/ Yoast SEO plugin. -->","yoast_head_json":{"title":"Vendre la seva empresa - Toda &amp; Nel-lo Abogados","description":"Quan es tracta de vendre les accions o participacions d\u2019una societat espanyola, \u00e9s necessari plantejar-se una s\u00e8rie de preguntes en l\u2019\u00e0mbit fiscal. Aix\u00ed,","robots":{"index":"index","follow":"follow","max-snippet":"max-snippet:-1","max-image-preview":"max-image-preview:large","max-video-preview":"max-video-preview:-1"},"canonical":"https:\/\/www.todanelo.com\/ca\/vendre-la-seva-empresa\/","og_locale":"ca_ES","og_type":"article","og_title":"Vendre la seva empresa - Toda &amp; Nel-lo Abogados","og_description":"Quan es tracta de vendre les accions o participacions d\u2019una societat espanyola, \u00e9s necessari plantejar-se una s\u00e8rie de preguntes en l\u2019\u00e0mbit fiscal. Aix\u00ed,","og_url":"https:\/\/www.todanelo.com\/ca\/vendre-la-seva-empresa\/","og_site_name":"Toda &amp; Nel-lo Abogados","article_modified_time":"2024-12-23T12:03:41+00:00","twitter_card":"summary_large_image","twitter_misc":{"Temps estimat de lectura":"2 minuts"},"schema":{"@context":"https:\/\/schema.org","@graph":[{"@type":"WebPage","@id":"https:\/\/www.todanelo.com\/ca\/vendre-la-seva-empresa\/","url":"https:\/\/www.todanelo.com\/ca\/vendre-la-seva-empresa\/","name":"Vendre la seva empresa - Toda &amp; Nel-lo Abogados","isPartOf":{"@id":"https:\/\/www.todanelo.com\/ca\/#website"},"datePublished":"2024-12-23T12:01:55+00:00","dateModified":"2024-12-23T12:03:41+00:00","description":"Quan es tracta de vendre les accions o participacions d\u2019una societat espanyola, \u00e9s necessari plantejar-se una s\u00e8rie de preguntes en l\u2019\u00e0mbit fiscal. Aix\u00ed,","breadcrumb":{"@id":"https:\/\/www.todanelo.com\/ca\/vendre-la-seva-empresa\/#breadcrumb"},"inLanguage":"ca","potentialAction":[{"@type":"ReadAction","target":["https:\/\/www.todanelo.com\/ca\/vendre-la-seva-empresa\/"]}]},{"@type":"BreadcrumbList","@id":"https:\/\/www.todanelo.com\/ca\/vendre-la-seva-empresa\/#breadcrumb","itemListElement":[{"@type":"ListItem","position":1,"name":"Inicio","item":"https:\/\/www.todanelo.com\/ca\/"},{"@type":"ListItem","position":2,"name":"Vendre la seva empresa"}]},{"@type":"WebSite","@id":"https:\/\/www.todanelo.com\/ca\/#website","url":"https:\/\/www.todanelo.com\/ca\/","name":"Toda &amp; Nel-lo Abogados","description":"Despatx de jur\u00eddic a Barcelona i Madrid","publisher":{"@id":"https:\/\/www.todanelo.com\/ca\/#organization"},"potentialAction":[{"@type":"SearchAction","target":{"@type":"EntryPoint","urlTemplate":"https:\/\/www.todanelo.com\/ca\/?s={search_term_string}"},"query-input":{"@type":"PropertyValueSpecification","valueRequired":true,"valueName":"search_term_string"}}],"inLanguage":"ca"},{"@type":"Organization","@id":"https:\/\/www.todanelo.com\/ca\/#organization","name":"Toda &amp; Nel-lo Abogados","url":"https:\/\/www.todanelo.com\/ca\/","logo":{"@type":"ImageObject","inLanguage":"ca","@id":"https:\/\/www.todanelo.com\/ca\/#\/schema\/logo\/image\/","url":"https:\/\/www.todanelo.com\/wp-content\/uploads\/logo-todanelo.png","contentUrl":"https:\/\/www.todanelo.com\/wp-content\/uploads\/logo-todanelo.png","width":390,"height":161,"caption":"Toda &amp; Nel-lo Abogados"},"image":{"@id":"https:\/\/www.todanelo.com\/ca\/#\/schema\/logo\/image\/"}}]}},"_links":{"self":[{"href":"https:\/\/www.todanelo.com\/ca\/wp-json\/wp\/v2\/pages\/2123","targetHints":{"allow":["GET"]}}],"collection":[{"href":"https:\/\/www.todanelo.com\/ca\/wp-json\/wp\/v2\/pages"}],"about":[{"href":"https:\/\/www.todanelo.com\/ca\/wp-json\/wp\/v2\/types\/page"}],"author":[{"embeddable":true,"href":"https:\/\/www.todanelo.com\/ca\/wp-json\/wp\/v2\/users\/1"}],"replies":[{"embeddable":true,"href":"https:\/\/www.todanelo.com\/ca\/wp-json\/wp\/v2\/comments?post=2123"}],"version-history":[{"count":0,"href":"https:\/\/www.todanelo.com\/ca\/wp-json\/wp\/v2\/pages\/2123\/revisions"}],"wp:attachment":[{"href":"https:\/\/www.todanelo.com\/ca\/wp-json\/wp\/v2\/media?parent=2123"}],"curies":[{"name":"wp","href":"https:\/\/api.w.org\/{rel}","templated":true}]}}