{"id":2114,"date":"2024-12-23T11:56:21","date_gmt":"2024-12-23T11:56:21","guid":{"rendered":"https:\/\/beta.todanelo.com\/?page_id=2114"},"modified":"2024-12-23T11:59:48","modified_gmt":"2024-12-23T11:59:48","slug":"els-assistim-en-la-creacio-del-seu-negoci-en-espanya","status":"publish","type":"page","link":"https:\/\/www.todanelo.com\/ca\/els-assistim-en-la-creacio-del-seu-negoci-en-espanya\/","title":{"rendered":"Els assistim en la creaci\u00f3 del seu negoci en Espanya"},"content":{"rendered":"\n<h3>Pack \u201cStarting your business\u201d<\/h3>\n<p>Toda &amp; Nel-lo assessora i assisteix a societats estrangeres i\/o a \u00a0empresaris individuals per <strong>implantar les seves \u00a0empreses a Espanya<\/strong>. Tant si vost\u00e8 \u00e9s un jove empresari o b\u00e9 una societat consolidada que desitja desenvolupar el seu negoci, <strong>nosaltres els assistirem per tal de trobar les eines que millor s\u2019adaptin al seu projecte<\/strong>:<\/p>\n<ul>\n<li>Guiant-los en l\u2019elecci\u00f3 de la millor estructura: una nova societat, la implantaci\u00f3 d\u2019una filial o d\u2019una sucursal, l\u2019alta al r\u00e8gim especial de treballadors aut\u00f2noms,\u2026<\/li>\n<li>Ajudant-los a efectuar els tr\u00e0mits necessaris davant del Registre Mercantil, l\u2019Administraci\u00f3 fiscal espanyola, la Seguretat Social;<\/li>\n<li>Trobant-les-hi una seu social, negociant el seu contracte de lloguer o el contracte amb el seu distribu\u00efdor, contractant al seu primer treballador;<\/li>\n<li>Aconsellant-los en mat\u00e8ria d\u2019impostos tals com l\u2019IVA, els principis comptables espanyols, la imposici\u00f3 directa dels administradors.<\/li>\n<\/ul>\n<p>L\u2019equip especialitzat en Dret International es troba format per advocats que compten amb una <strong>gran experi\u00e8ncia en assumptes internacionals<\/strong> i que parlen espanyol, catal\u00e0, angl\u00e8s, alemany, holand\u00e8s o franc\u00e8s.<\/p>\n<p>No dubti en contactar-nos perqu\u00e8 junts definim el vostre pack a mesura \u201cStarting your business\u201d.<\/p>\n<p>Tel\u00e8fon: +34 93 363 40 00\u00a0(Barcelona) \/ +34 91 700 21 00 (Madrid)<\/p>\n<p>E-mail: <a href=\"mailto:comunicacion@todanelo.com\">comunicacion@todanelo.com<\/a><\/p>\n","protected":false},"excerpt":{"rendered":"<p>Pack \u201cStarting your business\u201d Toda &amp; Nel-lo assessora i assisteix a societats estrangeres i\/o a \u00a0empresaris individuals per implantar les seves \u00a0empreses a Espanya. Tant si vost\u00e8 \u00e9s un jove &hellip;<\/p>\n","protected":false},"author":1,"featured_media":0,"parent":0,"menu_order":0,"comment_status":"closed","ping_status":"closed","template":"","meta":{"_acf_changed":false,"footnotes":""},"class_list":["post-2114","page","type-page","status-publish","hentry"],"acf":[],"yoast_head":"<!-- This site is optimized with the Yoast SEO plugin v27.2 - https:\/\/yoast.com\/product\/yoast-seo-wordpress\/ -->\n<title>Els assistim en la creaci\u00f3 del seu negoci en Espanya - Toda &amp; Nel-lo Abogados<\/title>\n<meta name=\"description\" content=\"Pack \u201cStarting your business\u201d Toda &amp; Nel-lo assessora i assisteix a societats estrangeres i\/o a \u00a0empresaris individuals per implantar les seves\" \/>\n<meta name=\"robots\" content=\"index, follow, max-snippet:-1, max-image-preview:large, max-video-preview:-1\" \/>\n<link rel=\"canonical\" href=\"https:\/\/www.todanelo.com\/ca\/els-assistim-en-la-creacio-del-seu-negoci-en-espanya\/\" \/>\n<meta property=\"og:locale\" content=\"ca_ES\" \/>\n<meta property=\"og:type\" content=\"article\" \/>\n<meta property=\"og:title\" content=\"Els assistim en la creaci\u00f3 del seu negoci en Espanya - Toda &amp; Nel-lo Abogados\" \/>\n<meta property=\"og:description\" content=\"Pack \u201cStarting your business\u201d Toda &amp; Nel-lo assessora i assisteix a societats estrangeres i\/o a \u00a0empresaris individuals per implantar les seves\" \/>\n<meta property=\"og:url\" content=\"https:\/\/www.todanelo.com\/ca\/els-assistim-en-la-creacio-del-seu-negoci-en-espanya\/\" \/>\n<meta property=\"og:site_name\" content=\"Toda &amp; Nel-lo Abogados\" \/>\n<meta property=\"article:modified_time\" content=\"2024-12-23T11:59:48+00:00\" \/>\n<meta name=\"twitter:card\" content=\"summary_large_image\" \/>\n<meta name=\"twitter:label1\" content=\"Temps estimat de lectura\" \/>\n\t<meta name=\"twitter:data1\" content=\"1 minut\" \/>\n<script type=\"application\/ld+json\" class=\"yoast-schema-graph\">{\"@context\":\"https:\/\/schema.org\",\"@graph\":[{\"@type\":\"WebPage\",\"@id\":\"https:\/\/www.todanelo.com\/ca\/els-assistim-en-la-creacio-del-seu-negoci-en-espanya\/\",\"url\":\"https:\/\/www.todanelo.com\/ca\/els-assistim-en-la-creacio-del-seu-negoci-en-espanya\/\",\"name\":\"Els assistim en la creaci\u00f3 del seu negoci en Espanya - Toda &amp; Nel-lo Abogados\",\"isPartOf\":{\"@id\":\"https:\/\/www.todanelo.com\/ca\/#website\"},\"datePublished\":\"2024-12-23T11:56:21+00:00\",\"dateModified\":\"2024-12-23T11:59:48+00:00\",\"description\":\"Pack \u201cStarting your business\u201d Toda &amp; Nel-lo assessora i assisteix a societats estrangeres i\/o a \u00a0empresaris individuals per implantar les seves\",\"breadcrumb\":{\"@id\":\"https:\/\/www.todanelo.com\/ca\/els-assistim-en-la-creacio-del-seu-negoci-en-espanya\/#breadcrumb\"},\"inLanguage\":\"ca\",\"potentialAction\":[{\"@type\":\"ReadAction\",\"target\":[\"https:\/\/www.todanelo.com\/ca\/els-assistim-en-la-creacio-del-seu-negoci-en-espanya\/\"]}]},{\"@type\":\"BreadcrumbList\",\"@id\":\"https:\/\/www.todanelo.com\/ca\/els-assistim-en-la-creacio-del-seu-negoci-en-espanya\/#breadcrumb\",\"itemListElement\":[{\"@type\":\"ListItem\",\"position\":1,\"name\":\"Inicio\",\"item\":\"https:\/\/www.todanelo.com\/ca\/\"},{\"@type\":\"ListItem\",\"position\":2,\"name\":\"Els assistim en la creaci\u00f3 del seu negoci en Espanya\"}]},{\"@type\":\"WebSite\",\"@id\":\"https:\/\/www.todanelo.com\/ca\/#website\",\"url\":\"https:\/\/www.todanelo.com\/ca\/\",\"name\":\"Toda &amp; Nel-lo Abogados\",\"description\":\"Despatx de jur\u00eddic a Barcelona i Madrid\",\"publisher\":{\"@id\":\"https:\/\/www.todanelo.com\/ca\/#organization\"},\"potentialAction\":[{\"@type\":\"SearchAction\",\"target\":{\"@type\":\"EntryPoint\",\"urlTemplate\":\"https:\/\/www.todanelo.com\/ca\/?s={search_term_string}\"},\"query-input\":{\"@type\":\"PropertyValueSpecification\",\"valueRequired\":true,\"valueName\":\"search_term_string\"}}],\"inLanguage\":\"ca\"},{\"@type\":\"Organization\",\"@id\":\"https:\/\/www.todanelo.com\/ca\/#organization\",\"name\":\"Toda &amp; Nel-lo Abogados\",\"url\":\"https:\/\/www.todanelo.com\/ca\/\",\"logo\":{\"@type\":\"ImageObject\",\"inLanguage\":\"ca\",\"@id\":\"https:\/\/www.todanelo.com\/ca\/#\/schema\/logo\/image\/\",\"url\":\"https:\/\/www.todanelo.com\/wp-content\/uploads\/logo-todanelo.png\",\"contentUrl\":\"https:\/\/www.todanelo.com\/wp-content\/uploads\/logo-todanelo.png\",\"width\":390,\"height\":161,\"caption\":\"Toda &amp; Nel-lo Abogados\"},\"image\":{\"@id\":\"https:\/\/www.todanelo.com\/ca\/#\/schema\/logo\/image\/\"}}]}<\/script>\n<!-- \/ Yoast SEO plugin. -->","yoast_head_json":{"title":"Els assistim en la creaci\u00f3 del seu negoci en Espanya - Toda &amp; Nel-lo Abogados","description":"Pack \u201cStarting your business\u201d Toda &amp; Nel-lo assessora i assisteix a societats estrangeres i\/o a \u00a0empresaris individuals per implantar les seves","robots":{"index":"index","follow":"follow","max-snippet":"max-snippet:-1","max-image-preview":"max-image-preview:large","max-video-preview":"max-video-preview:-1"},"canonical":"https:\/\/www.todanelo.com\/ca\/els-assistim-en-la-creacio-del-seu-negoci-en-espanya\/","og_locale":"ca_ES","og_type":"article","og_title":"Els assistim en la creaci\u00f3 del seu negoci en Espanya - Toda &amp; Nel-lo Abogados","og_description":"Pack \u201cStarting your business\u201d Toda &amp; Nel-lo assessora i assisteix a societats estrangeres i\/o a \u00a0empresaris individuals per implantar les seves","og_url":"https:\/\/www.todanelo.com\/ca\/els-assistim-en-la-creacio-del-seu-negoci-en-espanya\/","og_site_name":"Toda &amp; Nel-lo Abogados","article_modified_time":"2024-12-23T11:59:48+00:00","twitter_card":"summary_large_image","twitter_misc":{"Temps estimat de lectura":"1 minut"},"schema":{"@context":"https:\/\/schema.org","@graph":[{"@type":"WebPage","@id":"https:\/\/www.todanelo.com\/ca\/els-assistim-en-la-creacio-del-seu-negoci-en-espanya\/","url":"https:\/\/www.todanelo.com\/ca\/els-assistim-en-la-creacio-del-seu-negoci-en-espanya\/","name":"Els assistim en la creaci\u00f3 del seu negoci en Espanya - Toda &amp; Nel-lo Abogados","isPartOf":{"@id":"https:\/\/www.todanelo.com\/ca\/#website"},"datePublished":"2024-12-23T11:56:21+00:00","dateModified":"2024-12-23T11:59:48+00:00","description":"Pack \u201cStarting your business\u201d Toda &amp; Nel-lo assessora i assisteix a societats estrangeres i\/o a \u00a0empresaris individuals per implantar les seves","breadcrumb":{"@id":"https:\/\/www.todanelo.com\/ca\/els-assistim-en-la-creacio-del-seu-negoci-en-espanya\/#breadcrumb"},"inLanguage":"ca","potentialAction":[{"@type":"ReadAction","target":["https:\/\/www.todanelo.com\/ca\/els-assistim-en-la-creacio-del-seu-negoci-en-espanya\/"]}]},{"@type":"BreadcrumbList","@id":"https:\/\/www.todanelo.com\/ca\/els-assistim-en-la-creacio-del-seu-negoci-en-espanya\/#breadcrumb","itemListElement":[{"@type":"ListItem","position":1,"name":"Inicio","item":"https:\/\/www.todanelo.com\/ca\/"},{"@type":"ListItem","position":2,"name":"Els assistim en la creaci\u00f3 del seu negoci en Espanya"}]},{"@type":"WebSite","@id":"https:\/\/www.todanelo.com\/ca\/#website","url":"https:\/\/www.todanelo.com\/ca\/","name":"Toda &amp; Nel-lo Abogados","description":"Despatx de jur\u00eddic a Barcelona i Madrid","publisher":{"@id":"https:\/\/www.todanelo.com\/ca\/#organization"},"potentialAction":[{"@type":"SearchAction","target":{"@type":"EntryPoint","urlTemplate":"https:\/\/www.todanelo.com\/ca\/?s={search_term_string}"},"query-input":{"@type":"PropertyValueSpecification","valueRequired":true,"valueName":"search_term_string"}}],"inLanguage":"ca"},{"@type":"Organization","@id":"https:\/\/www.todanelo.com\/ca\/#organization","name":"Toda &amp; Nel-lo Abogados","url":"https:\/\/www.todanelo.com\/ca\/","logo":{"@type":"ImageObject","inLanguage":"ca","@id":"https:\/\/www.todanelo.com\/ca\/#\/schema\/logo\/image\/","url":"https:\/\/www.todanelo.com\/wp-content\/uploads\/logo-todanelo.png","contentUrl":"https:\/\/www.todanelo.com\/wp-content\/uploads\/logo-todanelo.png","width":390,"height":161,"caption":"Toda &amp; Nel-lo Abogados"},"image":{"@id":"https:\/\/www.todanelo.com\/ca\/#\/schema\/logo\/image\/"}}]}},"_links":{"self":[{"href":"https:\/\/www.todanelo.com\/ca\/wp-json\/wp\/v2\/pages\/2114","targetHints":{"allow":["GET"]}}],"collection":[{"href":"https:\/\/www.todanelo.com\/ca\/wp-json\/wp\/v2\/pages"}],"about":[{"href":"https:\/\/www.todanelo.com\/ca\/wp-json\/wp\/v2\/types\/page"}],"author":[{"embeddable":true,"href":"https:\/\/www.todanelo.com\/ca\/wp-json\/wp\/v2\/users\/1"}],"replies":[{"embeddable":true,"href":"https:\/\/www.todanelo.com\/ca\/wp-json\/wp\/v2\/comments?post=2114"}],"version-history":[{"count":0,"href":"https:\/\/www.todanelo.com\/ca\/wp-json\/wp\/v2\/pages\/2114\/revisions"}],"wp:attachment":[{"href":"https:\/\/www.todanelo.com\/ca\/wp-json\/wp\/v2\/media?parent=2114"}],"curies":[{"name":"wp","href":"https:\/\/api.w.org\/{rel}","templated":true}]}}